{"id":766465,"date":"2025-08-28T12:14:39","date_gmt":"2025-08-28T09:14:39","guid":{"rendered":"https:\/\/roveyayinevi.com.tr\/index.php\/urun\/bazen-utangac\/"},"modified":"2026-04-15T03:32:14","modified_gmt":"2026-04-15T00:32:14","slug":"bazen-utangac","status":"publish","type":"product","link":"https:\/\/roveyayinevi.com.tr\/index.php\/urun\/bazen-utangac\/","title":{"rendered":"Bazen Utanga\u00e7"},"content":{"rendered":"<p>UTANGA\u00c7LI\u011eIN DA GELG\u0130TLER\u0130 OLAB\u0130L\u0130R. TIPKI OKYANUS G\u0130B\u0130\u2026Durumsal utanga\u00e7l\u0131kla ilgili bu \u015fiirsel hik\u00e2yede, sessiz, duyarl\u0131 bir \u00e7ocuk utanga\u00e7l\u0131\u011f\u0131n yaln\u0131zca insanlara \u00f6zg\u00fc bir nitelik olmad\u0131\u011f\u0131n\u0131 g\u00f6zlemliyor \u2013 G\u00fcne\u015f ilkin perdenin aral\u0131\u011f\u0131ndan usulca s\u0131z\u0131yor, sabah okyanusun minik dalgalar\u0131 hafif\u00e7e vuruyor k\u0131y\u0131ya. Sonra G\u00fcne\u015f t\u00fcm kasabay\u0131 ayd\u0131nlat\u0131yor, gelgitle y\u00fckselen okyanusun dalgalar\u0131 kabar\u0131p k\u00fckr\u00fcyor. \u00c7ocuk da t\u0131pk\u0131 bunun gibi ko\u015fullar uygun oldu\u011funda duygular\u0131n\u0131 payla\u015fmaktan hi\u00e7 \u00e7ekinmiyor.JULIE BLIVEN \u00e7ocuk edebiyat\u0131 alan\u0131nda y\u00fcksek lisans yapt\u0131; on y\u0131ldan uzun s\u00fcredir \u00e7ocuk kitaplar\u0131 edit\u00f6r\u00fc olarak \u00e7al\u0131\u015f\u0131yor. Yarmouth, Maine\u2019de ya\u015f\u0131yor.DANG KHOA TRAN merakl\u0131 ama biraz utanga\u00e7 ve ke\u015ffetmekten \u00e7ekinen bir \u00e7ocuktu. \u015eimdi sanat\u0131 arac\u0131l\u0131\u011f\u0131yla ke\u015ffediyor. Vietnam\u2019da ya\u015f\u0131yor.<\/p>\n","protected":false},"excerpt":{"rendered":"<p>UTANGA\u00c7LI\u011eIN DA GELG\u0130TLER\u0130 OLAB\u0130L\u0130R. TIPKI OKYANUS G\u0130B\u0130\u2026Durumsal utanga\u00e7l\u0131kla ilgili bu \u015fiirsel hik\u00e2yede, sessiz, duyarl\u0131 bir \u00e7ocuk utanga\u00e7l\u0131\u011f\u0131n yaln\u0131zca insanlara \u00f6zg\u00fc bir nitelik olmad\u0131\u011f\u0131n\u0131 g\u00f6zlemliyor \u2013 G\u00fcne\u015f<span class=\"excerpt-hellip\"> [\u2026]<\/span><\/p>\n","protected":false},"featured_media":0,"template":"","meta":{"_monsterinsights_skip_tracking":false,"_monsterinsights_sitenote_active":false,"_monsterinsights_sitenote_note":"","_monsterinsights_sitenote_category":0},"product_brand":[],"product_cat":[12274,12518],"product_tag":[],"class_list":{"0":"post-766465","1":"product","2":"type-product","3":"status-publish","5":"product_cat-cocuk-ve-genclik-kitaplari","6":"product_cat-okul-oncesi-kitaplar","7":"pa_cilt-ciltsiz","8":"pa_tur-kitap","9":"pa_yayinevi-koc-universitesi-yayinlari","10":"pa_yazar-julie-bliven","12":"first","13":"instock","14":"sale","15":"shipping-taxable","16":"purchasable","17":"product-type-simple"},"_links":{"self":[{"href":"https:\/\/roveyayinevi.com.tr\/index.php\/wp-json\/wp\/v2\/product\/766465","targetHints":{"allow":["GET"]}}],"collection":[{"href":"https:\/\/roveyayinevi.com.tr\/index.php\/wp-json\/wp\/v2\/product"}],"about":[{"href":"https:\/\/roveyayinevi.com.tr\/index.php\/wp-json\/wp\/v2\/types\/product"}],"wp:attachment":[{"href":"https:\/\/roveyayinevi.com.tr\/index.php\/wp-json\/wp\/v2\/media?parent=766465"}],"wp:term":[{"taxonomy":"product_brand","embeddable":true,"href":"https:\/\/roveyayinevi.com.tr\/index.php\/wp-json\/wp\/v2\/product_brand?post=766465"},{"taxonomy":"product_cat","embeddable":true,"href":"https:\/\/roveyayinevi.com.tr\/index.php\/wp-json\/wp\/v2\/product_cat?post=766465"},{"taxonomy":"product_tag","embeddable":true,"href":"https:\/\/roveyayinevi.com.tr\/index.php\/wp-json\/wp\/v2\/product_tag?post=766465"}],"curies":[{"name":"wp","href":"https:\/\/api.w.org\/{rel}","templated":true}]}}