{"id":766463,"date":"2025-08-28T12:14:35","date_gmt":"2025-08-28T09:14:35","guid":{"rendered":"https:\/\/roveyayinevi.com.tr\/index.php\/urun\/kese-kagidi-kun-asik-oldu-1\/"},"modified":"2026-04-15T03:32:14","modified_gmt":"2026-04-15T00:32:14","slug":"kese-kagidi-kun-asik-oldu-1","status":"publish","type":"product","link":"https:\/\/roveyayinevi.com.tr\/index.php\/urun\/kese-kagidi-kun-asik-oldu-1\/","title":{"rendered":"Kese Ka\u011f\u0131d\u0131-Kun A\u015f\u0131k Oldu 1"},"content":{"rendered":"<p>Utanga\u00e7 bir gen\u00e7 d\u00fc\u015f\u00fcn\u00fcn; \u00f6ylesine \u00e7ekingen ki kendini gizlemek i\u00e7in y\u00fcz\u00fcne bir kese ka\u011f\u0131d\u0131 takarak dola\u015f\u0131yor. Ancak kalbi, ona bamba\u015fka bir cesaret veriyor. Bu gizemli fig\u00fcr\u00fcn a\u015f\u0131k oldu\u011fu k\u0131z, Umi, onun sakarl\u0131klar\u0131na, cesur itiraflar\u0131na ve komik hallerine her ge\u00e7en g\u00fcn daha fazla \u015fa\u015f\u0131r\u0131yor. Kese Ka\u011f\u0131d\u0131-Kun, a\u015fk\u0131n\u0131n getirdi\u011fi tatl\u0131 ve e\u011flenceli olaylar\u0131n i\u00e7inde kayboluyor.   Kese ka\u011f\u0131d\u0131n\u0131n ard\u0131ndaki bu s\u0131ra d\u0131\u015f\u0131 a\u015fk hikayesi, gen\u00e7li\u011fin saf heyecan\u0131n\u0131 ve romantizmini anlat\u0131yor. E\u011flenceli ve kalpleri \u0131s\u0131tan bir a\u015fk komedisi sizi bekliyor! &#8220;Kalbinizi fethedecek samimi bir a\u015fk hikayesi.\u201d<\/p>\n","protected":false},"excerpt":{"rendered":"<p>Utanga\u00e7 bir gen\u00e7 d\u00fc\u015f\u00fcn\u00fcn; \u00f6ylesine \u00e7ekingen ki kendini gizlemek i\u00e7in y\u00fcz\u00fcne bir kese ka\u011f\u0131d\u0131 takarak dola\u015f\u0131yor. Ancak kalbi, ona bamba\u015fka bir cesaret veriyor. Bu gizemli fig\u00fcr\u00fcn<span class=\"excerpt-hellip\"> [\u2026]<\/span><\/p>\n","protected":false},"featured_media":0,"template":"","meta":{"_monsterinsights_skip_tracking":false,"_monsterinsights_sitenote_active":false,"_monsterinsights_sitenote_note":"","_monsterinsights_sitenote_category":0},"product_brand":[],"product_cat":[12416,12291],"product_tag":[],"class_list":{"0":"post-766463","1":"product","2":"type-product","3":"status-publish","5":"product_cat-cizgi-roman","6":"product_cat-edebiyat","7":"pa_cilt-ciltsiz","8":"pa_tur-kitap","9":"pa_yayinevi-beta-byou","10":"pa_yazar-riko-amaebi","12":"first","13":"instock","14":"sale","15":"shipping-taxable","16":"purchasable","17":"product-type-simple"},"_links":{"self":[{"href":"https:\/\/roveyayinevi.com.tr\/index.php\/wp-json\/wp\/v2\/product\/766463","targetHints":{"allow":["GET"]}}],"collection":[{"href":"https:\/\/roveyayinevi.com.tr\/index.php\/wp-json\/wp\/v2\/product"}],"about":[{"href":"https:\/\/roveyayinevi.com.tr\/index.php\/wp-json\/wp\/v2\/types\/product"}],"wp:attachment":[{"href":"https:\/\/roveyayinevi.com.tr\/index.php\/wp-json\/wp\/v2\/media?parent=766463"}],"wp:term":[{"taxonomy":"product_brand","embeddable":true,"href":"https:\/\/roveyayinevi.com.tr\/index.php\/wp-json\/wp\/v2\/product_brand?post=766463"},{"taxonomy":"product_cat","embeddable":true,"href":"https:\/\/roveyayinevi.com.tr\/index.php\/wp-json\/wp\/v2\/product_cat?post=766463"},{"taxonomy":"product_tag","embeddable":true,"href":"https:\/\/roveyayinevi.com.tr\/index.php\/wp-json\/wp\/v2\/product_tag?post=766463"}],"curies":[{"name":"wp","href":"https:\/\/api.w.org\/{rel}","templated":true}]}}