{"id":766462,"date":"2025-08-28T12:14:32","date_gmt":"2025-08-28T09:14:32","guid":{"rendered":"https:\/\/roveyayinevi.com.tr\/index.php\/urun\/kese-kagidi-kun-asik-oldu-2\/"},"modified":"2026-04-15T03:32:14","modified_gmt":"2026-04-15T00:32:14","slug":"kese-kagidi-kun-asik-oldu-2","status":"publish","type":"product","link":"https:\/\/roveyayinevi.com.tr\/index.php\/urun\/kese-kagidi-kun-asik-oldu-2\/","title":{"rendered":"Kese Ka\u011f\u0131d\u0131-Kun A\u015f\u0131k Oldu 2"},"content":{"rendered":"<p>&#8220;Kese Ka\u011f\u0131d\u0131-Kun A\u015fka Ad\u0131m Ad\u0131m!&#8221;   Kese Ka\u011f\u0131d\u0131-Kun i\u00e7in a\u015fk\u0131n heyecan\u0131 giderek b\u00fcy\u00fcyor! Umi\u2019yi g\u00fcl\u00fcmsetmek isteyen bu gizemli gen\u00e7, her ge\u00e7en g\u00fcn sevdi\u011fi k\u0131za daha da yak\u0131nla\u015f\u0131yor. Ve bir g\u00fcn, Umi onun i\u00e7in \u00f6zenle haz\u0131rlanm\u0131\u015f olarak kar\u015f\u0131s\u0131nda duruyor! Kalbi h\u0131zla atan Kese Ka\u011f\u0131d\u0131-Kun, beklenmedik bir anda Umi\u2019den gelen \u015fa\u015f\u0131rt\u0131c\u0131 bir a\u015fk itiraf\u0131yla ba\u015f ba\u015fa kal\u0131yor. Ancak, hislerine ra\u011fmen, bu a\u015fka &#8220;olmaz&#8221; demesi mi gerekecek?   Bu final cildinde, a\u015fk\u0131n tatl\u0131 karma\u015fas\u0131 ve kalp \u00e7arp\u0131nt\u0131lar\u0131 sona eriyor. Kese Ka\u011f\u0131d\u0131-Kun ve Umi\u2019nin romantik ve e\u011flenceli d\u00fcnyas\u0131na son bir kez daha ho\u015f geldiniz! <\/p>\n","protected":false},"excerpt":{"rendered":"<p>&#8220;Kese Ka\u011f\u0131d\u0131-Kun A\u015fka Ad\u0131m Ad\u0131m!&#8221; Kese Ka\u011f\u0131d\u0131-Kun i\u00e7in a\u015fk\u0131n heyecan\u0131 giderek b\u00fcy\u00fcyor! Umi\u2019yi g\u00fcl\u00fcmsetmek isteyen bu gizemli gen\u00e7, her ge\u00e7en g\u00fcn sevdi\u011fi k\u0131za daha da yak\u0131nla\u015f\u0131yor.<span class=\"excerpt-hellip\"> [\u2026]<\/span><\/p>\n","protected":false},"featured_media":0,"template":"","meta":{"_monsterinsights_skip_tracking":false,"_monsterinsights_sitenote_active":false,"_monsterinsights_sitenote_note":"","_monsterinsights_sitenote_category":0},"product_brand":[],"product_cat":[12416,12291],"product_tag":[],"class_list":{"0":"post-766462","1":"product","2":"type-product","3":"status-publish","5":"product_cat-cizgi-roman","6":"product_cat-edebiyat","7":"pa_cilt-ciltsiz","8":"pa_tur-kitap","9":"pa_yayinevi-beta-byou","10":"pa_yazar-riko-amaebi","12":"first","13":"instock","14":"sale","15":"shipping-taxable","16":"purchasable","17":"product-type-simple"},"_links":{"self":[{"href":"https:\/\/roveyayinevi.com.tr\/index.php\/wp-json\/wp\/v2\/product\/766462","targetHints":{"allow":["GET"]}}],"collection":[{"href":"https:\/\/roveyayinevi.com.tr\/index.php\/wp-json\/wp\/v2\/product"}],"about":[{"href":"https:\/\/roveyayinevi.com.tr\/index.php\/wp-json\/wp\/v2\/types\/product"}],"wp:attachment":[{"href":"https:\/\/roveyayinevi.com.tr\/index.php\/wp-json\/wp\/v2\/media?parent=766462"}],"wp:term":[{"taxonomy":"product_brand","embeddable":true,"href":"https:\/\/roveyayinevi.com.tr\/index.php\/wp-json\/wp\/v2\/product_brand?post=766462"},{"taxonomy":"product_cat","embeddable":true,"href":"https:\/\/roveyayinevi.com.tr\/index.php\/wp-json\/wp\/v2\/product_cat?post=766462"},{"taxonomy":"product_tag","embeddable":true,"href":"https:\/\/roveyayinevi.com.tr\/index.php\/wp-json\/wp\/v2\/product_tag?post=766462"}],"curies":[{"name":"wp","href":"https:\/\/api.w.org\/{rel}","templated":true}]}}