{"id":766456,"date":"2025-08-28T12:14:21","date_gmt":"2025-08-28T09:14:21","guid":{"rendered":"https:\/\/roveyayinevi.com.tr\/index.php\/urun\/donusturucu\/"},"modified":"2026-04-15T03:32:14","modified_gmt":"2026-04-15T00:32:14","slug":"donusturucu","status":"publish","type":"product","link":"https:\/\/roveyayinevi.com.tr\/index.php\/urun\/donusturucu\/","title":{"rendered":"D\u00f6n\u00fc\u015ft\u00fcr\u00fcc\u00fc"},"content":{"rendered":"<p>\u0130\u00e7inde asetil koA\u2019lar\u0131n, fumaratlar\u0131n, pir\u00fcvik asitlerin kol gezdi\u011fi, h\u00fccresel zarlara g\u00f6m\u00fcl\u00fc pompalar\u0131n y\u00fckl\u00fc molek\u00fclleri bir alandan di\u011ferine itekledi\u011fi, milyarlarca h\u00fccrede cereyan eden milyar kere milyar tepkimenin kesintisiz ak\u0131p gitti\u011fi mekanik bir \u00fcretim band\u0131 nas\u0131l olur da bilincin, varolu\u015fumuzun kutsal mekan\u0131na d\u00f6n\u00fc\u015f\u00fcr?Biyokimyan\u0131n derin ve so\u011fuk sular\u0131nda y\u00fczmekten korkmayan Nick Lane, okuru ya\u015fam fabrikas\u0131n\u0131n merkezindeki motora, varl\u0131k \u015fehrinin en kritik kav\u015fak noktas\u0131na, biyokimyasal d\u00f6ng\u00fclerin Oroboros\u2019una, Krebs \u00e7evrimine g\u00f6t\u00fcr\u00fcyor. Enerji ve madde devrinin kar\u015f\u0131t g\u00fc\u00e7ler aras\u0131ndaki dengeyle sa\u011fland\u0131\u011f\u0131 bu biyokimyasal atl\u0131kar\u0131nca kimi zaman h\u0131z\u0131yla ve karma\u015f\u0131kl\u0131\u011f\u0131yla ba\u015f\u0131n\u0131z\u0131 d\u00f6nd\u00fcrecek, kimi zaman eylemlerinizle ve zaman katar\u0131yla avu\u00e7lar\u0131n\u0131zdan kayacak.Ya\u015fam\u0131n, hareketin ve enerjinin; gaz p\u00fcsk\u00fcren derin deniz bacalar\u0131n\u0131n etraf\u0131nda milyonlarca y\u0131l \u00f6nce do\u011fdu\u011fu haliyle devam etti\u011fini g\u00f6rd\u00fck\u00e7e zirveden ini\u015fe uzanan canl\u0131l\u0131\u011f\u0131n\u0131z ya\u015fam\u0131n k\u00f6kenine, mitokondrileriniz bakterilere, bilinciniz gezegenin g\u00f6rkemli tarihine ba\u011flanacak. D\u00f6n\u00fc\u015ft\u00fcr\u00fcc\u00fc, canl\u0131lar d\u00fcnyas\u0131n\u0131n derin kimyas\u0131n\u0131 idrak edece\u011finiz bu muhte\u015fem yolculukta sizi de d\u00f6n\u00fc\u015ft\u00fcrecek.Biyokimya profes\u00f6r\u00fc Nick Lane, evrim ve biyokimya alan\u0131ndaki \u00e7al\u0131\u015fmalar\u0131na University College London\u2019da devam ediyor.<\/p>\n","protected":false},"excerpt":{"rendered":"<p>\u0130\u00e7inde asetil koA\u2019lar\u0131n, fumaratlar\u0131n, pir\u00fcvik asitlerin kol gezdi\u011fi, h\u00fccresel zarlara g\u00f6m\u00fcl\u00fc pompalar\u0131n y\u00fckl\u00fc molek\u00fclleri bir alandan di\u011ferine itekledi\u011fi, milyarlarca h\u00fccrede cereyan eden milyar kere milyar tepkimenin<span class=\"excerpt-hellip\"> [\u2026]<\/span><\/p>\n","protected":false},"featured_media":0,"template":"","meta":{"_monsterinsights_skip_tracking":false,"_monsterinsights_sitenote_active":false,"_monsterinsights_sitenote_note":"","_monsterinsights_sitenote_category":0},"product_brand":[],"product_cat":[13005,13006],"product_tag":[],"class_list":{"0":"post-766456","1":"product","2":"type-product","3":"status-publish","5":"product_cat-bilim-muhendislik","6":"product_cat-populer-bilim","7":"pa_cilt-ciltsiz","8":"pa_tur-kitap","9":"pa_yayinevi-koc-universitesi-yayinlari","10":"pa_yazar-nick-lane","12":"first","13":"instock","14":"sale","15":"shipping-taxable","16":"purchasable","17":"product-type-simple"},"_links":{"self":[{"href":"https:\/\/roveyayinevi.com.tr\/index.php\/wp-json\/wp\/v2\/product\/766456","targetHints":{"allow":["GET"]}}],"collection":[{"href":"https:\/\/roveyayinevi.com.tr\/index.php\/wp-json\/wp\/v2\/product"}],"about":[{"href":"https:\/\/roveyayinevi.com.tr\/index.php\/wp-json\/wp\/v2\/types\/product"}],"wp:attachment":[{"href":"https:\/\/roveyayinevi.com.tr\/index.php\/wp-json\/wp\/v2\/media?parent=766456"}],"wp:term":[{"taxonomy":"product_brand","embeddable":true,"href":"https:\/\/roveyayinevi.com.tr\/index.php\/wp-json\/wp\/v2\/product_brand?post=766456"},{"taxonomy":"product_cat","embeddable":true,"href":"https:\/\/roveyayinevi.com.tr\/index.php\/wp-json\/wp\/v2\/product_cat?post=766456"},{"taxonomy":"product_tag","embeddable":true,"href":"https:\/\/roveyayinevi.com.tr\/index.php\/wp-json\/wp\/v2\/product_tag?post=766456"}],"curies":[{"name":"wp","href":"https:\/\/api.w.org\/{rel}","templated":true}]}}