{"id":766455,"date":"2025-08-28T12:14:20","date_gmt":"2025-08-28T09:14:20","guid":{"rendered":"https:\/\/roveyayinevi.com.tr\/index.php\/urun\/baskenti-savunmak\/"},"modified":"2026-04-15T03:32:14","modified_gmt":"2026-04-15T00:32:14","slug":"baskenti-savunmak","status":"publish","type":"product","link":"https:\/\/roveyayinevi.com.tr\/index.php\/urun\/baskenti-savunmak\/","title":{"rendered":"Ba\u015fkenti Savunmak"},"content":{"rendered":"<p>Her kentin bir hik\u00e2yesi vard\u0131r. Bu hik\u00e2yeleri mek\u00e2n \u00fczerinden okumak, ge\u00e7mi\u015fe ve gelece\u011fe \u0131\u015f\u0131k tutmak ve sahip olduklar\u0131m\u0131z\u0131n fark\u0131nda olarak bir kenti sevmek ger\u00e7ek sevgidir. Ankara\u2019n\u0131n hik\u00e2yesi binlerce y\u0131l \u00f6ncesine uzan\u0131yor. Anadolu\u2019nun orta yerinde bir bozk\u0131r kasabas\u0131 olarak ifadelendirilen Ankara, ta\u015f\u0131d\u0131\u011f\u0131 de\u011ferlerle birlikte bir k\u00fclt\u00fcrler katman\u0131d\u0131r. Her d\u00f6neme ait izlerin oldu\u011fu bu kent, bir k\u00fclt\u00fcrler co\u011frafyas\u0131d\u0131r. Katmanl\u0131 yap\u0131s\u0131 ile birlikte \u00e7ok k\u00fclt\u00fcrl\u00fcl\u00fc\u011f\u00fc ba\u011fr\u0131nda ta\u015f\u0131yan ya\u015fl\u0131, bilge bir kenttir Ankara.   Fiili ba\u015fkentlik s\u00fcreci Kurtulu\u015f Sava\u015f\u0131 ile birlikte ba\u015flayan ve hukuki olarak ba\u015fkent olmas\u0131yla Cumhuriyet\u2019i  ifade eden simge yap\u0131larla planl\u0131 bir \u015fekilde in\u015fa edilen Ankara\u2019da son y\u0131llarda  bu yap\u0131lar\u0131n do\u011frudan hedef al\u0131nmas\u0131n\u0131n as\u0131l nedeni temsil ettikleridir.   H\u00fck\u00fcmetin ve yerel y\u00f6netimin uygulamalar\u0131yla tehdit alt\u0131nda olan Cumhuriyet\u2019in mimari, k\u00fclt\u00fcrel ve do\u011fal miras\u0131na ba\u015fkent olarak ev sahipli\u011fi yapan Ankara\u2019n\u0131n biriktirilen \u00f6fkenin patlama kenti olmas\u0131 bundand\u0131r.   Atat\u00fcrk Orman \u00c7iftli\u011fi arazisi \u00fczerine ka\u00e7ak olarak yap\u0131lan \u201csaray\u201ddan, Atat\u00fcrk\u2019\u00fcn tarih\u00ee t\u00f6ren pistinin y\u0131k\u0131ld\u0131\u011f\u0131 Hipodrom alan\u0131na, \u0130ller Bankas\u0131 binas\u0131, Havagaz\u0131 Fabrikas\u0131, Baraj Gazinosu, Su S\u00fczgeci binas\u0131 y\u0131k\u0131m\u0131na, TCDD Gar\u0131 yerle\u015fkesinin par\u00e7alanmas\u0131ndan tarih\u00ee S\u00fcmerbank binas\u0131, Sa\u011fl\u0131k Bakanl\u0131\u011f\u0131 ve valilik binas\u0131na kadar uzanan mek\u00e2n h\u0131nc\u0131, sayg\u0131 mek\u00e2n\u0131 olan An\u0131tkabir\u2019i de hedef alm\u0131\u015ft\u0131r. Mek\u00e2n h\u0131nc\u0131n\u0131n as\u0131l hedefi Cumhuriyet, \u00f6zg\u00fcrl\u00fck, demokrasi ve laik ya\u015famd\u0131r.   ,Tezcan Karaku\u015f Candan, ba\u015fkent Ankara\u2019n\u0131n kurulu\u015f s\u00fcrecinden ba\u015flayarak, hukuk tan\u0131mazl\u0131kla, h\u0131n\u00e7la tahrip edilen Cumhuriyet yap\u0131lar\u0131n\u0131 ve bu b\u00fcy\u00fck y\u0131k\u0131m s\u00fcrecine kar\u015f\u0131 verilen m\u00fccadeleyi Ba\u015fkenti Savunmak ile anlat\u0131yor, her birimizi korunmas\u0131 gereken cumhuriyet de\u011ferlerine kar\u015f\u0131 sorumlulu\u011fa davet ediyor. <\/p>\n","protected":false},"excerpt":{"rendered":"<p>Her kentin bir hik\u00e2yesi vard\u0131r. Bu hik\u00e2yeleri mek\u00e2n \u00fczerinden okumak, ge\u00e7mi\u015fe ve gelece\u011fe \u0131\u015f\u0131k tutmak ve sahip olduklar\u0131m\u0131z\u0131n fark\u0131nda olarak bir kenti sevmek ger\u00e7ek sevgidir. Ankara\u2019n\u0131n<span class=\"excerpt-hellip\"> [\u2026]<\/span><\/p>\n","protected":false},"featured_media":0,"template":"","meta":{"_monsterinsights_skip_tracking":false,"_monsterinsights_sitenote_active":false,"_monsterinsights_sitenote_note":"","_monsterinsights_sitenote_category":0},"product_brand":[],"product_cat":[13590,12337],"product_tag":[],"class_list":{"0":"post-766455","1":"product","2":"type-product","3":"status-publish","5":"product_cat-arastirma-inceleme-politika-siyaset","6":"product_cat-politika-siyaset","7":"pa_cilt-ciltsiz","8":"pa_tur-kitap","9":"pa_yayinevi-tekin-yayinevi","10":"pa_yazar-tezcan-karakus-candan","12":"first","13":"instock","14":"sale","15":"shipping-taxable","16":"purchasable","17":"product-type-simple"},"_links":{"self":[{"href":"https:\/\/roveyayinevi.com.tr\/index.php\/wp-json\/wp\/v2\/product\/766455","targetHints":{"allow":["GET"]}}],"collection":[{"href":"https:\/\/roveyayinevi.com.tr\/index.php\/wp-json\/wp\/v2\/product"}],"about":[{"href":"https:\/\/roveyayinevi.com.tr\/index.php\/wp-json\/wp\/v2\/types\/product"}],"wp:attachment":[{"href":"https:\/\/roveyayinevi.com.tr\/index.php\/wp-json\/wp\/v2\/media?parent=766455"}],"wp:term":[{"taxonomy":"product_brand","embeddable":true,"href":"https:\/\/roveyayinevi.com.tr\/index.php\/wp-json\/wp\/v2\/product_brand?post=766455"},{"taxonomy":"product_cat","embeddable":true,"href":"https:\/\/roveyayinevi.com.tr\/index.php\/wp-json\/wp\/v2\/product_cat?post=766455"},{"taxonomy":"product_tag","embeddable":true,"href":"https:\/\/roveyayinevi.com.tr\/index.php\/wp-json\/wp\/v2\/product_tag?post=766455"}],"curies":[{"name":"wp","href":"https:\/\/api.w.org\/{rel}","templated":true}]}}