{"id":766453,"date":"2025-08-28T12:14:17","date_gmt":"2025-08-28T09:14:17","guid":{"rendered":"https:\/\/roveyayinevi.com.tr\/index.php\/urun\/turkiyenin-duzeni\/"},"modified":"2026-04-15T03:32:14","modified_gmt":"2026-04-15T00:32:14","slug":"turkiyenin-duzeni","status":"publish","type":"product","link":"https:\/\/roveyayinevi.com.tr\/index.php\/urun\/turkiyenin-duzeni\/","title":{"rendered":"T\u00fcrkiye\u2019nin D\u00fczeni"},"content":{"rendered":"<p>\u201cBizi d\u00fcnyada en kudretli ve ileri devlet oldu\u011fumuz ge\u00e7mi\u015f y\u00fczy\u0131llara kadar g\u00f6t\u00fcren bu incelemede belirtmeye \u00e7al\u0131\u015ft\u0131k ki, T\u00fcrkiye\u2019miz, \u00e7oktan kalk\u0131nm\u0131\u015f, sanayile\u015fmi\u015f bir \u00fclke haline gelebilir ve \u00e7a\u011fda\u015f uygarl\u0131\u011f\u0131n bug\u00fcn \u00f6n saflar\u0131nda yer alabilirdi. B\u00f6yle bir geli\u015fmeyi emperyalizm engellemi\u015ftir. Emperyalizmin kol gezdi\u011fi bir \u00fclkede, daha \u00f6nce m\u00fcmk\u00fcn olan kapitalist kalk\u0131nma yolu t\u0131kanm\u0131\u015ft\u0131r. Emperyalizmin pen\u00e7esinde ger\u00e7ekle\u015fen birtak\u0131m kapitalist geli\u015fmeler, \u00fclkenin kalk\u0131nmas\u0131na de\u011fil, daha \u00e7ok s\u00f6m\u00fcr\u00fclmesine yaram\u0131\u015ft\u0131r. Tarihimiz g\u00f6stermi\u015f ve ekonomi bilimi de do\u011frulam\u0131\u015ft\u0131r ki, emperyalist hegemonyadan kurtulup ba\u011f\u0131ms\u0131z olarak kalk\u0131nma yolunu se\u00e7ebilecek duruma gelmek, kalk\u0131nman\u0131n ilk \u015fart\u0131d\u0131r. Ekonomik ba\u011f\u0131ms\u0131zl\u0131k bir duygusal istek de\u011fil, kalk\u0131nman\u0131n gere\u011fidir.\u201d   \u00dclkenin yeti\u015ftirdi\u011fi en \u00f6nemli ayd\u0131nlardan biri olan Do\u011fan Avc\u0131o\u011flu, \u201cT\u00fcrkiye\u2019nin D\u00fczeni\u201dnde, Osmanl\u0131\u2019n\u0131n son d\u00f6neminden ba\u015flayarak, kapitalizmin geli\u015fim dinamiklerini, s\u00f6m\u00fcrge tipi kapitalizmi, \u00fclkenin geri kalm\u0131\u015fl\u0131\u011f\u0131n\u0131n nedenlerini ele al\u0131r, \u00e7\u00f6z\u00fcm \u00f6nerilerini anlat\u0131r. \u00dclkenin d\u00fcn\u00fcne, bug\u00fcn\u00fcne ve yar\u0131na \u0131\u015f\u0131k tutan bir Avc\u0131o\u011flu klasi\u011fidir T\u00fcrkiye\u2019nin D\u00fczeni.  \u0130lk bask\u0131s\u0131n\u0131n \u00fczerinden yar\u0131m y\u00fczy\u0131l ge\u00e7mesine ra\u011fmen analizleri ve \u00f6nerileri a\u015f\u0131lamam\u0131\u015ft\u0131r. Bu \u00fclkenin emperyalizmin kuca\u011f\u0131nda b\u00fcy\u00fcmesi m\u00fcmk\u00fcn de\u011fildir.  Kapitalizme yaslanarak gidebilece\u011fi yol da t\u0131kanm\u0131\u015ft\u0131r. Haliyle ba\u011f\u0131ms\u0131z bir kalk\u0131nma yolu tutturmas\u0131ndan ba\u015fka kurtulu\u015f yolu yoktur.  Ba\u011f\u0131ms\u0131z ve tabii e\u015fit ve \u00f6zg\u00fcr \u00fclkenin yolu kalk\u0131nmadan ge\u00e7er. Kalk\u0131nman\u0131n yolu ise emperyalizmle ve kapitalizmle yolu ay\u0131rmaktan\u2026 T\u00fcrkiye\u2019nin D\u00fczeni, T\u00fcrkiye\u2019ye \u0131\u015f\u0131kl\u0131-\u00e7a\u011fda\u015f bir yol tarifidir. -Orhan G\u00f6kdemir-   T\u00fcrkiye\u2019nin D\u00fczeni, T\u00fcrkiye siyasal hayat\u0131n\u0131n ve d\u00fc\u015f\u00fcnce d\u00fcnyas\u0131n\u0131n en \u00f6nemli ve en etkili eserlerinden biridir. \u0130lk kez yay\u0131nland\u0131\u011f\u0131 1968 d\u00f6nemecinde sat\u0131\u015f rekorlar\u0131 k\u0131rm\u0131\u015f, \u00f6d\u00fcller alm\u0131\u015f, d\u0131\u015f bas\u0131nda hakk\u0131nda yaz\u0131lar yaz\u0131lm\u0131\u015f, banka memurelerinden \u00fcst r\u00fctbeli subaylara, \u00fcniversite \u00f6\u011frencilerinden bilim insanlar\u0131na, sa\u011fc\u0131 m\u00fcnevverlerden solcu teorisyenlere kadar geni\u015f bir kesim taraf\u0131ndan okunmu\u015f ve tart\u0131\u015f\u0131lm\u0131\u015ft\u0131r. T\u00fcrkiye\u2019nin D\u00fczeni\u2019nin hacminde ve a\u011f\u0131rl\u0131\u011f\u0131nda hi\u00e7bir eser ad\u0131ndan onun kadar s\u00f6z ettirememi\u015ftir. Eser, y\u0131llar boyunca hem Kemalist hem de sosyalist d\u00fc\u015f\u00fcnce i\u00e7in ba\u015fl\u0131ca referans noktalar\u0131ndan biri olmu\u015ftur. Sa\u011fc\u0131 ideologlar ise T\u00fcrkiye \u00fczerine yorumlar\u0131n\u0131 T\u00fcrkiye\u2019nin D\u00fczeni\u2019ne kar\u015f\u0131t bir bi\u00e7imde ortaya koymu\u015flard\u0131r. Bir sosyal bilim \u00e7al\u0131\u015fmas\u0131n\u0131n etkileyici bir \u00fcslupla da yaz\u0131labilece\u011fini, hacimli bir siyasal kitab\u0131n heyecanla da okunabilece\u011fini g\u00f6steren e\u015fsiz \u00f6rneklerden biri olan T\u00fcrkiye\u2019nin D\u00fczeni, b\u00fct\u00fcn bu \u00f6zellikleriyle on y\u0131llara meydan okuyabilmi\u015ftir. -G\u00f6khan At\u0131lgan- <\/p>\n","protected":false},"excerpt":{"rendered":"<p>\u201cBizi d\u00fcnyada en kudretli ve ileri devlet oldu\u011fumuz ge\u00e7mi\u015f y\u00fczy\u0131llara kadar g\u00f6t\u00fcren bu incelemede belirtmeye \u00e7al\u0131\u015ft\u0131k ki, T\u00fcrkiye\u2019miz, \u00e7oktan kalk\u0131nm\u0131\u015f, sanayile\u015fmi\u015f bir \u00fclke haline gelebilir ve<span class=\"excerpt-hellip\"> [\u2026]<\/span><\/p>\n","protected":false},"featured_media":0,"template":"","meta":{"_monsterinsights_skip_tracking":false,"_monsterinsights_sitenote_active":false,"_monsterinsights_sitenote_note":"","_monsterinsights_sitenote_category":0},"product_brand":[],"product_cat":[13590,12337],"product_tag":[],"class_list":{"0":"post-766453","1":"product","2":"type-product","3":"status-publish","5":"product_cat-arastirma-inceleme-politika-siyaset","6":"product_cat-politika-siyaset","7":"pa_cilt-ciltsiz","8":"pa_tur-kitap","9":"pa_yayinevi-tekin-yayinevi","10":"pa_yazar-dogan-avcioglu","12":"first","13":"instock","14":"sale","15":"shipping-taxable","16":"purchasable","17":"product-type-simple"},"_links":{"self":[{"href":"https:\/\/roveyayinevi.com.tr\/index.php\/wp-json\/wp\/v2\/product\/766453","targetHints":{"allow":["GET"]}}],"collection":[{"href":"https:\/\/roveyayinevi.com.tr\/index.php\/wp-json\/wp\/v2\/product"}],"about":[{"href":"https:\/\/roveyayinevi.com.tr\/index.php\/wp-json\/wp\/v2\/types\/product"}],"wp:attachment":[{"href":"https:\/\/roveyayinevi.com.tr\/index.php\/wp-json\/wp\/v2\/media?parent=766453"}],"wp:term":[{"taxonomy":"product_brand","embeddable":true,"href":"https:\/\/roveyayinevi.com.tr\/index.php\/wp-json\/wp\/v2\/product_brand?post=766453"},{"taxonomy":"product_cat","embeddable":true,"href":"https:\/\/roveyayinevi.com.tr\/index.php\/wp-json\/wp\/v2\/product_cat?post=766453"},{"taxonomy":"product_tag","embeddable":true,"href":"https:\/\/roveyayinevi.com.tr\/index.php\/wp-json\/wp\/v2\/product_tag?post=766453"}],"curies":[{"name":"wp","href":"https:\/\/api.w.org\/{rel}","templated":true}]}}