{"id":766451,"date":"2025-08-28T12:14:13","date_gmt":"2025-08-28T09:14:13","guid":{"rendered":"https:\/\/roveyayinevi.com.tr\/index.php\/urun\/crimson-nehri\/"},"modified":"2026-04-03T03:23:30","modified_gmt":"2026-04-03T00:23:30","slug":"crimson-nehri","status":"publish","type":"product","link":"https:\/\/roveyayinevi.com.tr\/index.php\/urun\/crimson-nehri\/","title":{"rendered":"Crimson Nehri"},"content":{"rendered":"<p>Lyla Eden son birka\u00e7 y\u0131l\u0131n\u0131 karde\u015flerinin \u00e2\u015f\u0131k olmalar\u0131n\u0131 izleyerek ve kendini i\u015fine adayarak ge\u00e7irmi\u015fti. Art arda y\u00fcz\u00fcnc\u00fc i\u015f g\u00fcn\u00fcnde k\u0131z karde\u015fi bir darbe d\u00fczenleyerek onu kendi kafesinden kovdu\u011funda, ba\u015fka bir alternatifi olmad\u0131\u011f\u0131 i\u00e7in Lyla en sevdi\u011fi y\u00fcr\u00fcy\u00fc\u015f parkurunda ko\u015fmaya karar verdi.   Ormanl\u0131k alandaki derede bir adam\u0131n ellerindeki kan\u0131 y\u0131kad\u0131\u011f\u0131n\u0131 g\u00f6rd\u00fc. Bir an adam\u0131n y\u00fcz\u00fcne bakarken, bir sonraki an adam\u0131n elleri bo\u011faz\u0131na sar\u0131lm\u0131\u015ft\u0131. Ancak mucizevi bir \u015fekilde adam onu serbest b\u0131rakt\u0131.   Derinden sars\u0131lan Lyla, olay\u0131 yerel polise bildirdikten iki g\u00fcn sonra Vance Sutter, elinde say\u0131s\u0131z soru ve lekelenmi\u015f bir rozetle kasabaya geldi.   Vance, sert ve yak\u0131\u015f\u0131kl\u0131 olsa da pe\u015fine d\u00fc\u015ft\u00fc\u011f\u00fc adam kadar gizemliydi. \u00dcstelik Quincy&#8217;den \u00e7ok k\u0131sa s\u00fcre i\u00e7inde gidecekti. Yine de bu durum, Lyla&#8217;n\u0131n ona ilgiyi durdurmas\u0131na yetmiyordu. Vance ne kadar ka\u00e7\u0131nmaya \u00e7al\u0131\u015fsa da aralar\u0131ndaki \u00e7ekim g\u00f6z ard\u0131 edilemezdi. Lyla&#8217;dan uzak durmas\u0131 se\u00e7enekler aras\u0131nda dahi de\u011fildi. Y\u0131llarca bir \u00e7\u0131kmaz\u0131n pe\u015finde ko\u015ftuktan sonra Lyla, onun kariyerini karartan davay\u0131 \u00e7\u00f6zmesi i\u00e7in elindeki tek ipucuydu. Bu y\u00fczden Lyla&#8217;n\u0131n ad\u0131mlar\u0131n\u0131 yeniden ve birlikte takip edeceklerdi. Yaral\u0131 adam\u0131, Lyla&#8217;n\u0131n kanl\u0131 bir nehir kenar\u0131nda kar\u015f\u0131la\u015ft\u0131\u011f\u0131 adam\u0131 bulmak i\u00e7in&#8230;<\/p>\n","protected":false},"excerpt":{"rendered":"<p>Lyla Eden son birka\u00e7 y\u0131l\u0131n\u0131 karde\u015flerinin \u00e2\u015f\u0131k olmalar\u0131n\u0131 izleyerek ve kendini i\u015fine adayarak ge\u00e7irmi\u015fti. Art arda y\u00fcz\u00fcnc\u00fc i\u015f g\u00fcn\u00fcnde k\u0131z karde\u015fi bir darbe d\u00fczenleyerek onu kendi<span class=\"excerpt-hellip\"> [\u2026]<\/span><\/p>\n","protected":false},"featured_media":0,"template":"","meta":{"_monsterinsights_skip_tracking":false,"_monsterinsights_sitenote_active":false,"_monsterinsights_sitenote_note":"","_monsterinsights_sitenote_category":0},"product_brand":[],"product_cat":[12291,12711],"product_tag":[],"class_list":{"0":"post-766451","1":"product","2":"type-product","3":"status-publish","5":"product_cat-edebiyat","6":"product_cat-roman-oyku","7":"pa_cilt-ciltsiz","8":"pa_tur-kitap","9":"pa_yayinevi-ren-kitap","10":"pa_yazar-devney-perry","12":"first","13":"instock","14":"sale","15":"shipping-taxable","16":"purchasable","17":"product-type-simple"},"_links":{"self":[{"href":"https:\/\/roveyayinevi.com.tr\/index.php\/wp-json\/wp\/v2\/product\/766451","targetHints":{"allow":["GET"]}}],"collection":[{"href":"https:\/\/roveyayinevi.com.tr\/index.php\/wp-json\/wp\/v2\/product"}],"about":[{"href":"https:\/\/roveyayinevi.com.tr\/index.php\/wp-json\/wp\/v2\/types\/product"}],"wp:attachment":[{"href":"https:\/\/roveyayinevi.com.tr\/index.php\/wp-json\/wp\/v2\/media?parent=766451"}],"wp:term":[{"taxonomy":"product_brand","embeddable":true,"href":"https:\/\/roveyayinevi.com.tr\/index.php\/wp-json\/wp\/v2\/product_brand?post=766451"},{"taxonomy":"product_cat","embeddable":true,"href":"https:\/\/roveyayinevi.com.tr\/index.php\/wp-json\/wp\/v2\/product_cat?post=766451"},{"taxonomy":"product_tag","embeddable":true,"href":"https:\/\/roveyayinevi.com.tr\/index.php\/wp-json\/wp\/v2\/product_tag?post=766451"}],"curies":[{"name":"wp","href":"https:\/\/api.w.org\/{rel}","templated":true}]}}