{"id":766447,"date":"2025-08-28T12:14:04","date_gmt":"2025-08-28T09:14:04","guid":{"rendered":"https:\/\/roveyayinevi.com.tr\/index.php\/urun\/gokteki-yildizim\/"},"modified":"2026-04-15T03:32:14","modified_gmt":"2026-04-15T00:32:14","slug":"gokteki-yildizim","status":"publish","type":"product","link":"https:\/\/roveyayinevi.com.tr\/index.php\/urun\/gokteki-yildizim\/","title":{"rendered":"G\u00f6kteki Y\u0131ld\u0131z\u0131m"},"content":{"rendered":"<p>En karanl\u0131k gecede bile, g\u00f6ky\u00fcz\u00fcnde parlayan bir y\u0131ld\u0131z d\u00fcnyay\u0131 ayd\u0131nlat\u0131r.Sam, her yaz oldu\u011fu gibi ailesiyle birlikte tatile \u00e7\u0131kmak i\u00e7in sab\u0131rs\u0131zlan\u0131yordur. Ancak bu yaz tatili, hi\u00e7 beklenmedik bir \u015fekilde alt\u00fcst olur. Bir anda kendini gizemli bir dinlenme tesisinde tek ba\u015f\u0131na bulan Sam, annesinin nereye kayboldu\u011funu ve eve nas\u0131l d\u00f6nece\u011fini bilemez.Bu beklenmedik macera, Sam&#8217;in hayat\u0131n\u0131 sonsuza dek de\u011fi\u015ftirecek sihirli bir yolculu\u011fun ba\u015flang\u0131c\u0131d\u0131r. Ona rehberlik edecek arkada\u015flar\u0131ysa: bir turistin hediye etti\u011fi origami, dinlenme tesisinde tan\u0131\u015ft\u0131\u011f\u0131 gizemli bir \u00e7ocuk ve bilge bir kurba\u011fad\u0131r.Sam, ipu\u00e7lar\u0131n\u0131 takip ederek kaderinin s\u0131rlar\u0131n\u0131 ke\u015ffedece\u011fi kaleye do\u011fru yol al\u0131rken dostlu\u011fun, cesaretin ve umudun g\u00fcc\u00fcn\u00fc \u00f6\u011frenecektir. G\u00f6ky\u00fcz\u00fc ne kadar bulutlu olursa olsun, hepimizi koruyan bir y\u0131ld\u0131z\u0131n var oldu\u011funu fark eden Sam&#8217;in d\u00fcnyaya bak\u0131\u015f\u0131 sonsuza dek de\u011fi\u015ftirecektir.Susanna Tamaro, \u00e7ocuklar\u0131n b\u00fcy\u00fcme s\u00fcrecindeki de\u011fi\u015fim ve d\u00f6n\u00fc\u015f\u00fcmlerini g\u00f6zler \u00f6n\u00fcne seriyor. G\u00f6kteki Y\u0131ld\u0131z\u0131m, gen\u00e7 okurlar\u0131n kendi i\u00e7 d\u00fcnyalar\u0131na yolculuk yapmalar\u0131na ve kendilerini ke\u015ffetmelerine yard\u0131mc\u0131 oluyor. <\/p>\n","protected":false},"excerpt":{"rendered":"<p>En karanl\u0131k gecede bile, g\u00f6ky\u00fcz\u00fcnde parlayan bir y\u0131ld\u0131z d\u00fcnyay\u0131 ayd\u0131nlat\u0131r.Sam, her yaz oldu\u011fu gibi ailesiyle birlikte tatile \u00e7\u0131kmak i\u00e7in sab\u0131rs\u0131zlan\u0131yordur. Ancak bu yaz tatili, hi\u00e7 beklenmedik<span class=\"excerpt-hellip\"> [\u2026]<\/span><\/p>\n","protected":false},"featured_media":0,"template":"","meta":{"_monsterinsights_skip_tracking":false,"_monsterinsights_sitenote_active":false,"_monsterinsights_sitenote_note":"","_monsterinsights_sitenote_category":0},"product_brand":[],"product_cat":[12291,12711],"product_tag":[],"class_list":{"0":"post-766447","1":"product","2":"type-product","3":"status-publish","5":"product_cat-edebiyat","6":"product_cat-roman-oyku","7":"pa_cilt-ciltsiz","8":"pa_tur-kitap","9":"pa_yayinevi-fom-kitap","10":"pa_yazar-susanna-tamaro","12":"first","13":"instock","14":"sale","15":"shipping-taxable","16":"purchasable","17":"product-type-simple"},"_links":{"self":[{"href":"https:\/\/roveyayinevi.com.tr\/index.php\/wp-json\/wp\/v2\/product\/766447","targetHints":{"allow":["GET"]}}],"collection":[{"href":"https:\/\/roveyayinevi.com.tr\/index.php\/wp-json\/wp\/v2\/product"}],"about":[{"href":"https:\/\/roveyayinevi.com.tr\/index.php\/wp-json\/wp\/v2\/types\/product"}],"wp:attachment":[{"href":"https:\/\/roveyayinevi.com.tr\/index.php\/wp-json\/wp\/v2\/media?parent=766447"}],"wp:term":[{"taxonomy":"product_brand","embeddable":true,"href":"https:\/\/roveyayinevi.com.tr\/index.php\/wp-json\/wp\/v2\/product_brand?post=766447"},{"taxonomy":"product_cat","embeddable":true,"href":"https:\/\/roveyayinevi.com.tr\/index.php\/wp-json\/wp\/v2\/product_cat?post=766447"},{"taxonomy":"product_tag","embeddable":true,"href":"https:\/\/roveyayinevi.com.tr\/index.php\/wp-json\/wp\/v2\/product_tag?post=766447"}],"curies":[{"name":"wp","href":"https:\/\/api.w.org\/{rel}","templated":true}]}}