{"id":766446,"date":"2025-08-28T12:14:01","date_gmt":"2025-08-28T09:14:01","guid":{"rendered":"https:\/\/roveyayinevi.com.tr\/index.php\/urun\/genis-arazide-bir-ben\/"},"modified":"2026-04-15T03:32:14","modified_gmt":"2026-04-15T00:32:14","slug":"genis-arazide-bir-ben","status":"publish","type":"product","link":"https:\/\/roveyayinevi.com.tr\/index.php\/urun\/genis-arazide-bir-ben\/","title":{"rendered":"Geni\u015f Arazide Bir Ben"},"content":{"rendered":"<p>\u201cBang\u0131r bang\u0131r a\u011flamaya haz\u0131rl\u0131yordum kendimi. \u0130yi olacakt\u0131. Olacakt\u0131 da, parmaklar\u0131m\u0131n ucundaki t\u00fct\u00fcn kokusu dikkatimi da\u011f\u0131tt\u0131. Neredeyse iki saat \u00f6nce i\u00e7mi\u015f, ellerimi de y\u0131kam\u0131\u015ft\u0131m \u00fcstelik. Bang\u0131r bang\u0131r a\u011flama fikrine yine de sad\u0131k kald\u0131m. Hi\u00e7 ho\u015fuma gitmedi\u011fi halde, g\u00f6rebildi\u011fim d\u00fcnyan\u0131n \u00fcst\u00fcne hayalimde bir perde \u00f6rterek yaln\u0131zl\u0131\u011f\u0131m\u0131n i\u00e7ime i\u015flemesine izin verdim.\u201d Sema Aslan, Geni\u015f Arazide Bir Ben&#8217;de, kendisiyle m\u00fccadele halindeki bir kad\u0131n\u0131n hik\u00e2yesini anlat\u0131yor. Babas\u0131yla ama kendisiyle, arkada\u015fl\u0131klarla ama kendisiyle, d\u00fcnyayla ama kendisiyle! Bir \u00e7\u0131kar yol ar\u0131yor, ferah ferah nefes alabilece\u011fi bir an. Ama neresi \u00e7\u0131kar yol, hangi an di\u011ferlerine g\u00f6re daha ferah? Bu sorular\u0131n yaratt\u0131\u011f\u0131 karma\u015fa da ortada duruyor ve bir yerden sonra hik\u00e2yenin kendisine d\u00f6n\u00fc\u015f\u00fcyor.<\/p>\n","protected":false},"excerpt":{"rendered":"<p>\u201cBang\u0131r bang\u0131r a\u011flamaya haz\u0131rl\u0131yordum kendimi. \u0130yi olacakt\u0131. Olacakt\u0131 da, parmaklar\u0131m\u0131n ucundaki t\u00fct\u00fcn kokusu dikkatimi da\u011f\u0131tt\u0131. Neredeyse iki saat \u00f6nce i\u00e7mi\u015f, ellerimi de y\u0131kam\u0131\u015ft\u0131m \u00fcstelik. Bang\u0131r bang\u0131r<span class=\"excerpt-hellip\"> [\u2026]<\/span><\/p>\n","protected":false},"featured_media":0,"template":"","meta":{"_monsterinsights_skip_tracking":false,"_monsterinsights_sitenote_active":false,"_monsterinsights_sitenote_note":"","_monsterinsights_sitenote_category":0},"product_brand":[],"product_cat":[12291,12711],"product_tag":[],"class_list":{"0":"post-766446","1":"product","2":"type-product","3":"status-publish","5":"product_cat-edebiyat","6":"product_cat-roman-oyku","7":"pa_cilt-ciltsiz","8":"pa_tur-kitap","9":"pa_yayinevi-iletisim-yayinlari","10":"pa_yazar-sema-aslan","12":"first","13":"instock","14":"sale","15":"shipping-taxable","16":"purchasable","17":"product-type-simple"},"_links":{"self":[{"href":"https:\/\/roveyayinevi.com.tr\/index.php\/wp-json\/wp\/v2\/product\/766446","targetHints":{"allow":["GET"]}}],"collection":[{"href":"https:\/\/roveyayinevi.com.tr\/index.php\/wp-json\/wp\/v2\/product"}],"about":[{"href":"https:\/\/roveyayinevi.com.tr\/index.php\/wp-json\/wp\/v2\/types\/product"}],"wp:attachment":[{"href":"https:\/\/roveyayinevi.com.tr\/index.php\/wp-json\/wp\/v2\/media?parent=766446"}],"wp:term":[{"taxonomy":"product_brand","embeddable":true,"href":"https:\/\/roveyayinevi.com.tr\/index.php\/wp-json\/wp\/v2\/product_brand?post=766446"},{"taxonomy":"product_cat","embeddable":true,"href":"https:\/\/roveyayinevi.com.tr\/index.php\/wp-json\/wp\/v2\/product_cat?post=766446"},{"taxonomy":"product_tag","embeddable":true,"href":"https:\/\/roveyayinevi.com.tr\/index.php\/wp-json\/wp\/v2\/product_tag?post=766446"}],"curies":[{"name":"wp","href":"https:\/\/api.w.org\/{rel}","templated":true}]}}