{"id":766442,"date":"2025-08-28T12:13:52","date_gmt":"2025-08-28T09:13:52","guid":{"rendered":"https:\/\/roveyayinevi.com.tr\/index.php\/urun\/disney-arabalar-cikartma-cilginligi-etkinlik-kitabi\/"},"modified":"2026-04-15T03:32:13","modified_gmt":"2026-04-15T00:32:13","slug":"disney-arabalar-cikartma-cilginligi-etkinlik-kitabi","status":"publish","type":"product","link":"https:\/\/roveyayinevi.com.tr\/index.php\/urun\/disney-arabalar-cikartma-cilginligi-etkinlik-kitabi\/","title":{"rendered":"Disney Arabalar \u2013 \u00c7\u0131kartma \u00c7\u0131lg\u0131nl\u0131\u011f\u0131 Etkinlik Kitab\u0131"},"content":{"rendered":"<p>E\u011eLENCEL\u0130 sahneler ve muhte\u015fem aktivitelerle dolu bu \u00e7\u0131kartma kitab\u0131yla Arabalar d\u00fcnyas\u0131n\u0131 ke\u015ffet!   Arabalar \u00e7\u0131kartmalar\u0131n\u0131 HAZIRLA&#8230; BA\u015eLA! <\/p>\n","protected":false},"excerpt":{"rendered":"<p>E\u011eLENCEL\u0130 sahneler ve muhte\u015fem aktivitelerle dolu bu \u00e7\u0131kartma kitab\u0131yla Arabalar d\u00fcnyas\u0131n\u0131 ke\u015ffet! Arabalar \u00e7\u0131kartmalar\u0131n\u0131 HAZIRLA&#8230; BA\u015eLA!<\/p>\n","protected":false},"featured_media":0,"template":"","meta":{"_monsterinsights_skip_tracking":false,"_monsterinsights_sitenote_active":false,"_monsterinsights_sitenote_note":"","_monsterinsights_sitenote_category":0},"product_brand":[],"product_cat":[12554,12274],"product_tag":[],"class_list":{"0":"post-766442","1":"product","2":"type-product","3":"status-publish","5":"product_cat-cikartmali-kitaplar","6":"product_cat-cocuk-ve-genclik-kitaplari","7":"pa_cilt-ciltsiz","8":"pa_tur-kitap","9":"pa_yayinevi-dogan-cocuk","10":"pa_yazar-kolektif","12":"first","13":"instock","14":"sale","15":"shipping-taxable","16":"purchasable","17":"product-type-simple"},"_links":{"self":[{"href":"https:\/\/roveyayinevi.com.tr\/index.php\/wp-json\/wp\/v2\/product\/766442","targetHints":{"allow":["GET"]}}],"collection":[{"href":"https:\/\/roveyayinevi.com.tr\/index.php\/wp-json\/wp\/v2\/product"}],"about":[{"href":"https:\/\/roveyayinevi.com.tr\/index.php\/wp-json\/wp\/v2\/types\/product"}],"wp:attachment":[{"href":"https:\/\/roveyayinevi.com.tr\/index.php\/wp-json\/wp\/v2\/media?parent=766442"}],"wp:term":[{"taxonomy":"product_brand","embeddable":true,"href":"https:\/\/roveyayinevi.com.tr\/index.php\/wp-json\/wp\/v2\/product_brand?post=766442"},{"taxonomy":"product_cat","embeddable":true,"href":"https:\/\/roveyayinevi.com.tr\/index.php\/wp-json\/wp\/v2\/product_cat?post=766442"},{"taxonomy":"product_tag","embeddable":true,"href":"https:\/\/roveyayinevi.com.tr\/index.php\/wp-json\/wp\/v2\/product_tag?post=766442"}],"curies":[{"name":"wp","href":"https:\/\/api.w.org\/{rel}","templated":true}]}}