{"id":766440,"date":"2025-08-28T12:13:47","date_gmt":"2025-08-28T09:13:47","guid":{"rendered":"https:\/\/roveyayinevi.com.tr\/index.php\/urun\/gelis-ve-gidis\/"},"modified":"2026-04-15T03:32:13","modified_gmt":"2026-04-15T00:32:13","slug":"gelis-ve-gidis","status":"publish","type":"product","link":"https:\/\/roveyayinevi.com.tr\/index.php\/urun\/gelis-ve-gidis\/","title":{"rendered":"Geli\u015f ve Gidi\u015f"},"content":{"rendered":"<p>Arthur Koestler, sava\u015f\u0131n tam ortas\u0131nda ahl\u00e2ki sorgulamalara y\u00f6nelmek zorunda kalan bir direni\u015f\u00e7inin, Peter Slavek\u2019in hik\u00e2yesini anlat\u0131yor. Peter \u00fclkesinde g\u00f6rd\u00fc\u011f\u00fc sert i\u015fkencelerden sa\u011f \u00e7\u0131kar ve polislere hi\u00e7bir \u015fey anlatmad\u0131\u011f\u0131 i\u00e7in bir kahramana d\u00f6n\u00fc\u015f\u00fcr. Hem hayatta kalman\u0131n tek yolu olarak, hem de d\u00fczenli orduya kat\u0131l\u0131p direnmeye devam etme iste\u011fiyle bir gemiye atlay\u0131p Tarafs\u0131zdiyar adl\u0131 \u00fclkeye ka\u00e7ar. Fa\u015fistlerden kurtulmu\u015ftur kurtulmas\u0131na ama yakas\u0131n\u0131 bir t\u00fcrl\u00fc b\u0131rakmayan \u015feyler vard\u0131r. \u00d6l\u00fcm kal\u0131m m\u00fccadelesi verirken ge\u00e7mi\u015fine d\u00f6nmeye, ki\u015fisel ve politik bir vicdan muhasebesine giri\u015fmeye mecbur kal\u0131r. Geli\u015f ve Gidi\u015f, toplumsal olaylar ile insan\u0131n i\u00e7sel meselelerinin bir anda nas\u0131l kesi\u015fip hayat\u0131 alt\u00fcst edebilece\u011fine dair \u015foke edici bir roman. \u201cKoestler, \u00e7a\u011fda\u015f bir atmosfer yaratmak ve karakterlerinin, ait olduklar\u0131 medeniyetin b\u00fct\u00fcn\u00fcn\u00fc temsil etmelerini sa\u011flamak konusundaki ola\u011fan\u00fcst\u00fc yetene\u011finden Geli\u015f ve Gidi\u015f\u2019te \u00e7ok iyi bi\u00e7imde yararlanm\u0131\u015ft\u0131r.\u201d Saul Bellow<\/p>\n","protected":false},"excerpt":{"rendered":"<p>Arthur Koestler, sava\u015f\u0131n tam ortas\u0131nda ahl\u00e2ki sorgulamalara y\u00f6nelmek zorunda kalan bir direni\u015f\u00e7inin, Peter Slavek\u2019in hik\u00e2yesini anlat\u0131yor. Peter \u00fclkesinde g\u00f6rd\u00fc\u011f\u00fc sert i\u015fkencelerden sa\u011f \u00e7\u0131kar ve polislere hi\u00e7bir<span class=\"excerpt-hellip\"> [\u2026]<\/span><\/p>\n","protected":false},"featured_media":0,"template":"","meta":{"_monsterinsights_skip_tracking":false,"_monsterinsights_sitenote_active":false,"_monsterinsights_sitenote_note":"","_monsterinsights_sitenote_category":0},"product_brand":[],"product_cat":[12291,12711],"product_tag":[],"class_list":{"0":"post-766440","1":"product","2":"type-product","3":"status-publish","5":"product_cat-edebiyat","6":"product_cat-roman-oyku","7":"pa_cilt-ciltsiz","8":"pa_tur-kitap","9":"pa_yayinevi-iletisim-yayinlari","10":"pa_yazar-arthur-koestler","12":"first","13":"instock","14":"sale","15":"shipping-taxable","16":"purchasable","17":"product-type-simple"},"_links":{"self":[{"href":"https:\/\/roveyayinevi.com.tr\/index.php\/wp-json\/wp\/v2\/product\/766440","targetHints":{"allow":["GET"]}}],"collection":[{"href":"https:\/\/roveyayinevi.com.tr\/index.php\/wp-json\/wp\/v2\/product"}],"about":[{"href":"https:\/\/roveyayinevi.com.tr\/index.php\/wp-json\/wp\/v2\/types\/product"}],"wp:attachment":[{"href":"https:\/\/roveyayinevi.com.tr\/index.php\/wp-json\/wp\/v2\/media?parent=766440"}],"wp:term":[{"taxonomy":"product_brand","embeddable":true,"href":"https:\/\/roveyayinevi.com.tr\/index.php\/wp-json\/wp\/v2\/product_brand?post=766440"},{"taxonomy":"product_cat","embeddable":true,"href":"https:\/\/roveyayinevi.com.tr\/index.php\/wp-json\/wp\/v2\/product_cat?post=766440"},{"taxonomy":"product_tag","embeddable":true,"href":"https:\/\/roveyayinevi.com.tr\/index.php\/wp-json\/wp\/v2\/product_tag?post=766440"}],"curies":[{"name":"wp","href":"https:\/\/api.w.org\/{rel}","templated":true}]}}