{"id":766438,"date":"2025-08-28T12:13:44","date_gmt":"2025-08-28T09:13:44","guid":{"rendered":"https:\/\/roveyayinevi.com.tr\/index.php\/urun\/ash-ve-arkadaslari-pokemon-ara-ve-bul-boyamalarim\/"},"modified":"2026-04-15T03:32:13","modified_gmt":"2026-04-15T00:32:13","slug":"ash-ve-arkadaslari-pokemon-ara-ve-bul-boyamalarim","status":"publish","type":"product","link":"https:\/\/roveyayinevi.com.tr\/index.php\/urun\/ash-ve-arkadaslari-pokemon-ara-ve-bul-boyamalarim\/","title":{"rendered":"Ash ve Arkada\u015flar\u0131 &#8211; Pokemon Ara ve Bul Boyamalar\u0131m"},"content":{"rendered":"<p>\u015e\u0130MD\u0130 SIRA SENDE!   Kitab\u0131n\u0131n sayfalar\u0131nda gizlenmi\u015f Pok\u00e9monlar\u0131 bulmak i\u00e7in Ash ve arkada\u015flar\u0131na kat\u0131l. Hepsini bulduktan sonra, sahneleri istedi\u011fin gibi renklendirebilecek ve kitab\u0131ndaki \u00f6rnekleri kullanarak bir\u00e7ok Pok\u00e9mon\u2019u boyayabileceksin! <\/p>\n","protected":false},"excerpt":{"rendered":"<p>\u015e\u0130MD\u0130 SIRA SENDE! Kitab\u0131n\u0131n sayfalar\u0131nda gizlenmi\u015f Pok\u00e9monlar\u0131 bulmak i\u00e7in Ash ve arkada\u015flar\u0131na kat\u0131l. Hepsini bulduktan sonra, sahneleri istedi\u011fin gibi renklendirebilecek ve kitab\u0131ndaki \u00f6rnekleri kullanarak bir\u00e7ok Pok\u00e9mon\u2019u<span class=\"excerpt-hellip\"> [\u2026]<\/span><\/p>\n","protected":false},"featured_media":0,"template":"","meta":{"_monsterinsights_skip_tracking":false,"_monsterinsights_sitenote_active":false,"_monsterinsights_sitenote_note":"","_monsterinsights_sitenote_category":0},"product_brand":[],"product_cat":[12644,12274],"product_tag":[],"class_list":{"0":"post-766438","1":"product","2":"type-product","3":"status-publish","5":"product_cat-boyama-kitaplari","6":"product_cat-cocuk-ve-genclik-kitaplari","7":"pa_cilt-ciltsiz","8":"pa_tur-kitap","9":"pa_yayinevi-dogan-cocuk","10":"pa_yazar-kolektif","12":"first","13":"instock","14":"sale","15":"shipping-taxable","16":"purchasable","17":"product-type-simple"},"_links":{"self":[{"href":"https:\/\/roveyayinevi.com.tr\/index.php\/wp-json\/wp\/v2\/product\/766438","targetHints":{"allow":["GET"]}}],"collection":[{"href":"https:\/\/roveyayinevi.com.tr\/index.php\/wp-json\/wp\/v2\/product"}],"about":[{"href":"https:\/\/roveyayinevi.com.tr\/index.php\/wp-json\/wp\/v2\/types\/product"}],"wp:attachment":[{"href":"https:\/\/roveyayinevi.com.tr\/index.php\/wp-json\/wp\/v2\/media?parent=766438"}],"wp:term":[{"taxonomy":"product_brand","embeddable":true,"href":"https:\/\/roveyayinevi.com.tr\/index.php\/wp-json\/wp\/v2\/product_brand?post=766438"},{"taxonomy":"product_cat","embeddable":true,"href":"https:\/\/roveyayinevi.com.tr\/index.php\/wp-json\/wp\/v2\/product_cat?post=766438"},{"taxonomy":"product_tag","embeddable":true,"href":"https:\/\/roveyayinevi.com.tr\/index.php\/wp-json\/wp\/v2\/product_tag?post=766438"}],"curies":[{"name":"wp","href":"https:\/\/api.w.org\/{rel}","templated":true}]}}