{"id":766436,"date":"2025-08-28T12:13:40","date_gmt":"2025-08-28T09:13:40","guid":{"rendered":"https:\/\/roveyayinevi.com.tr\/index.php\/urun\/metis-ajanda-2025-ailenizin-ajandasi\/"},"modified":"2026-04-15T03:32:13","modified_gmt":"2026-04-15T00:32:13","slug":"metis-ajanda-2025-ailenizin-ajandasi","status":"publish","type":"product","link":"https:\/\/roveyayinevi.com.tr\/index.php\/urun\/metis-ajanda-2025-ailenizin-ajandasi\/","title":{"rendered":"Metis Ajanda 2025: Ailenizin Ajandas\u0131"},"content":{"rendered":"<p>En savunmas\u0131z ve etkilenmeye a\u00e7\u0131k oldu\u011fumuz y\u0131llar\u0131m\u0131z\u0131 ge\u00e7irdi\u011fimiz yerdir aile. \u0130yisiyle k\u00f6t\u00fcs\u00fcyle bizi biz yapan ortamd\u0131r. Tam da bu nedenle iktidarlar\u0131n \u00e7ok sevdi\u011fi bir hizaya sokma kurumudur ayn\u0131 zamanda. Aileyi belli bir hiyerar\u015fi alt\u0131nda d\u00fczenleyip \u201caile reisini\u201d de bu d\u00fczenin koruyucusu yapmak, y\u00fczy\u0131llard\u0131r en ba\u015far\u0131l\u0131 idare bi\u00e7imlerinden biri olagelmi\u015ftir.   \u201cS\u0131cak yuva\u201d bizi korur, besler, b\u00fcy\u00fct\u00fcr. Ama denetimden azade oldu\u011funda, \u201ckol k\u0131r\u0131l\u0131p yen i\u00e7inde kald\u0131\u011f\u0131nda\u201d, ataerkil d\u00fczenin beraberinde getirdi\u011fi bask\u0131, \u015fiddet ve istismar \u00f6rtbas edilir, nice su\u00e7lar cezas\u0131z kal\u0131r. Tekil bireyler aile kurumunun insaf\u0131na b\u0131rak\u0131ld\u0131klar\u0131nda vatanda\u015fl\u0131k haklar\u0131na sahip \u00e7\u0131kmalar\u0131 zorla\u015f\u0131r; bu yap\u0131n\u0131n d\u0131\u015f\u0131nda kalmak isteyenlerin hayat\u0131 ise ya\u015fanmaz hale gelir.   \u201cSe\u00e7ilmi\u015f akrabal\u0131klar\u201ddan, g\u00f6n\u00fcll\u00fc kolektiflerden olu\u015fan bir toplum hayalimiz olsa da, aile daha nice zaman ba\u015fl\u0131ca \u00f6rg\u00fctlenme bi\u00e7imimiz kalacak muhtemelen. O halde aileyi daha demokratik, daha \u00f6zg\u00fcr, daha ferah bir ortam haline getirmek i\u00e7in \u00f6ncelikle mevcut sorunlar\u0131n fark\u0131na varmam\u0131z gerekiyor.   Bu seneki ajandam\u0131z\u0131n konusunu se\u00e7erken bunlar vard\u0131 akl\u0131m\u0131zda. Aileyi dokunulmazl\u0131\u011f\u0131 olan kutsal bir varl\u0131k olarak de\u011fil de iyile\u015ftirilmeye muhta\u00e7 bir kurum olarak ele almak istedik. Aile ba\u011flar\u0131n\u0131n hangi malzemeden yap\u0131ld\u0131\u011f\u0131na ve yap\u0131lmas\u0131 gerekti\u011fine kafa yorduk. Bu kurumun d\u0131\u015f\u0131na a\u00e7\u0131lman\u0131n imk\u00e2nlar\u0131na da bir g\u00f6z att\u0131k.   Sevginin yan\u0131 s\u0131ra kar\u015f\u0131l\u0131kl\u0131 sayg\u0131ya dayanan ili\u015fkilerle \u00f6r\u00fcl\u00fc, zorunluluk de\u011fil g\u00f6n\u00fcll\u00fcl\u00fck temelli, daha e\u015fitlik\u00e7i ailelerin kuruldu\u011fu g\u00fczel bir y\u0131l dile\u011fiyle\u2026   \u2014 Metis Yay\u0131nlar\u0131 <\/p>\n","protected":false},"excerpt":{"rendered":"<p>En savunmas\u0131z ve etkilenmeye a\u00e7\u0131k oldu\u011fumuz y\u0131llar\u0131m\u0131z\u0131 ge\u00e7irdi\u011fimiz yerdir aile. \u0130yisiyle k\u00f6t\u00fcs\u00fcyle bizi biz yapan ortamd\u0131r. Tam da bu nedenle iktidarlar\u0131n \u00e7ok sevdi\u011fi bir hizaya sokma<span class=\"excerpt-hellip\"> [\u2026]<\/span><\/p>\n","protected":false},"featured_media":0,"template":"","meta":{"_monsterinsights_skip_tracking":false,"_monsterinsights_sitenote_active":false,"_monsterinsights_sitenote_note":"","_monsterinsights_sitenote_category":0},"product_brand":[],"product_cat":[12365,12364],"product_tag":[],"class_list":{"0":"post-766436","1":"product","2":"type-product","3":"status-publish","5":"product_cat-diger-genel-konular","6":"product_cat-genel-konular","7":"pa_cilt-ciltsiz","8":"pa_tur-kitap","9":"pa_yayinevi-metis-yayinlari","10":"pa_yazar-kolektif","12":"first","13":"instock","14":"sale","15":"shipping-taxable","16":"purchasable","17":"product-type-simple"},"_links":{"self":[{"href":"https:\/\/roveyayinevi.com.tr\/index.php\/wp-json\/wp\/v2\/product\/766436","targetHints":{"allow":["GET"]}}],"collection":[{"href":"https:\/\/roveyayinevi.com.tr\/index.php\/wp-json\/wp\/v2\/product"}],"about":[{"href":"https:\/\/roveyayinevi.com.tr\/index.php\/wp-json\/wp\/v2\/types\/product"}],"wp:attachment":[{"href":"https:\/\/roveyayinevi.com.tr\/index.php\/wp-json\/wp\/v2\/media?parent=766436"}],"wp:term":[{"taxonomy":"product_brand","embeddable":true,"href":"https:\/\/roveyayinevi.com.tr\/index.php\/wp-json\/wp\/v2\/product_brand?post=766436"},{"taxonomy":"product_cat","embeddable":true,"href":"https:\/\/roveyayinevi.com.tr\/index.php\/wp-json\/wp\/v2\/product_cat?post=766436"},{"taxonomy":"product_tag","embeddable":true,"href":"https:\/\/roveyayinevi.com.tr\/index.php\/wp-json\/wp\/v2\/product_tag?post=766436"}],"curies":[{"name":"wp","href":"https:\/\/api.w.org\/{rel}","templated":true}]}}