{"id":766435,"date":"2025-08-28T12:13:38","date_gmt":"2025-08-28T09:13:38","guid":{"rendered":"https:\/\/roveyayinevi.com.tr\/index.php\/urun\/hello-kitty-hayvanlarla-renkler-ciltli\/"},"modified":"2026-04-15T03:32:13","modified_gmt":"2026-04-15T00:32:13","slug":"hello-kitty-hayvanlarla-renkler-ciltli","status":"publish","type":"product","link":"https:\/\/roveyayinevi.com.tr\/index.php\/urun\/hello-kitty-hayvanlarla-renkler-ciltli\/","title":{"rendered":"Hello Kitty &#8211; Hayvanlarla Renkler (Ciltli)"},"content":{"rendered":"<p>\u00c7ocuklar Hello Kitty\u2019nin tatl\u0131 d\u00fcnyas\u0131nda \u015fekiller, z\u0131tl\u0131klar, say\u0131lar ve renklerle tan\u0131\u015f\u0131yor. \u00b7         Minik parmaklara \u00f6zel tasarlanm\u0131\u015f kal\u0131n ve renkli sayfalar Kolay anla\u015f\u0131l\u0131r, k\u0131sa metinler G\u00f6rsel ve bili\u015fsel geli\u015fimi destekleyen i\u00e7erik Sevimli kahramanlar ve \u00e7izimlerle dolu e\u011flenceli sayfalar   Hello Kitty ile \u00e7ocuklar \u00f6\u011frenmeyi \u00e7ok sevecek!  <\/p>\n","protected":false},"excerpt":{"rendered":"<p>\u00c7ocuklar Hello Kitty\u2019nin tatl\u0131 d\u00fcnyas\u0131nda \u015fekiller, z\u0131tl\u0131klar, say\u0131lar ve renklerle tan\u0131\u015f\u0131yor. \u00b7 Minik parmaklara \u00f6zel tasarlanm\u0131\u015f kal\u0131n ve renkli sayfalar Kolay anla\u015f\u0131l\u0131r, k\u0131sa metinler G\u00f6rsel ve<span class=\"excerpt-hellip\"> [\u2026]<\/span><\/p>\n","protected":false},"featured_media":0,"template":"","meta":{"_monsterinsights_skip_tracking":false,"_monsterinsights_sitenote_active":false,"_monsterinsights_sitenote_note":"","_monsterinsights_sitenote_category":0},"product_brand":[],"product_cat":[12274,15842],"product_tag":[],"class_list":{"0":"post-766435","1":"product","2":"type-product","3":"status-publish","5":"product_cat-cocuk-ve-genclik-kitaplari","6":"product_cat-egitici-kitaplar","7":"pa_cilt-ciltli","8":"pa_tur-kitap","9":"pa_yayinevi-dogan-cocuk","10":"pa_yazar-kolektif","12":"first","13":"instock","14":"sale","15":"shipping-taxable","16":"purchasable","17":"product-type-simple"},"_links":{"self":[{"href":"https:\/\/roveyayinevi.com.tr\/index.php\/wp-json\/wp\/v2\/product\/766435","targetHints":{"allow":["GET"]}}],"collection":[{"href":"https:\/\/roveyayinevi.com.tr\/index.php\/wp-json\/wp\/v2\/product"}],"about":[{"href":"https:\/\/roveyayinevi.com.tr\/index.php\/wp-json\/wp\/v2\/types\/product"}],"wp:attachment":[{"href":"https:\/\/roveyayinevi.com.tr\/index.php\/wp-json\/wp\/v2\/media?parent=766435"}],"wp:term":[{"taxonomy":"product_brand","embeddable":true,"href":"https:\/\/roveyayinevi.com.tr\/index.php\/wp-json\/wp\/v2\/product_brand?post=766435"},{"taxonomy":"product_cat","embeddable":true,"href":"https:\/\/roveyayinevi.com.tr\/index.php\/wp-json\/wp\/v2\/product_cat?post=766435"},{"taxonomy":"product_tag","embeddable":true,"href":"https:\/\/roveyayinevi.com.tr\/index.php\/wp-json\/wp\/v2\/product_tag?post=766435"}],"curies":[{"name":"wp","href":"https:\/\/api.w.org\/{rel}","templated":true}]}}