{"id":766427,"date":"2025-08-28T12:13:16","date_gmt":"2025-08-28T09:13:16","guid":{"rendered":"https:\/\/roveyayinevi.com.tr\/index.php\/urun\/spirituel-arinma\/"},"modified":"2026-04-15T03:32:13","modified_gmt":"2026-04-15T00:32:13","slug":"spirituel-arinma","status":"publish","type":"product","link":"https:\/\/roveyayinevi.com.tr\/index.php\/urun\/spirituel-arinma\/","title":{"rendered":"Spiritu\u0308el Ar\u0131nma"},"content":{"rendered":"<p>S\u0131k\u0131\u015fm\u0131\u015f ve t\u00fckenmi\u015f mi hissediyorsunuz? \u0130\u00e7sel huzurunuzu mu kaybettiniz? Hayat\u0131n\u0131za ne\u015fe ve mutlulu\u011fu davet etmenin yollar\u0131n\u0131 m\u0131 ar\u0131yorsunuz? E\u011fer bu sorulara yan\u0131t\u0131n\u0131z evetse do\u011fru yerdesiniz!   \u00dcnl\u00fc enerji \u015fifas\u0131 uzman\u0131 Oliver Ni\u00f1o, okurlar\u0131 i\u00e7in \u00f6zel olarak geli\u015ftirdi\u011fi 5 ad\u0131ml\u0131, 15 g\u00fcnl\u00fck enerji detoksu program\u0131yla kar\u015f\u0131n\u0131zda! Bu program, kendinizi t\u0131kanm\u0131\u015f hissettiren gizli blokajlar\u0131 a\u00e7\u0131\u011fa \u00e7\u0131kararak, hayat\u0131n\u0131zdaki olumsuz inan\u00e7lardan ve duygulardan ar\u0131nman\u0131za yard\u0131mc\u0131 olacak. \u0130\u00e7sel d\u00f6n\u00fc\u015f\u00fcm\u00fcn\u00fcz\u00fc h\u0131zland\u0131rarak, ruhsal ve fiziksel sa\u011fl\u0131\u011f\u0131n\u0131z\u0131 yeniden canland\u0131racaks\u0131n\u0131z.   Enerji detoksu yapt\u0131\u011f\u0131n\u0131zda, hayat\u0131n\u0131zdaki her \u015feyin nas\u0131l de\u011fi\u015fti\u011fine tan\u0131kl\u0131k edeceksiniz. Daha net d\u00fc\u015f\u00fcnceler, daha hafif bir beden ve \u00e7evrenize yayd\u0131\u011f\u0131n\u0131z pozitif etkiyle dolup ta\u015facaks\u0131n\u0131z. Hayallerinizin pe\u015finden ko\u015farken, yolunuza \u00e7\u0131kan e\u015fzamanl\u0131l\u0131klar\u0131 kolayca fark edecek ve evrenin sundu\u011fu i\u015faretlerle dolu bir ya\u015fam\u0131n kap\u0131lar\u0131n\u0131 aralayacaks\u0131n\u0131z.   Daha sa\u011fl\u0131kl\u0131, daha mutlu ve daha anlaml\u0131 bir ya\u015fam i\u00e7in ilk ad\u0131m\u0131 atmaya haz\u0131r m\u0131s\u0131n\u0131z?   \u201cOliver, enerji \u015fifas\u0131 uygulamalar\u0131ndan hayatlar\u0131nda daha fazla ne\u015fe, i\u00e7 huzur ve zindelik deneyimlemek isteyenlerin faydalanabilece\u011fi yetenekli bir \u015fifac\u0131.&#8221; -Tony Robbins,  New York Times \u00e7oksatan yazar\u0131 <\/p>\n","protected":false},"excerpt":{"rendered":"<p>S\u0131k\u0131\u015fm\u0131\u015f ve t\u00fckenmi\u015f mi hissediyorsunuz? \u0130\u00e7sel huzurunuzu mu kaybettiniz? Hayat\u0131n\u0131za ne\u015fe ve mutlulu\u011fu davet etmenin yollar\u0131n\u0131 m\u0131 ar\u0131yorsunuz? E\u011fer bu sorulara yan\u0131t\u0131n\u0131z evetse do\u011fru yerdesiniz! \u00dcnl\u00fc<span class=\"excerpt-hellip\"> [\u2026]<\/span><\/p>\n","protected":false},"featured_media":0,"template":"","meta":{"_monsterinsights_skip_tracking":false,"_monsterinsights_sitenote_active":false,"_monsterinsights_sitenote_note":"","_monsterinsights_sitenote_category":0},"product_brand":[],"product_cat":[12364,12376],"product_tag":[],"class_list":{"0":"post-766427","1":"product","2":"type-product","3":"status-publish","5":"product_cat-genel-konular","6":"product_cat-kisisel-gelisim","7":"pa_cilt-ciltsiz","8":"pa_tur-kitap","9":"pa_yayinevi-omega","10":"pa_yazar-oliver-nino","12":"first","13":"instock","14":"sale","15":"shipping-taxable","16":"purchasable","17":"product-type-simple"},"_links":{"self":[{"href":"https:\/\/roveyayinevi.com.tr\/index.php\/wp-json\/wp\/v2\/product\/766427","targetHints":{"allow":["GET"]}}],"collection":[{"href":"https:\/\/roveyayinevi.com.tr\/index.php\/wp-json\/wp\/v2\/product"}],"about":[{"href":"https:\/\/roveyayinevi.com.tr\/index.php\/wp-json\/wp\/v2\/types\/product"}],"wp:attachment":[{"href":"https:\/\/roveyayinevi.com.tr\/index.php\/wp-json\/wp\/v2\/media?parent=766427"}],"wp:term":[{"taxonomy":"product_brand","embeddable":true,"href":"https:\/\/roveyayinevi.com.tr\/index.php\/wp-json\/wp\/v2\/product_brand?post=766427"},{"taxonomy":"product_cat","embeddable":true,"href":"https:\/\/roveyayinevi.com.tr\/index.php\/wp-json\/wp\/v2\/product_cat?post=766427"},{"taxonomy":"product_tag","embeddable":true,"href":"https:\/\/roveyayinevi.com.tr\/index.php\/wp-json\/wp\/v2\/product_tag?post=766427"}],"curies":[{"name":"wp","href":"https:\/\/api.w.org\/{rel}","templated":true}]}}