{"id":766423,"date":"2025-08-28T12:13:06","date_gmt":"2025-08-28T09:13:06","guid":{"rendered":"https:\/\/roveyayinevi.com.tr\/index.php\/urun\/mavi-kar-yangini\/"},"modified":"2026-04-15T03:32:13","modified_gmt":"2026-04-15T00:32:13","slug":"mavi-kar-yangini","status":"publish","type":"product","link":"https:\/\/roveyayinevi.com.tr\/index.php\/urun\/mavi-kar-yangini\/","title":{"rendered":"Mavi Kar Yang\u0131n\u0131"},"content":{"rendered":"<p>Hayat yolculu\u011funuzda bazen kendinizi a\u015f\u0131r\u0131 bir duygusall\u0131\u011fa do\u011fru yol al\u0131rken bazense kendinizi tebess\u00fcm ederken bulabilirsiniz. Bazen a\u015f\u0131r\u0131 duygusal bir olaya tebess\u00fcmle yakla\u015f\u0131labildi\u011fini bazense tebess\u00fcmle kar\u015f\u0131lanacak bir olay\u0131n perde arkas\u0131nda derin duygusall\u0131klar\u0131n yatabildi\u011fine tan\u0131k olabilirsiniz Sizleri bir yaz\u0131da duygusall\u0131kla ba\u015fba\u015fa b\u0131rak\u0131rken ba\u015fka bir c\u00fcmlede size tebess\u00fcm ettirebilmek benim i\u00e7in b\u00fcy\u00fck bir mutluluk! <\/p>\n","protected":false},"excerpt":{"rendered":"<p>Hayat yolculu\u011funuzda bazen kendinizi a\u015f\u0131r\u0131 bir duygusall\u0131\u011fa do\u011fru yol al\u0131rken bazense kendinizi tebess\u00fcm ederken bulabilirsiniz. Bazen a\u015f\u0131r\u0131 duygusal bir olaya tebess\u00fcmle yakla\u015f\u0131labildi\u011fini bazense tebess\u00fcmle kar\u015f\u0131lanacak bir<span class=\"excerpt-hellip\"> [\u2026]<\/span><\/p>\n","protected":false},"featured_media":0,"template":"","meta":{"_monsterinsights_skip_tracking":false,"_monsterinsights_sitenote_active":false,"_monsterinsights_sitenote_note":"","_monsterinsights_sitenote_category":0},"product_brand":[],"product_cat":[12291,12509],"product_tag":[],"class_list":{"0":"post-766423","1":"product","2":"type-product","3":"status-publish","5":"product_cat-edebiyat","6":"product_cat-siir","7":"pa_cilt-ciltsiz","8":"pa_tur-kitap","9":"pa_yayinevi-kmd-yayinlari","10":"pa_yazar-mehmet-kaymak","12":"first","13":"instock","14":"sale","15":"shipping-taxable","16":"purchasable","17":"product-type-simple"},"_links":{"self":[{"href":"https:\/\/roveyayinevi.com.tr\/index.php\/wp-json\/wp\/v2\/product\/766423","targetHints":{"allow":["GET"]}}],"collection":[{"href":"https:\/\/roveyayinevi.com.tr\/index.php\/wp-json\/wp\/v2\/product"}],"about":[{"href":"https:\/\/roveyayinevi.com.tr\/index.php\/wp-json\/wp\/v2\/types\/product"}],"wp:attachment":[{"href":"https:\/\/roveyayinevi.com.tr\/index.php\/wp-json\/wp\/v2\/media?parent=766423"}],"wp:term":[{"taxonomy":"product_brand","embeddable":true,"href":"https:\/\/roveyayinevi.com.tr\/index.php\/wp-json\/wp\/v2\/product_brand?post=766423"},{"taxonomy":"product_cat","embeddable":true,"href":"https:\/\/roveyayinevi.com.tr\/index.php\/wp-json\/wp\/v2\/product_cat?post=766423"},{"taxonomy":"product_tag","embeddable":true,"href":"https:\/\/roveyayinevi.com.tr\/index.php\/wp-json\/wp\/v2\/product_tag?post=766423"}],"curies":[{"name":"wp","href":"https:\/\/api.w.org\/{rel}","templated":true}]}}