{"id":766421,"date":"2025-08-28T12:13:02","date_gmt":"2025-08-28T09:13:02","guid":{"rendered":"https:\/\/roveyayinevi.com.tr\/index.php\/urun\/araf-5\/"},"modified":"2026-04-15T03:32:13","modified_gmt":"2026-04-15T00:32:13","slug":"araf-5","status":"publish","type":"product","link":"https:\/\/roveyayinevi.com.tr\/index.php\/urun\/araf-5\/","title":{"rendered":"A&#8217;raf"},"content":{"rendered":"<p>A\u015fk, \u00e7\u00f6z\u00fclmesi en imk\u00e2ns\u0131z olan, \u00e7ok bilinmeyenli bir denklemdi. Saf duygular\u0131n prangas\u0131, akl\u0131n ve mant\u0131\u011f\u0131n zafiyeti, y\u00fcre\u011fin ince hastal\u0131\u011f\u0131yd\u0131. U\u011fruna \u00e7ekilmi\u015f ac\u0131lar, yitirilmi\u015f ya\u015famlar, par\u00e7alanm\u0131\u015f y\u00fcreklerden bakiye; kitaplar dolusu roman\u0131n, \u015fiirin, \u015fark\u0131n\u0131n, yak\u0131lan a\u011f\u0131t\u0131n ana temas\u0131yd\u0131. Huzursuzluklar\u0131n ve uykusuzluklar\u0131n temel nedeni, vuslata hasret giden g\u00f6n\u00fcllerin \u00f6m\u00fcr t\u00f6rp\u00fcs\u00fcyd\u00fc. Kar\u015f\u0131l\u0131\u011f\u0131 olmayan ve kar\u015f\u0131l\u0131k beklenmeyen en nank\u00f6r tutkular\u0131n ad\u0131yd\u0131. A\u015fk, ilk olarak \u00c2dem ile Havva\u2019n\u0131n, u\u011fruna yasak elmay\u0131 dahi yemeyi g\u00f6ze almalar\u0131, cennetten kovulmalar\u0131n\u0131n nedeniydi. A\u015fk, ko\u015fulsuzca vermekti. Kar\u015f\u0131l\u0131k beklememekti. U\u011fruna \u00f6lmekti. Pervane olup, a\u015fk ate\u015fiyle yanmakt\u0131, her zorlu\u011fa dayanmakt\u0131. Ac\u0131dan haz duymakt\u0131. \u00d6l\u00fcm\u00fcn bile sonland\u0131ramad\u0131\u011f\u0131 en derin ba\u011fl\u0131l\u0131kt\u0131. <\/p>\n","protected":false},"excerpt":{"rendered":"<p>A\u015fk, \u00e7\u00f6z\u00fclmesi en imk\u00e2ns\u0131z olan, \u00e7ok bilinmeyenli bir denklemdi. Saf duygular\u0131n prangas\u0131, akl\u0131n ve mant\u0131\u011f\u0131n zafiyeti, y\u00fcre\u011fin ince hastal\u0131\u011f\u0131yd\u0131. U\u011fruna \u00e7ekilmi\u015f ac\u0131lar, yitirilmi\u015f ya\u015famlar, par\u00e7alanm\u0131\u015f y\u00fcreklerden<span class=\"excerpt-hellip\"> [\u2026]<\/span><\/p>\n","protected":false},"featured_media":0,"template":"","meta":{"_monsterinsights_skip_tracking":false,"_monsterinsights_sitenote_active":false,"_monsterinsights_sitenote_note":"","_monsterinsights_sitenote_category":0},"product_brand":[],"product_cat":[12540,12291],"product_tag":[],"class_list":{"0":"post-766421","1":"product","2":"type-product","3":"status-publish","5":"product_cat-bilim-kurgu","6":"product_cat-edebiyat","7":"pa_cilt-ciltsiz","8":"pa_tur-kitap","9":"pa_yayinevi-kmd-yayinlari","10":"pa_yazar-mehmet-demir","12":"first","13":"instock","14":"sale","15":"shipping-taxable","16":"purchasable","17":"product-type-simple"},"_links":{"self":[{"href":"https:\/\/roveyayinevi.com.tr\/index.php\/wp-json\/wp\/v2\/product\/766421","targetHints":{"allow":["GET"]}}],"collection":[{"href":"https:\/\/roveyayinevi.com.tr\/index.php\/wp-json\/wp\/v2\/product"}],"about":[{"href":"https:\/\/roveyayinevi.com.tr\/index.php\/wp-json\/wp\/v2\/types\/product"}],"wp:attachment":[{"href":"https:\/\/roveyayinevi.com.tr\/index.php\/wp-json\/wp\/v2\/media?parent=766421"}],"wp:term":[{"taxonomy":"product_brand","embeddable":true,"href":"https:\/\/roveyayinevi.com.tr\/index.php\/wp-json\/wp\/v2\/product_brand?post=766421"},{"taxonomy":"product_cat","embeddable":true,"href":"https:\/\/roveyayinevi.com.tr\/index.php\/wp-json\/wp\/v2\/product_cat?post=766421"},{"taxonomy":"product_tag","embeddable":true,"href":"https:\/\/roveyayinevi.com.tr\/index.php\/wp-json\/wp\/v2\/product_tag?post=766421"}],"curies":[{"name":"wp","href":"https:\/\/api.w.org\/{rel}","templated":true}]}}