{"id":766420,"date":"2025-08-28T12:13:00","date_gmt":"2025-08-28T09:13:00","guid":{"rendered":"https:\/\/roveyayinevi.com.tr\/index.php\/urun\/cadilik\/"},"modified":"2026-04-15T03:32:13","modified_gmt":"2026-04-15T00:32:13","slug":"cadilik","status":"publish","type":"product","link":"https:\/\/roveyayinevi.com.tr\/index.php\/urun\/cadilik\/","title":{"rendered":"Cad\u0131l\u0131k"},"content":{"rendered":"<p>Neden d\u00fcnyan\u0131n d\u00f6rt bir yan\u0131ndaki toplumlar cad\u0131lardan korkmu\u015ftur? Cad\u0131l\u0131\u011f\u0131n ba\u011flam\u0131n\u0131, inan\u00e7lar\u0131n\u0131 ve Avrupa tarihindeki k\u00f6kenlerini derinlemesine inceleyen bu kitapta, cad\u0131larla ilgili tutumlara dair pek \u00e7ok sorunun cevab\u0131n\u0131 bulmak m\u00fcmk\u00fcn. Cad\u0131, erken modern d\u00f6nemde Avrupa\u2019da \u00f6n plana \u00e7\u0131km\u0131\u015fsa da k\u00f6kenleri co\u011frafi olarak \u00e7ok daha \u00e7e\u015fitli ve tarihsel olarak \u00e7ok daha derindir. Paganizm ve cad\u0131l\u0131k konusunda \u00f6nde gelen bir otorite olan Ronald Hutton, bu d\u00f6n\u00fcm noktas\u0131 niteli\u011findeki kitab\u0131nda antik d\u00fcnyadan erken modern d\u00f6neme kadar cad\u0131l\u0131\u011f\u0131n izini s\u00fcr\u00fcyor. Avrupa\u2019n\u0131n me\u015fhur cad\u0131 mahkemelerini derin perspektiften ele alan Hutton, Afrika, Orta Do\u011fu, G\u00fcney Asya, Avustralya, Kuzey ve G\u00fcney Amerika da dahil olmak \u00fczere d\u00fcnyan\u0131n d\u00f6rt bir yan\u0131nda cad\u0131 oldu\u011fundan \u015f\u00fcphelenilen ki\u015filere yap\u0131lan muameleler konusundaki tutumlar\u0131 inceliyor. Yeni antropolojik ve etnografik yakla\u015f\u0131m\u0131 k\u00fclt\u00fcrel miras ve de\u011fi\u015fime odaklan\u0131rken, \u015eamanizm, halk dini, cad\u0131 mahkemelerinin kapsam\u0131 ve cad\u0131l\u0131k korkusunun nas\u0131l ortadan kald\u0131r\u0131labilece\u011fini ele al\u0131yor. <\/p>\n","protected":false},"excerpt":{"rendered":"<p>Neden d\u00fcnyan\u0131n d\u00f6rt bir yan\u0131ndaki toplumlar cad\u0131lardan korkmu\u015ftur? Cad\u0131l\u0131\u011f\u0131n ba\u011flam\u0131n\u0131, inan\u00e7lar\u0131n\u0131 ve Avrupa tarihindeki k\u00f6kenlerini derinlemesine inceleyen bu kitapta, cad\u0131larla ilgili tutumlara dair pek \u00e7ok sorunun<span class=\"excerpt-hellip\"> [\u2026]<\/span><\/p>\n","protected":false},"featured_media":0,"template":"","meta":{"_monsterinsights_skip_tracking":false,"_monsterinsights_sitenote_active":false,"_monsterinsights_sitenote_note":"","_monsterinsights_sitenote_category":0},"product_brand":[],"product_cat":[12370,12304],"product_tag":[],"class_list":{"0":"post-766420","1":"product","2":"type-product","3":"status-publish","5":"product_cat-arastirma-inceleme","6":"product_cat-tarih","7":"pa_cilt-ciltsiz","8":"pa_tur-kitap","9":"pa_yayinevi-say-yayinlari","10":"pa_yazar-ronald-hutton","12":"first","13":"instock","14":"sale","15":"shipping-taxable","16":"purchasable","17":"product-type-simple"},"_links":{"self":[{"href":"https:\/\/roveyayinevi.com.tr\/index.php\/wp-json\/wp\/v2\/product\/766420","targetHints":{"allow":["GET"]}}],"collection":[{"href":"https:\/\/roveyayinevi.com.tr\/index.php\/wp-json\/wp\/v2\/product"}],"about":[{"href":"https:\/\/roveyayinevi.com.tr\/index.php\/wp-json\/wp\/v2\/types\/product"}],"wp:attachment":[{"href":"https:\/\/roveyayinevi.com.tr\/index.php\/wp-json\/wp\/v2\/media?parent=766420"}],"wp:term":[{"taxonomy":"product_brand","embeddable":true,"href":"https:\/\/roveyayinevi.com.tr\/index.php\/wp-json\/wp\/v2\/product_brand?post=766420"},{"taxonomy":"product_cat","embeddable":true,"href":"https:\/\/roveyayinevi.com.tr\/index.php\/wp-json\/wp\/v2\/product_cat?post=766420"},{"taxonomy":"product_tag","embeddable":true,"href":"https:\/\/roveyayinevi.com.tr\/index.php\/wp-json\/wp\/v2\/product_tag?post=766420"}],"curies":[{"name":"wp","href":"https:\/\/api.w.org\/{rel}","templated":true}]}}