{"id":766418,"date":"2025-08-28T12:12:57","date_gmt":"2025-08-28T09:12:57","guid":{"rendered":"https:\/\/roveyayinevi.com.tr\/index.php\/urun\/ibn-i-arabide-mistik-astroloji\/"},"modified":"2025-09-29T06:29:19","modified_gmt":"2025-09-29T03:29:19","slug":"ibn-i-arabide-mistik-astroloji","status":"publish","type":"product","link":"https:\/\/roveyayinevi.com.tr\/index.php\/urun\/ibn-i-arabide-mistik-astroloji\/","title":{"rendered":"\u0130bn-i Arabi\u2019de Mistik Astroloji"},"content":{"rendered":"<p>\u0130bn-i Arabi&#8217;nin d\u00fc\u015f\u00fcnceleri, Mezopotamya ve Yunan gelene\u011findeki kehanet sistemleriyle do\u011frudan \u00f6rt\u00fc\u015fmese de benzer temel prensiplere dayan\u0131r ve evrensel bir d\u00fczen aray\u0131\u015f\u0131n\u0131 yans\u0131t\u0131r. \u0130bn-i Arabi&#8217;nin evrensel ruh kavram\u0131, evrenin bir b\u00fct\u00fcn olarak alg\u0131lanmas\u0131n\u0131 ve her \u015feyin birbirine ba\u011fl\u0131 oldu\u011funu vurgular. \u0130bn-i Arabi&#8217;ye g\u00f6re, insanlar evrenle olan ili\u015fkilerini anlamak i\u00e7in farkl\u0131 ara\u00e7lar kullan\u0131r ve evrenin gizemlerini anlama \u00e7abas\u0131 i\u00e7indedirler. Ona g\u00f6re, her varl\u0131k evrensel bir ruhun yans\u0131mas\u0131d\u0131r ve bu ruh, her \u015feyi birbirine ba\u011flayan derin bir b\u00fct\u00fcnl\u00fc\u011f\u00fc ifade eder. Bu ba\u011flamda, \u0130bn-i Arabi&#8217;nin d\u00fc\u015f\u00fcnceleri, kehanet sistemleriyle benzer bir temel \u00fczerinde durur. \u0130nsanlar, evrenin i\u015fleyi\u015fini anlamak ve gelece\u011fi \u00f6ng\u00f6rmek i\u00e7in farkl\u0131 semboller ve ara\u00e7lar kullan\u0131rken, asl\u0131nda evrenin derinliklerindeki gizemleri ke\u015ffetmeye \u00e7al\u0131\u015f\u0131rlar. Bu nedenle, Ibn-i Arabi&#8217;nin evrensel ruh kavram\u0131, Mezopotamya ve Yunan gelene\u011findeki kehanet sistemlerine benzer bir temel d\u00fc\u015f\u00fcnceyi yans\u0131t\u0131r: evrenin b\u00fct\u00fcnl\u00fc\u011f\u00fcne ve her \u015feyin birbirine ba\u011fl\u0131l\u0131\u011f\u0131na olan inan\u00e7. Ancak, Ibn-i Arabi&#8217;nin d\u00fc\u015f\u00fcnceleri daha metafizik ve mistik bir boyutta ele al\u0131n\u0131r ve evrenin derinliklerindeki ruhsal ba\u011flant\u0131lar\u0131 vurgular.<\/p>\n","protected":false},"excerpt":{"rendered":"<p>\u0130bn-i Arabi&#8217;nin d\u00fc\u015f\u00fcnceleri, Mezopotamya ve Yunan gelene\u011findeki kehanet sistemleriyle do\u011frudan \u00f6rt\u00fc\u015fmese de benzer temel prensiplere dayan\u0131r ve evrensel bir d\u00fczen aray\u0131\u015f\u0131n\u0131 yans\u0131t\u0131r. \u0130bn-i Arabi&#8217;nin evrensel ruh<span class=\"excerpt-hellip\"> [\u2026]<\/span><\/p>\n","protected":false},"featured_media":0,"template":"","meta":{"_monsterinsights_skip_tracking":false,"_monsterinsights_sitenote_active":false,"_monsterinsights_sitenote_note":"","_monsterinsights_sitenote_category":0},"product_brand":[],"product_cat":[19840,12364],"product_tag":[],"class_list":{"0":"post-766418","1":"product","2":"type-product","3":"status-publish","5":"product_cat-astroloji","6":"product_cat-genel-konular","7":"pa_cilt-ciltsiz","8":"pa_tur-kitap","9":"pa_yayinevi-nostos-yayinevi","10":"pa_yazar-vahyettin-aygun","12":"first","13":"instock","14":"sale","15":"shipping-taxable","16":"purchasable","17":"product-type-simple"},"_links":{"self":[{"href":"https:\/\/roveyayinevi.com.tr\/index.php\/wp-json\/wp\/v2\/product\/766418","targetHints":{"allow":["GET"]}}],"collection":[{"href":"https:\/\/roveyayinevi.com.tr\/index.php\/wp-json\/wp\/v2\/product"}],"about":[{"href":"https:\/\/roveyayinevi.com.tr\/index.php\/wp-json\/wp\/v2\/types\/product"}],"wp:attachment":[{"href":"https:\/\/roveyayinevi.com.tr\/index.php\/wp-json\/wp\/v2\/media?parent=766418"}],"wp:term":[{"taxonomy":"product_brand","embeddable":true,"href":"https:\/\/roveyayinevi.com.tr\/index.php\/wp-json\/wp\/v2\/product_brand?post=766418"},{"taxonomy":"product_cat","embeddable":true,"href":"https:\/\/roveyayinevi.com.tr\/index.php\/wp-json\/wp\/v2\/product_cat?post=766418"},{"taxonomy":"product_tag","embeddable":true,"href":"https:\/\/roveyayinevi.com.tr\/index.php\/wp-json\/wp\/v2\/product_tag?post=766418"}],"curies":[{"name":"wp","href":"https:\/\/api.w.org\/{rel}","templated":true}]}}