{"id":766417,"date":"2025-08-28T12:12:55","date_gmt":"2025-08-28T09:12:55","guid":{"rendered":"https:\/\/roveyayinevi.com.tr\/index.php\/urun\/muslumaniz-elhamdulillah\/"},"modified":"2026-04-15T03:32:13","modified_gmt":"2026-04-15T00:32:13","slug":"muslumaniz-elhamdulillah","status":"publish","type":"product","link":"https:\/\/roveyayinevi.com.tr\/index.php\/urun\/muslumaniz-elhamdulillah\/","title":{"rendered":"M\u00fcsl\u00fcman\u0131z Elhamd\u00fclillah"},"content":{"rendered":"<p>Namus ayaklar\u0131yla nara atar\u0131z Mangalda asla k\u00fcl b\u0131rakmay\u0131z, ama Kom\u015funun \u00f6zeline dil uzat\u0131r\u0131z M\u00fcsl\u00fcman\u0131z (!) elhamd\u00fclillah   Ki\u015fili\u011fe ya\u015fa bakmaz taciz ederiz Minnetimiz minder alt\u0131ndad\u0131r gizleriz K\u00f6hnelikle mazlum hakk\u0131 yeriz M\u00fcsl\u00fcman\u0131z (!) elhamd\u00fclillah   Vatan\u0131, milleti, bayra\u011f\u0131 s\u0131k\u0131 tutar\u0131z M\u00fcnaf\u0131kl\u0131kta \u00f6n saflarda ko\u015far\u0131z Ay\u0131lara day\u0131lara armut satar\u0131z M\u00fcsl\u00fcman\u0131z (!) elhamd\u00fclillah <\/p>\n","protected":false},"excerpt":{"rendered":"<p>Namus ayaklar\u0131yla nara atar\u0131z Mangalda asla k\u00fcl b\u0131rakmay\u0131z, ama Kom\u015funun \u00f6zeline dil uzat\u0131r\u0131z M\u00fcsl\u00fcman\u0131z (!) elhamd\u00fclillah Ki\u015fili\u011fe ya\u015fa bakmaz taciz ederiz Minnetimiz minder alt\u0131ndad\u0131r gizleriz K\u00f6hnelikle<span class=\"excerpt-hellip\"> [\u2026]<\/span><\/p>\n","protected":false},"featured_media":0,"template":"","meta":{"_monsterinsights_skip_tracking":false,"_monsterinsights_sitenote_active":false,"_monsterinsights_sitenote_note":"","_monsterinsights_sitenote_category":0},"product_brand":[],"product_cat":[12291,12509],"product_tag":[],"class_list":{"0":"post-766417","1":"product","2":"type-product","3":"status-publish","5":"product_cat-edebiyat","6":"product_cat-siir","7":"pa_cilt-ciltsiz","8":"pa_tur-kitap","9":"pa_yayinevi-kuytu-yayinlari","10":"pa_yazar-zekiye-dogan","12":"first","13":"instock","14":"sale","15":"shipping-taxable","16":"purchasable","17":"product-type-simple"},"_links":{"self":[{"href":"https:\/\/roveyayinevi.com.tr\/index.php\/wp-json\/wp\/v2\/product\/766417","targetHints":{"allow":["GET"]}}],"collection":[{"href":"https:\/\/roveyayinevi.com.tr\/index.php\/wp-json\/wp\/v2\/product"}],"about":[{"href":"https:\/\/roveyayinevi.com.tr\/index.php\/wp-json\/wp\/v2\/types\/product"}],"wp:attachment":[{"href":"https:\/\/roveyayinevi.com.tr\/index.php\/wp-json\/wp\/v2\/media?parent=766417"}],"wp:term":[{"taxonomy":"product_brand","embeddable":true,"href":"https:\/\/roveyayinevi.com.tr\/index.php\/wp-json\/wp\/v2\/product_brand?post=766417"},{"taxonomy":"product_cat","embeddable":true,"href":"https:\/\/roveyayinevi.com.tr\/index.php\/wp-json\/wp\/v2\/product_cat?post=766417"},{"taxonomy":"product_tag","embeddable":true,"href":"https:\/\/roveyayinevi.com.tr\/index.php\/wp-json\/wp\/v2\/product_tag?post=766417"}],"curies":[{"name":"wp","href":"https:\/\/api.w.org\/{rel}","templated":true}]}}