{"id":766416,"date":"2025-08-28T12:12:52","date_gmt":"2025-08-28T09:12:52","guid":{"rendered":"https:\/\/roveyayinevi.com.tr\/index.php\/urun\/lafcilar-destani\/"},"modified":"2026-04-15T03:32:13","modified_gmt":"2026-04-15T00:32:13","slug":"lafcilar-destani","status":"publish","type":"product","link":"https:\/\/roveyayinevi.com.tr\/index.php\/urun\/lafcilar-destani\/","title":{"rendered":"Lafc\u0131lar Destan\u0131"},"content":{"rendered":"<p>Geminin d\u00fcmeni elinizde olursa f\u0131rt\u0131nada alabora olmazs\u0131n\u0131z. Masum ah\u0131 almazsan\u0131z ucu buca\u011f\u0131 g\u00f6r\u00fcnmeyen deryada \u00e7aresiz kalmazs\u0131n\u0131z. F\u0131rt\u0131naya, ya\u011fmura, \u00e7amura, s\u0131rt\u0131n\u0131zdaki sinsi yaraya ra\u011fmen ya\u015famak zorundas\u0131n\u0131z. Dik durman\u0131n ka\u00e7 meydan muharebesi an\u0131na, ka\u00e7 zaferin e\u011filip b\u00fck\u00fclmeden kazan\u0131ld\u0131\u011f\u0131na, ya\u015fam\u0131n oldu\u011fu yerde umudun varl\u0131\u011f\u0131na inanmal\u0131s\u0131n\u0131z. Anam\u0131n babam\u0131n a\u015fk\u0131na, sevdas\u0131na ne yalanlar aktar\u0131ld\u0131. Sevgiye mezar kazmak, kazd\u0131rmak i\u00e7in her d\u00fcmen \u00e7evrildi lakin ben inand\u0131\u011f\u0131m bu davada, bu sat\u0131rlar\u0131mla, (Balabanl\u0131) Laf\u00e7\u0131lar soyumla, genlerimle, ge\u00e7mi\u015fimle, gelece\u011fimle kar\u015f\u0131n\u0131zday\u0131m! <\/p>\n","protected":false},"excerpt":{"rendered":"<p>Geminin d\u00fcmeni elinizde olursa f\u0131rt\u0131nada alabora olmazs\u0131n\u0131z. Masum ah\u0131 almazsan\u0131z ucu buca\u011f\u0131 g\u00f6r\u00fcnmeyen deryada \u00e7aresiz kalmazs\u0131n\u0131z. F\u0131rt\u0131naya, ya\u011fmura, \u00e7amura, s\u0131rt\u0131n\u0131zdaki sinsi yaraya ra\u011fmen ya\u015famak zorundas\u0131n\u0131z. Dik<span class=\"excerpt-hellip\"> [\u2026]<\/span><\/p>\n","protected":false},"featured_media":0,"template":"","meta":{"_monsterinsights_skip_tracking":false,"_monsterinsights_sitenote_active":false,"_monsterinsights_sitenote_note":"","_monsterinsights_sitenote_category":0},"product_brand":[],"product_cat":[12291,12711],"product_tag":[],"class_list":{"0":"post-766416","1":"product","2":"type-product","3":"status-publish","5":"product_cat-edebiyat","6":"product_cat-roman-oyku","7":"pa_cilt-ciltsiz","8":"pa_tur-kitap","9":"pa_yayinevi-kuytu-yayinlari","10":"pa_yazar-zekiye-dogan","12":"first","13":"instock","14":"sale","15":"shipping-taxable","16":"purchasable","17":"product-type-simple"},"_links":{"self":[{"href":"https:\/\/roveyayinevi.com.tr\/index.php\/wp-json\/wp\/v2\/product\/766416","targetHints":{"allow":["GET"]}}],"collection":[{"href":"https:\/\/roveyayinevi.com.tr\/index.php\/wp-json\/wp\/v2\/product"}],"about":[{"href":"https:\/\/roveyayinevi.com.tr\/index.php\/wp-json\/wp\/v2\/types\/product"}],"wp:attachment":[{"href":"https:\/\/roveyayinevi.com.tr\/index.php\/wp-json\/wp\/v2\/media?parent=766416"}],"wp:term":[{"taxonomy":"product_brand","embeddable":true,"href":"https:\/\/roveyayinevi.com.tr\/index.php\/wp-json\/wp\/v2\/product_brand?post=766416"},{"taxonomy":"product_cat","embeddable":true,"href":"https:\/\/roveyayinevi.com.tr\/index.php\/wp-json\/wp\/v2\/product_cat?post=766416"},{"taxonomy":"product_tag","embeddable":true,"href":"https:\/\/roveyayinevi.com.tr\/index.php\/wp-json\/wp\/v2\/product_tag?post=766416"}],"curies":[{"name":"wp","href":"https:\/\/api.w.org\/{rel}","templated":true}]}}