{"id":766414,"date":"2025-08-28T12:12:48","date_gmt":"2025-08-28T09:12:48","guid":{"rendered":"https:\/\/roveyayinevi.com.tr\/index.php\/urun\/korku-tuneli-7-korku-adasi\/"},"modified":"2026-04-15T03:32:13","modified_gmt":"2026-04-15T00:32:13","slug":"korku-tuneli-7-korku-adasi","status":"publish","type":"product","link":"https:\/\/roveyayinevi.com.tr\/index.php\/urun\/korku-tuneli-7-korku-adasi\/","title":{"rendered":"Korku T\u00fcneli 7 &#8211; Korku Adas\u0131"},"content":{"rendered":"<p>KORKU T\u00dcNEL\u0130NE G\u0130R\u0130N! CESARET\u0130N\u0130Z\u0130 TEST ED\u0130N!   D\u00fcnyan\u0131n en b\u00fcy\u00fck yat yar\u0131\u015flar\u0131ndan birinde, yar\u0131\u015f\u0131n tam ortas\u0131nda f\u0131rt\u0131naya yakalan\u0131yorsunuz. Yelkenleriniz par\u00e7alan\u0131p y\u0131rt\u0131l\u0131yor. Okyanusun ortas\u0131nda kalakal\u0131yorsunuz. Kar\u015f\u0131m\u0131za k\u00fc\u00e7\u00fck, \u015firin bir ada \u00e7\u0131k\u0131yor.   \u0130\u015fte bu, Korku Adas\u0131\u2026 Adaya \u00e7\u0131kars\u0131n\u0131z, \u00e7\u0131kmazs\u0131n\u0131z\u2026 Bu, sizin se\u00e7iminize kalm\u0131\u015f bir konu\u2026 Bu macerada s\u00fcrpriz sonlar sizi bekliyor.   Yar\u0131\u015f\u0131 kazan\u0131p \u00fcnl\u00fc ve zengin olabilirsiniz. Fakat adan\u0131n korkun\u00e7 dehlizlerinde ya da uzay\u0131n derinliklerinde yok olman\u0131z da olas\u0131\u2026 \u00c7\u00fcnk\u00fc bu macerada 17 farkl\u0131 son var\u2026 Bunlar\u0131n yaln\u0131z biri sizi amac\u0131n\u0131za ula\u015ft\u0131racak.   Bakal\u0131m cesur ve do\u011fru kararlar verebilecek misiniz? \u00c7\u00fcnk\u00fc ba\u015far\u0131ya yaln\u0131z b\u00f6yle ula\u015fabilirsiniz.     BU K\u0130TABIN KAHRAMANI S\u0130ZS\u0130N\u0130Z! MACERANIN G\u0130D\u0130\u015eATINI VERECE\u011e\u0130N\u0130Z KARARLAR BEL\u0130RLEYECEK!<\/p>\n","protected":false},"excerpt":{"rendered":"<p>KORKU T\u00dcNEL\u0130NE G\u0130R\u0130N! CESARET\u0130N\u0130Z\u0130 TEST ED\u0130N! D\u00fcnyan\u0131n en b\u00fcy\u00fck yat yar\u0131\u015flar\u0131ndan birinde, yar\u0131\u015f\u0131n tam ortas\u0131nda f\u0131rt\u0131naya yakalan\u0131yorsunuz. Yelkenleriniz par\u00e7alan\u0131p y\u0131rt\u0131l\u0131yor. Okyanusun ortas\u0131nda kalakal\u0131yorsunuz. Kar\u015f\u0131m\u0131za k\u00fc\u00e7\u00fck, \u015firin<span class=\"excerpt-hellip\"> [\u2026]<\/span><\/p>\n","protected":false},"featured_media":0,"template":"","meta":{"_monsterinsights_skip_tracking":false,"_monsterinsights_sitenote_active":false,"_monsterinsights_sitenote_note":"","_monsterinsights_sitenote_category":0},"product_brand":[],"product_cat":[12291,17033],"product_tag":[],"class_list":{"0":"post-766414","1":"product","2":"type-product","3":"status-publish","5":"product_cat-edebiyat","6":"product_cat-korku-gerilim","7":"pa_cilt-ciltsiz","8":"pa_tur-kitap","9":"pa_yayinevi-genc-hayat","10":"pa_yazar-tuncel-altinkopru","12":"first","13":"instock","14":"sale","15":"shipping-taxable","16":"purchasable","17":"product-type-simple"},"_links":{"self":[{"href":"https:\/\/roveyayinevi.com.tr\/index.php\/wp-json\/wp\/v2\/product\/766414","targetHints":{"allow":["GET"]}}],"collection":[{"href":"https:\/\/roveyayinevi.com.tr\/index.php\/wp-json\/wp\/v2\/product"}],"about":[{"href":"https:\/\/roveyayinevi.com.tr\/index.php\/wp-json\/wp\/v2\/types\/product"}],"wp:attachment":[{"href":"https:\/\/roveyayinevi.com.tr\/index.php\/wp-json\/wp\/v2\/media?parent=766414"}],"wp:term":[{"taxonomy":"product_brand","embeddable":true,"href":"https:\/\/roveyayinevi.com.tr\/index.php\/wp-json\/wp\/v2\/product_brand?post=766414"},{"taxonomy":"product_cat","embeddable":true,"href":"https:\/\/roveyayinevi.com.tr\/index.php\/wp-json\/wp\/v2\/product_cat?post=766414"},{"taxonomy":"product_tag","embeddable":true,"href":"https:\/\/roveyayinevi.com.tr\/index.php\/wp-json\/wp\/v2\/product_tag?post=766414"}],"curies":[{"name":"wp","href":"https:\/\/api.w.org\/{rel}","templated":true}]}}