{"id":766413,"date":"2025-08-28T12:12:46","date_gmt":"2025-08-28T09:12:46","guid":{"rendered":"https:\/\/roveyayinevi.com.tr\/index.php\/urun\/kara-bela-macera-gecidi-23\/"},"modified":"2026-04-15T03:32:13","modified_gmt":"2026-04-15T00:32:13","slug":"kara-bela-macera-gecidi-23","status":"publish","type":"product","link":"https:\/\/roveyayinevi.com.tr\/index.php\/urun\/kara-bela-macera-gecidi-23\/","title":{"rendered":"Kara Bela &#8211; Macera Ge\u00e7idi 23"},"content":{"rendered":"<p>KEND\u0130 MACERANIZI YA\u015eAMAYA HAZIR MISINIZ?     Bu kitapta, bir dedektifsiniz. Son zamanlarda i\u015fleriniz pek iyi gitmiyor. Tam, \u201cArt\u0131k bu b\u00fcroyu kapatman\u0131n zaman\u0131 geldi.\u201d dedi\u011finiz anda telefonunuz \u00e7al\u0131yor. Tela\u015fl\u0131 bir ses, ya\u015fam\u0131n\u0131n tehlikede oldu\u011funu s\u00f6yleyerek kendisini koruman\u0131z\u0131 istiyor. Adam\u0131n gerek\u00e7eleri size mant\u0131ks\u0131z gelse de \u00f6nerilen \u00fccret, bir servet&#8230; Kabul edip motosikletinize atl\u0131yor ve yola \u00e7\u0131k\u0131yorsunuz. B\u00f6ylece kendinizi benzersiz bir maceran\u0131n i\u00e7inde buluyorsunuz. T\u00fcylerinizi diken diken korkun\u00e7 bir \u015fato&#8230; Afrika\u2019dan kopup gelmi\u015f kara derili insanlar&#8230; Ac\u0131mas\u0131z bir Voodoo b\u00fcy\u00fcc\u00fcs\u00fc&#8230; De\u011fer bi\u00e7ilemeyen m\u00fcthi\u015f bir hazine&#8230; Bakal\u0131m bu macerada do\u011fru se\u00e7imler yap\u0131p \u00fcnl\u00fc, zengin ve cesaretini kan\u0131tlam\u0131\u015f biri olarak \u00e7\u0131kabilecek misiniz? \u00c7\u00fcnk\u00fc bu kitapta tam 16 farkl\u0131 son var&#8230; Bunlardan sadece biri sizi ba\u015far\u0131ya ula\u015ft\u0131racak.   MACERA GE\u00c7\u0130D\u0130NE G\u0130R\u0130N! CESARET\u0130N\u0130Z\u0130 TEST ED\u0130N.<\/p>\n","protected":false},"excerpt":{"rendered":"<p>KEND\u0130 MACERANIZI YA\u015eAMAYA HAZIR MISINIZ? Bu kitapta, bir dedektifsiniz. Son zamanlarda i\u015fleriniz pek iyi gitmiyor. Tam, \u201cArt\u0131k bu b\u00fcroyu kapatman\u0131n zaman\u0131 geldi.\u201d dedi\u011finiz anda telefonunuz \u00e7al\u0131yor.<span class=\"excerpt-hellip\"> [\u2026]<\/span><\/p>\n","protected":false},"featured_media":0,"template":"","meta":{"_monsterinsights_skip_tracking":false,"_monsterinsights_sitenote_active":false,"_monsterinsights_sitenote_note":"","_monsterinsights_sitenote_category":0},"product_brand":[],"product_cat":[12291,12711],"product_tag":[],"class_list":{"0":"post-766413","1":"product","2":"type-product","3":"status-publish","5":"product_cat-edebiyat","6":"product_cat-roman-oyku","7":"pa_cilt-ciltsiz","8":"pa_tur-kitap","9":"pa_yayinevi-genc-hayat","10":"pa_yazar-tuncel-altinkopru","12":"first","13":"instock","14":"sale","15":"shipping-taxable","16":"purchasable","17":"product-type-simple"},"_links":{"self":[{"href":"https:\/\/roveyayinevi.com.tr\/index.php\/wp-json\/wp\/v2\/product\/766413","targetHints":{"allow":["GET"]}}],"collection":[{"href":"https:\/\/roveyayinevi.com.tr\/index.php\/wp-json\/wp\/v2\/product"}],"about":[{"href":"https:\/\/roveyayinevi.com.tr\/index.php\/wp-json\/wp\/v2\/types\/product"}],"wp:attachment":[{"href":"https:\/\/roveyayinevi.com.tr\/index.php\/wp-json\/wp\/v2\/media?parent=766413"}],"wp:term":[{"taxonomy":"product_brand","embeddable":true,"href":"https:\/\/roveyayinevi.com.tr\/index.php\/wp-json\/wp\/v2\/product_brand?post=766413"},{"taxonomy":"product_cat","embeddable":true,"href":"https:\/\/roveyayinevi.com.tr\/index.php\/wp-json\/wp\/v2\/product_cat?post=766413"},{"taxonomy":"product_tag","embeddable":true,"href":"https:\/\/roveyayinevi.com.tr\/index.php\/wp-json\/wp\/v2\/product_tag?post=766413"}],"curies":[{"name":"wp","href":"https:\/\/api.w.org\/{rel}","templated":true}]}}