{"id":766404,"date":"2025-08-28T12:12:31","date_gmt":"2025-08-28T09:12:31","guid":{"rendered":"https:\/\/roveyayinevi.com.tr\/index.php\/urun\/tomi-oyalaniyor\/"},"modified":"2026-04-15T03:32:13","modified_gmt":"2026-04-15T00:32:13","slug":"tomi-oyalaniyor","status":"publish","type":"product","link":"https:\/\/roveyayinevi.com.tr\/index.php\/urun\/tomi-oyalaniyor\/","title":{"rendered":"Tomi Oyalan\u0131yor!"},"content":{"rendered":"<p>K\u00fc\u00e7\u00fck rakun s\u00fcrekli oyaland\u0131\u011f\u0131 i\u00e7in sevdi\u011fi pek \u00e7ok \u015feyi ka\u00e7\u0131r\u0131yor: Futbol ma\u00e7\u0131 onsuz oynan\u0131yor, en sevdi\u011fi \u00e7orba so\u011fuyor ve yatmadan \u00f6nce masal dinleyemiyor. Tomi, bu soruna acilen \u00e7\u00f6z\u00fcm bulmak i\u00e7in yard\u0131m istemeye karar veriyor. Her zaman acele etme ama oyalan\u0131rken hayat\u0131 ka\u00e7\u0131rma! <\/p>\n","protected":false},"excerpt":{"rendered":"<p>K\u00fc\u00e7\u00fck rakun s\u00fcrekli oyaland\u0131\u011f\u0131 i\u00e7in sevdi\u011fi pek \u00e7ok \u015feyi ka\u00e7\u0131r\u0131yor: Futbol ma\u00e7\u0131 onsuz oynan\u0131yor, en sevdi\u011fi \u00e7orba so\u011fuyor ve yatmadan \u00f6nce masal dinleyemiyor. Tomi, bu soruna<span class=\"excerpt-hellip\"> [\u2026]<\/span><\/p>\n","protected":false},"featured_media":0,"template":"","meta":{"_monsterinsights_skip_tracking":false,"_monsterinsights_sitenote_active":false,"_monsterinsights_sitenote_note":"","_monsterinsights_sitenote_category":0},"product_brand":[],"product_cat":[12274,12518],"product_tag":[],"class_list":{"0":"post-766404","1":"product","2":"type-product","3":"status-publish","5":"product_cat-cocuk-ve-genclik-kitaplari","6":"product_cat-okul-oncesi-kitaplar","7":"pa_cilt-ciltsiz","8":"pa_tur-kitap","9":"pa_yayinevi-is-bankasi-kultur-yayinlari","10":"pa_yazar-anne-hassel","12":"first","13":"instock","14":"sale","15":"shipping-taxable","16":"purchasable","17":"product-type-simple"},"_links":{"self":[{"href":"https:\/\/roveyayinevi.com.tr\/index.php\/wp-json\/wp\/v2\/product\/766404","targetHints":{"allow":["GET"]}}],"collection":[{"href":"https:\/\/roveyayinevi.com.tr\/index.php\/wp-json\/wp\/v2\/product"}],"about":[{"href":"https:\/\/roveyayinevi.com.tr\/index.php\/wp-json\/wp\/v2\/types\/product"}],"wp:attachment":[{"href":"https:\/\/roveyayinevi.com.tr\/index.php\/wp-json\/wp\/v2\/media?parent=766404"}],"wp:term":[{"taxonomy":"product_brand","embeddable":true,"href":"https:\/\/roveyayinevi.com.tr\/index.php\/wp-json\/wp\/v2\/product_brand?post=766404"},{"taxonomy":"product_cat","embeddable":true,"href":"https:\/\/roveyayinevi.com.tr\/index.php\/wp-json\/wp\/v2\/product_cat?post=766404"},{"taxonomy":"product_tag","embeddable":true,"href":"https:\/\/roveyayinevi.com.tr\/index.php\/wp-json\/wp\/v2\/product_tag?post=766404"}],"curies":[{"name":"wp","href":"https:\/\/api.w.org\/{rel}","templated":true}]}}