{"id":766403,"date":"2025-08-28T12:12:29","date_gmt":"2025-08-28T09:12:29","guid":{"rendered":"https:\/\/roveyayinevi.com.tr\/index.php\/urun\/zaman-cizelgeleriyle-dunya-tarihi\/"},"modified":"2026-04-15T03:32:13","modified_gmt":"2026-04-15T00:32:13","slug":"zaman-cizelgeleriyle-dunya-tarihi","status":"publish","type":"product","link":"https:\/\/roveyayinevi.com.tr\/index.php\/urun\/zaman-cizelgeleriyle-dunya-tarihi\/","title":{"rendered":"Zaman \u00c7izelgeleriyle D\u00fcnya Tarihi"},"content":{"rendered":"<p>Tekerle\u011fin ne zaman icat edildi\u011fini, Shakespeare\u2019in ne zaman do\u011fdu\u011funu, insanlar\u0131n Ay\u2019a ilk kez ne zaman ayak bast\u0131\u011f\u0131n\u0131 \u00f6\u011frenmek istiyorsan\u0131z arad\u0131\u011f\u0131n\u0131z cevaplar\u0131n hepsini burada bulacaks\u0131n\u0131z. Bu kitap, i\u00e7erdi\u011fi 3.500\u2019den fazla tarih maddesiyle ne zaman, nerede, ne oldu\u011funu anlatan vazge\u00e7ilmez rehberiniz olacak. Zaman \u00c7izelgeleriyle D\u00fcnya Tarihi\u2019nde, D\u00fcnya tarihini \u015fekillendiren en \u00f6nemli kilometre ta\u015flar\u0131 ve k\u0131r\u0131lma noktalar\u0131, 10.000 y\u0131l \u00f6ncesindeki ilk yerle\u015fimlerden 20. Y\u00fczy\u0131l\u2019\u0131n sonuna dek \u00f6zetleniyor, sava\u015flar ve devrimler, \u00e7\u0131\u011f\u0131r a\u00e7an icatlar ve ke\u015fifler, sanat ak\u0131mlar\u0131, b\u00fcy\u00fck imparatorluklar\u0131n y\u00fckseli\u015fleri ve \u00e7\u00f6k\u00fc\u015fleri anlat\u0131l\u0131yor.<\/p>\n","protected":false},"excerpt":{"rendered":"<p>Tekerle\u011fin ne zaman icat edildi\u011fini, Shakespeare\u2019in ne zaman do\u011fdu\u011funu, insanlar\u0131n Ay\u2019a ilk kez ne zaman ayak bast\u0131\u011f\u0131n\u0131 \u00f6\u011frenmek istiyorsan\u0131z arad\u0131\u011f\u0131n\u0131z cevaplar\u0131n hepsini burada bulacaks\u0131n\u0131z. Bu kitap,<span class=\"excerpt-hellip\"> [\u2026]<\/span><\/p>\n","protected":false},"featured_media":0,"template":"","meta":{"_monsterinsights_skip_tracking":false,"_monsterinsights_sitenote_active":false,"_monsterinsights_sitenote_note":"","_monsterinsights_sitenote_category":0},"product_brand":[],"product_cat":[13829,12274],"product_tag":[],"class_list":{"0":"post-766403","1":"product","2":"type-product","3":"status-publish","5":"product_cat-bilimsel-kitaplar","6":"product_cat-cocuk-ve-genclik-kitaplari","7":"pa_cilt-ciltsiz","8":"pa_tur-kitap","9":"pa_yayinevi-is-bankasi-kultur-yayinlari","10":"pa_yazar-jane-chisholm","12":"first","13":"instock","14":"sale","15":"shipping-taxable","16":"purchasable","17":"product-type-simple"},"_links":{"self":[{"href":"https:\/\/roveyayinevi.com.tr\/index.php\/wp-json\/wp\/v2\/product\/766403","targetHints":{"allow":["GET"]}}],"collection":[{"href":"https:\/\/roveyayinevi.com.tr\/index.php\/wp-json\/wp\/v2\/product"}],"about":[{"href":"https:\/\/roveyayinevi.com.tr\/index.php\/wp-json\/wp\/v2\/types\/product"}],"wp:attachment":[{"href":"https:\/\/roveyayinevi.com.tr\/index.php\/wp-json\/wp\/v2\/media?parent=766403"}],"wp:term":[{"taxonomy":"product_brand","embeddable":true,"href":"https:\/\/roveyayinevi.com.tr\/index.php\/wp-json\/wp\/v2\/product_brand?post=766403"},{"taxonomy":"product_cat","embeddable":true,"href":"https:\/\/roveyayinevi.com.tr\/index.php\/wp-json\/wp\/v2\/product_cat?post=766403"},{"taxonomy":"product_tag","embeddable":true,"href":"https:\/\/roveyayinevi.com.tr\/index.php\/wp-json\/wp\/v2\/product_tag?post=766403"}],"curies":[{"name":"wp","href":"https:\/\/api.w.org\/{rel}","templated":true}]}}