{"id":766401,"date":"2025-08-28T12:12:25","date_gmt":"2025-08-28T09:12:25","guid":{"rendered":"https:\/\/roveyayinevi.com.tr\/index.php\/urun\/halimiz-ne-olacak-teknoloji-ve-yarinin-insani\/"},"modified":"2026-04-15T03:32:12","modified_gmt":"2026-04-15T00:32:12","slug":"halimiz-ne-olacak-teknoloji-ve-yarinin-insani","status":"publish","type":"product","link":"https:\/\/roveyayinevi.com.tr\/index.php\/urun\/halimiz-ne-olacak-teknoloji-ve-yarinin-insani\/","title":{"rendered":"Halimiz Ne Olacak? &#8211; Teknoloji ve Yar\u0131n\u0131n \u0130nsan\u0131"},"content":{"rendered":"<p>Ak\u0131ll\u0131 telefonlar, internet, biyoteknoloji, robotik, mikrocerrahi\u2026 Art\u0131k sadece d\u00fcnyay\u0131 veya ya\u015fam ko\u015fullar\u0131m\u0131z\u0131 de\u011fil, insan\u0131n kendisini d\u00f6n\u00fc\u015ft\u00fcrmekten bahsediyoruz. Yeni teknolojilerin olumlu etkileri ve riskleri nelerdir? Yar\u0131n\u0131n insan\u0131, \u00fcst\u00fcn yeteneklerle ve hibrit bir beyinle donat\u0131larak \u201cart\u0131r\u0131lm\u0131\u015f\u201d bir insan m\u0131 olacak? Yoksa hayat\u0131m\u0131za anlam veren k\u0131r\u0131lganl\u0131\u011f\u0131m\u0131zdan ve \u00f6l\u00fcml\u00fcl\u00fc\u011f\u00fcm\u00fczden mahrum bir \u201cazalt\u0131lm\u0131\u015f\u201d insana m\u0131 d\u00f6n\u00fc\u015fecek? Varolu\u015fumuz sorularla doludur ve bunlar\u0131n herkes i\u00e7in ge\u00e7erli, haz\u0131r cevaplar\u0131 yoktur. Peki e\u011fer d\u00fc\u015f\u00fcnmeyi \u00f6\u011frenmezsek t\u00fcm bu sorularla tek ba\u015f\u0131m\u0131za nas\u0131l ba\u015fa \u00e7\u0131kabiliriz? Gen\u00e7 Yeti\u015fkinlerle D\u00fc\u015f\u00fcnmek Dizisi, 18 ve \u00fczeri ya\u015f grubuna ya\u015famlar\u0131 \u00fczerine d\u00fc\u015f\u00fcnme becerisi kazand\u0131rmay\u0131, onlar\u0131 felsefi sorularla ve kavramlarla donatmay\u0131 ama\u00e7l\u0131yor. <\/p>\n","protected":false},"excerpt":{"rendered":"<p>Ak\u0131ll\u0131 telefonlar, internet, biyoteknoloji, robotik, mikrocerrahi\u2026 Art\u0131k sadece d\u00fcnyay\u0131 veya ya\u015fam ko\u015fullar\u0131m\u0131z\u0131 de\u011fil, insan\u0131n kendisini d\u00f6n\u00fc\u015ft\u00fcrmekten bahsediyoruz. Yeni teknolojilerin olumlu etkileri ve riskleri nelerdir? Yar\u0131n\u0131n insan\u0131,<span class=\"excerpt-hellip\"> [\u2026]<\/span><\/p>\n","protected":false},"featured_media":0,"template":"","meta":{"_monsterinsights_skip_tracking":false,"_monsterinsights_sitenote_active":false,"_monsterinsights_sitenote_note":"","_monsterinsights_sitenote_category":0},"product_brand":[],"product_cat":[12274,15842],"product_tag":[],"class_list":{"0":"post-766401","1":"product","2":"type-product","3":"status-publish","5":"product_cat-cocuk-ve-genclik-kitaplari","6":"product_cat-egitici-kitaplar","7":"pa_cilt-ciltsiz","8":"pa_tur-kitap","9":"pa_yayinevi-is-bankasi-kultur-yayinlari","10":"pa_yazar-claire-marin","12":"first","13":"instock","14":"sale","15":"shipping-taxable","16":"purchasable","17":"product-type-simple"},"_links":{"self":[{"href":"https:\/\/roveyayinevi.com.tr\/index.php\/wp-json\/wp\/v2\/product\/766401","targetHints":{"allow":["GET"]}}],"collection":[{"href":"https:\/\/roveyayinevi.com.tr\/index.php\/wp-json\/wp\/v2\/product"}],"about":[{"href":"https:\/\/roveyayinevi.com.tr\/index.php\/wp-json\/wp\/v2\/types\/product"}],"wp:attachment":[{"href":"https:\/\/roveyayinevi.com.tr\/index.php\/wp-json\/wp\/v2\/media?parent=766401"}],"wp:term":[{"taxonomy":"product_brand","embeddable":true,"href":"https:\/\/roveyayinevi.com.tr\/index.php\/wp-json\/wp\/v2\/product_brand?post=766401"},{"taxonomy":"product_cat","embeddable":true,"href":"https:\/\/roveyayinevi.com.tr\/index.php\/wp-json\/wp\/v2\/product_cat?post=766401"},{"taxonomy":"product_tag","embeddable":true,"href":"https:\/\/roveyayinevi.com.tr\/index.php\/wp-json\/wp\/v2\/product_tag?post=766401"}],"curies":[{"name":"wp","href":"https:\/\/api.w.org\/{rel}","templated":true}]}}