{"id":766400,"date":"2025-08-28T12:12:23","date_gmt":"2025-08-28T09:12:23","guid":{"rendered":"https:\/\/roveyayinevi.com.tr\/index.php\/urun\/esselamu-aleykum-pekin\/"},"modified":"2026-04-15T03:32:12","modified_gmt":"2026-04-15T00:32:12","slug":"esselamu-aleykum-pekin","status":"publish","type":"product","link":"https:\/\/roveyayinevi.com.tr\/index.php\/urun\/esselamu-aleykum-pekin\/","title":{"rendered":"Esselam\u00fc Aleyk\u00fcm Pekin!"},"content":{"rendered":"<p>\u201cE\u011fer a\u015fk\u0131 bulamad\u0131ysan, b\u0131rak a\u015fk seni bulsun.\u201d   Asma, sevdi\u011fi gen\u00e7 Ra ile evlenme heyecan\u0131 ya\u015famaktad\u0131r. Ama d\u00fc\u011f\u00fcn\u00fcne az bir zaman kala b\u00fcy\u00fck bir hayal k\u0131r\u0131kl\u0131\u011f\u0131 ya\u015far ve bu hayal k\u0131r\u0131kl\u0131\u011f\u0131 ile Pekin\u2019e gider. Orada gezi rehberi olan Zhong Wen ile tan\u0131\u015f\u0131r. Kafas\u0131 kar\u0131\u015f\u0131k ve \u00fczg\u00fcn gen\u00e7 k\u0131z ile mitolojiye hayran gen\u00e7 delikanl\u0131 birlikte yeni bir hik\u00e2yeyi, aray\u0131\u015f\u0131 ve s\u0131nanmay\u0131 ya\u015farlar. *** \u201cD\u00fcnyan\u0131n En Etkili 500 M\u00fcsl\u00fcman \u0130nsan\u0131\u201d listesinde yer alan ve d\u00fcnya \u00e7ap\u0131nda b\u00fcy\u00fck bir okur kitlesine sahip olan Asma Nadia\u2019n\u0131n sinemaya da uyarlanan bu roman\u0131, sizi de etkisi alt\u0131na alacak.   <\/p>\n","protected":false},"excerpt":{"rendered":"<p>\u201cE\u011fer a\u015fk\u0131 bulamad\u0131ysan, b\u0131rak a\u015fk seni bulsun.\u201d Asma, sevdi\u011fi gen\u00e7 Ra ile evlenme heyecan\u0131 ya\u015famaktad\u0131r. Ama d\u00fc\u011f\u00fcn\u00fcne az bir zaman kala b\u00fcy\u00fck bir hayal k\u0131r\u0131kl\u0131\u011f\u0131 ya\u015far<span class=\"excerpt-hellip\"> [\u2026]<\/span><\/p>\n","protected":false},"featured_media":0,"template":"","meta":{"_monsterinsights_skip_tracking":false,"_monsterinsights_sitenote_active":false,"_monsterinsights_sitenote_note":"","_monsterinsights_sitenote_category":0},"product_brand":[],"product_cat":[12291,12711],"product_tag":[],"class_list":{"0":"post-766400","1":"product","2":"type-product","3":"status-publish","5":"product_cat-edebiyat","6":"product_cat-roman-oyku","7":"pa_cilt-ciltsiz","8":"pa_tur-kitap","9":"pa_yayinevi-nesil-yayinlari","10":"pa_yazar-asma-nadia","12":"first","13":"instock","14":"sale","15":"shipping-taxable","16":"purchasable","17":"product-type-simple"},"_links":{"self":[{"href":"https:\/\/roveyayinevi.com.tr\/index.php\/wp-json\/wp\/v2\/product\/766400","targetHints":{"allow":["GET"]}}],"collection":[{"href":"https:\/\/roveyayinevi.com.tr\/index.php\/wp-json\/wp\/v2\/product"}],"about":[{"href":"https:\/\/roveyayinevi.com.tr\/index.php\/wp-json\/wp\/v2\/types\/product"}],"wp:attachment":[{"href":"https:\/\/roveyayinevi.com.tr\/index.php\/wp-json\/wp\/v2\/media?parent=766400"}],"wp:term":[{"taxonomy":"product_brand","embeddable":true,"href":"https:\/\/roveyayinevi.com.tr\/index.php\/wp-json\/wp\/v2\/product_brand?post=766400"},{"taxonomy":"product_cat","embeddable":true,"href":"https:\/\/roveyayinevi.com.tr\/index.php\/wp-json\/wp\/v2\/product_cat?post=766400"},{"taxonomy":"product_tag","embeddable":true,"href":"https:\/\/roveyayinevi.com.tr\/index.php\/wp-json\/wp\/v2\/product_tag?post=766400"}],"curies":[{"name":"wp","href":"https:\/\/api.w.org\/{rel}","templated":true}]}}