{"id":766398,"date":"2025-08-28T12:12:18","date_gmt":"2025-08-28T09:12:18","guid":{"rendered":"https:\/\/roveyayinevi.com.tr\/index.php\/urun\/okumak-neye-yarar\/"},"modified":"2026-04-15T03:32:12","modified_gmt":"2026-04-15T00:32:12","slug":"okumak-neye-yarar","status":"publish","type":"product","link":"https:\/\/roveyayinevi.com.tr\/index.php\/urun\/okumak-neye-yarar\/","title":{"rendered":"Okumak Neye Yarar?"},"content":{"rendered":"<p>Okumak neye yarar? Okuma s\u0131ras\u0131nda hangi zihinsel ve duygusal i\u015flemler i\u015f ba\u015f\u0131ndad\u0131r? \u0130nsan yeni teknolojilerin sundu\u011fu e\u011flenceli bir\u00e7ok u\u011fra\u015fa k\u0131yasla yava\u015f ve b\u0131kt\u0131r\u0131c\u0131 g\u00f6r\u00fcnebilen okuma etkinli\u011fine kendini neden zorlas\u0131n ki? Okuman\u0131n ka\u00e7\u0131\u015f oldu\u011fu s\u00f6ylenir s\u0131k s\u0131k. Fakat okumak her \u015feyden \u00f6nce kim oldu\u011fumuz \u00fczerine, i\u00e7inde ya\u015famak istedi\u011fimiz toplum \u00fczerine d\u00fc\u015f\u00fcnmek i\u00e7in bir f\u0131rsat de\u011fil mi? Varolu\u015fumuz sorularla doludur ve bunlar\u0131n herkes i\u00e7in ge\u00e7erli, haz\u0131r cevaplar\u0131 yoktur. Peki e\u011fer d\u00fc\u015f\u00fcnmeyi \u00f6\u011frenmezsek t\u00fcm bu sorularla tek ba\u015f\u0131m\u0131za nas\u0131l ba\u015fa \u00e7\u0131kabiliriz? Gen\u00e7 Yeti\u015fkinlerle D\u00fc\u015f\u00fcnmek Dizisi, 18 ve \u00fczeri ya\u015f grubuna ya\u015famlar\u0131 \u00fczerine d\u00fc\u015f\u00fcnme becerisi kazand\u0131rmay\u0131, onlar\u0131 felsefi sorularla ve kavramlarla donatmay\u0131 ama\u00e7l\u0131yor. <\/p>\n","protected":false},"excerpt":{"rendered":"<p>Okumak neye yarar? Okuma s\u0131ras\u0131nda hangi zihinsel ve duygusal i\u015flemler i\u015f ba\u015f\u0131ndad\u0131r? \u0130nsan yeni teknolojilerin sundu\u011fu e\u011flenceli bir\u00e7ok u\u011fra\u015fa k\u0131yasla yava\u015f ve b\u0131kt\u0131r\u0131c\u0131 g\u00f6r\u00fcnebilen okuma etkinli\u011fine<span class=\"excerpt-hellip\"> [\u2026]<\/span><\/p>\n","protected":false},"featured_media":0,"template":"","meta":{"_monsterinsights_skip_tracking":false,"_monsterinsights_sitenote_active":false,"_monsterinsights_sitenote_note":"","_monsterinsights_sitenote_category":0},"product_brand":[],"product_cat":[12274,15842],"product_tag":[],"class_list":{"0":"post-766398","1":"product","2":"type-product","3":"status-publish","5":"product_cat-cocuk-ve-genclik-kitaplari","6":"product_cat-egitici-kitaplar","7":"pa_cilt-ciltsiz","8":"pa_tur-kitap","9":"pa_yayinevi-is-bankasi-kultur-yayinlari","10":"pa_yazar-martine-gasparov","12":"first","13":"instock","14":"sale","15":"shipping-taxable","16":"purchasable","17":"product-type-simple"},"_links":{"self":[{"href":"https:\/\/roveyayinevi.com.tr\/index.php\/wp-json\/wp\/v2\/product\/766398","targetHints":{"allow":["GET"]}}],"collection":[{"href":"https:\/\/roveyayinevi.com.tr\/index.php\/wp-json\/wp\/v2\/product"}],"about":[{"href":"https:\/\/roveyayinevi.com.tr\/index.php\/wp-json\/wp\/v2\/types\/product"}],"wp:attachment":[{"href":"https:\/\/roveyayinevi.com.tr\/index.php\/wp-json\/wp\/v2\/media?parent=766398"}],"wp:term":[{"taxonomy":"product_brand","embeddable":true,"href":"https:\/\/roveyayinevi.com.tr\/index.php\/wp-json\/wp\/v2\/product_brand?post=766398"},{"taxonomy":"product_cat","embeddable":true,"href":"https:\/\/roveyayinevi.com.tr\/index.php\/wp-json\/wp\/v2\/product_cat?post=766398"},{"taxonomy":"product_tag","embeddable":true,"href":"https:\/\/roveyayinevi.com.tr\/index.php\/wp-json\/wp\/v2\/product_tag?post=766398"}],"curies":[{"name":"wp","href":"https:\/\/api.w.org\/{rel}","templated":true}]}}