{"id":766397,"date":"2025-08-28T12:12:16","date_gmt":"2025-08-28T09:12:16","guid":{"rendered":"https:\/\/roveyayinevi.com.tr\/index.php\/urun\/gercegin-pesinde-1-cilt\/"},"modified":"2026-04-15T03:32:12","modified_gmt":"2026-04-15T00:32:12","slug":"gercegin-pesinde-1-cilt","status":"publish","type":"product","link":"https:\/\/roveyayinevi.com.tr\/index.php\/urun\/gercegin-pesinde-1-cilt\/","title":{"rendered":"Ger\u00e7e\u011fin Pe\u015finde 1. Cilt"},"content":{"rendered":"<p>Acaba Dowan yeni kazand\u0131\u011f\u0131 yetenekleri ve oyunla\u015ft\u0131r\u0131lm\u0131\u015f varolu\u015funu zorbalar\u0131n\u0131 yenmek i\u00e7in kullanabilecek mi?   Dowan Ha, zorbalar\u0131 taraf\u0131ndan oyun i\u00e7i e\u015fyalar elde etmek i\u00e7in zorbal\u0131\u011fa u\u011frayan bir oyuncudur. Bu zorbalardan biri Dowan&#8217;dan kendisi i\u00e7in imk\u00e2ns\u0131z derecede nadir bir e\u015fya elde etmesini veya okulun en g\u00fczel k\u0131z\u0131n\u0131n \u00f6n\u00fcnde d\u00f6v\u00fclmesini talep eder ve Dowan bir hafta boyunca yorgunluktan \u00f6l\u00fcnceye kadar, gece g\u00fcnd\u00fcz oyun oynar.   Ancak \u00f6ld\u00fc\u011f\u00fc anda, \u00f6l\u00fcm\u00fcnden bir hafta \u00f6nceki haliyle s\u0131n\u0131f\u0131nda yeniden canlan\u0131r. G\u00f6r\u00fcn\u00fc\u015fte her \u015fey eskisi gibidir&#8230; Ancak \u015fimdi ger\u00e7ek hayatta oynad\u0131\u011f\u0131 oyunlardan edindi\u011fi t\u00fcm becerilere sahiptir!   <\/p>\n","protected":false},"excerpt":{"rendered":"<p>Acaba Dowan yeni kazand\u0131\u011f\u0131 yetenekleri ve oyunla\u015ft\u0131r\u0131lm\u0131\u015f varolu\u015funu zorbalar\u0131n\u0131 yenmek i\u00e7in kullanabilecek mi? Dowan Ha, zorbalar\u0131 taraf\u0131ndan oyun i\u00e7i e\u015fyalar elde etmek i\u00e7in zorbal\u0131\u011fa u\u011frayan bir<span class=\"excerpt-hellip\"> [\u2026]<\/span><\/p>\n","protected":false},"featured_media":0,"template":"","meta":{"_monsterinsights_skip_tracking":false,"_monsterinsights_sitenote_active":false,"_monsterinsights_sitenote_note":"","_monsterinsights_sitenote_category":0},"product_brand":[],"product_cat":[12416,12291],"product_tag":[],"class_list":{"0":"post-766397","1":"product","2":"type-product","3":"status-publish","5":"product_cat-cizgi-roman","6":"product_cat-edebiyat","7":"pa_cilt-ciltsiz","8":"pa_tur-kitap","9":"pa_yayinevi-artemis-yayinlari","10":"pa_yazar-joowon-lee","12":"first","13":"instock","14":"sale","15":"shipping-taxable","16":"purchasable","17":"product-type-simple"},"_links":{"self":[{"href":"https:\/\/roveyayinevi.com.tr\/index.php\/wp-json\/wp\/v2\/product\/766397","targetHints":{"allow":["GET"]}}],"collection":[{"href":"https:\/\/roveyayinevi.com.tr\/index.php\/wp-json\/wp\/v2\/product"}],"about":[{"href":"https:\/\/roveyayinevi.com.tr\/index.php\/wp-json\/wp\/v2\/types\/product"}],"wp:attachment":[{"href":"https:\/\/roveyayinevi.com.tr\/index.php\/wp-json\/wp\/v2\/media?parent=766397"}],"wp:term":[{"taxonomy":"product_brand","embeddable":true,"href":"https:\/\/roveyayinevi.com.tr\/index.php\/wp-json\/wp\/v2\/product_brand?post=766397"},{"taxonomy":"product_cat","embeddable":true,"href":"https:\/\/roveyayinevi.com.tr\/index.php\/wp-json\/wp\/v2\/product_cat?post=766397"},{"taxonomy":"product_tag","embeddable":true,"href":"https:\/\/roveyayinevi.com.tr\/index.php\/wp-json\/wp\/v2\/product_tag?post=766397"}],"curies":[{"name":"wp","href":"https:\/\/api.w.org\/{rel}","templated":true}]}}