{"id":766396,"date":"2025-08-28T12:12:14","date_gmt":"2025-08-28T09:12:14","guid":{"rendered":"https:\/\/roveyayinevi.com.tr\/index.php\/urun\/herkes-ayni-mi-moda-ve-ozgurluk\/"},"modified":"2026-04-15T03:32:12","modified_gmt":"2026-04-15T00:32:12","slug":"herkes-ayni-mi-moda-ve-ozgurluk","status":"publish","type":"product","link":"https:\/\/roveyayinevi.com.tr\/index.php\/urun\/herkes-ayni-mi-moda-ve-ozgurluk\/","title":{"rendered":"Herkes Ayn\u0131 M\u0131? \u2013 Moda Ve \u00d6zg\u00fcrl\u00fck"},"content":{"rendered":"<p>Moda nedir? Toplumsal bir olgu mu, bir ya\u015fam tarz\u0131 m\u0131, end\u00fcstri mi, bir ekonomi mi, bir sanat m\u0131? Ba\u015fkalar\u0131n\u0131 taklit ederek uyum sa\u011flamakla m\u0131 yoksa kalabal\u0131\u011f\u0131n aras\u0131ndan s\u0131yr\u0131lmakla m\u0131 ilgilidir? Ben ve ba\u015fkalar\u0131, \u015fimdiki zaman ve tarih, k\u0131s\u0131tl\u0131l\u0131k ve \u00f6zg\u00fcrl\u00fck aras\u0131nda daimi gerilim halinde bir dil olarak moda, her \u015feyden \u00f6nce, kim oldu\u011fumuzun, g\u00fc\u00e7l\u00fc taraflar\u0131m\u0131z\u0131n ve zay\u0131fl\u0131klar\u0131m\u0131z\u0131n yans\u0131mas\u0131d\u0131r. Varolu\u015fumuz sorularla doludur ve bunlar\u0131n herkes i\u00e7in ge\u00e7erli, haz\u0131r cevaplar\u0131 yoktur. Peki e\u011fer d\u00fc\u015f\u00fcnmeyi \u00f6\u011frenmezsek t\u00fcm bu sorularla tek ba\u015f\u0131m\u0131za nas\u0131l ba\u015fa \u00e7\u0131kabiliriz? Gen\u00e7 Yeti\u015fkinlerle D\u00fc\u015f\u00fcnmek Dizisi, 18 ve \u00fczeri ya\u015f grubuna ya\u015famlar\u0131 \u00fczerine d\u00fc\u015f\u00fcnme becerisi kazand\u0131rmay\u0131, onlar\u0131 felsefi sorularla ve kavramlarla donatmay\u0131 ama\u00e7l\u0131yor. <\/p>\n","protected":false},"excerpt":{"rendered":"<p>Moda nedir? Toplumsal bir olgu mu, bir ya\u015fam tarz\u0131 m\u0131, end\u00fcstri mi, bir ekonomi mi, bir sanat m\u0131? Ba\u015fkalar\u0131n\u0131 taklit ederek uyum sa\u011flamakla m\u0131 yoksa kalabal\u0131\u011f\u0131n<span class=\"excerpt-hellip\"> [\u2026]<\/span><\/p>\n","protected":false},"featured_media":0,"template":"","meta":{"_monsterinsights_skip_tracking":false,"_monsterinsights_sitenote_active":false,"_monsterinsights_sitenote_note":"","_monsterinsights_sitenote_category":0},"product_brand":[],"product_cat":[12274,15842],"product_tag":[],"class_list":{"0":"post-766396","1":"product","2":"type-product","3":"status-publish","5":"product_cat-cocuk-ve-genclik-kitaplari","6":"product_cat-egitici-kitaplar","7":"pa_cilt-ciltsiz","8":"pa_tur-kitap","9":"pa_yayinevi-is-bankasi-kultur-yayinlari","10":"pa_yazar-jennifer-thiault","12":"first","13":"instock","14":"sale","15":"shipping-taxable","16":"purchasable","17":"product-type-simple"},"_links":{"self":[{"href":"https:\/\/roveyayinevi.com.tr\/index.php\/wp-json\/wp\/v2\/product\/766396","targetHints":{"allow":["GET"]}}],"collection":[{"href":"https:\/\/roveyayinevi.com.tr\/index.php\/wp-json\/wp\/v2\/product"}],"about":[{"href":"https:\/\/roveyayinevi.com.tr\/index.php\/wp-json\/wp\/v2\/types\/product"}],"wp:attachment":[{"href":"https:\/\/roveyayinevi.com.tr\/index.php\/wp-json\/wp\/v2\/media?parent=766396"}],"wp:term":[{"taxonomy":"product_brand","embeddable":true,"href":"https:\/\/roveyayinevi.com.tr\/index.php\/wp-json\/wp\/v2\/product_brand?post=766396"},{"taxonomy":"product_cat","embeddable":true,"href":"https:\/\/roveyayinevi.com.tr\/index.php\/wp-json\/wp\/v2\/product_cat?post=766396"},{"taxonomy":"product_tag","embeddable":true,"href":"https:\/\/roveyayinevi.com.tr\/index.php\/wp-json\/wp\/v2\/product_tag?post=766396"}],"curies":[{"name":"wp","href":"https:\/\/api.w.org\/{rel}","templated":true}]}}