{"id":766395,"date":"2025-08-28T12:12:13","date_gmt":"2025-08-28T09:12:13","guid":{"rendered":"https:\/\/roveyayinevi.com.tr\/index.php\/urun\/her-sey-mutlu-olmak-icin-mi\/"},"modified":"2026-04-15T03:32:12","modified_gmt":"2026-04-15T00:32:12","slug":"her-sey-mutlu-olmak-icin-mi","status":"publish","type":"product","link":"https:\/\/roveyayinevi.com.tr\/index.php\/urun\/her-sey-mutlu-olmak-icin-mi\/","title":{"rendered":"Her \u015eey Mutlu Olmak \u0130\u00e7in Mi?"},"content":{"rendered":"<p>Mutluluk, hem bireysel hedefimiz hem toplumsal projemizdir. Her birimizi mutlu eden \u015fey gizemlidir ve ki\u015fiye \u00f6zeldir ama mutluluk topluca olu\u015fturdu\u011fumuz insanl\u0131\u011f\u0131m\u0131z\u0131n da bir arzusudur. Peki, bireyler kendilerine \u00f6zg\u00fc mutluluk anlay\u0131\u015flar\u0131yla bir arada ya\u015fayabilir mi? Varolu\u015fumuz sorularla doludur ve bunlar\u0131n herkes i\u00e7in ge\u00e7erli, haz\u0131r cevaplar\u0131 yoktur. Peki e\u011fer d\u00fc\u015f\u00fcnmeyi \u00f6\u011frenmezsek t\u00fcm bu sorularla tek ba\u015f\u0131m\u0131za nas\u0131l ba\u015fa \u00e7\u0131kabiliriz? Gen\u00e7 Yeti\u015fkinlerle D\u00fc\u015f\u00fcnmek Dizisi, 18 ve \u00fczeri ya\u015f grubuna ya\u015famlar\u0131 \u00fczerine d\u00fc\u015f\u00fcnme becerisi kazand\u0131rmay\u0131, onlar\u0131 felsefi sorularla ve kavramlarla donatmay\u0131 ama\u00e7l\u0131yor. <\/p>\n","protected":false},"excerpt":{"rendered":"<p>Mutluluk, hem bireysel hedefimiz hem toplumsal projemizdir. Her birimizi mutlu eden \u015fey gizemlidir ve ki\u015fiye \u00f6zeldir ama mutluluk topluca olu\u015fturdu\u011fumuz insanl\u0131\u011f\u0131m\u0131z\u0131n da bir arzusudur. Peki, bireyler<span class=\"excerpt-hellip\"> [\u2026]<\/span><\/p>\n","protected":false},"featured_media":0,"template":"","meta":{"_monsterinsights_skip_tracking":false,"_monsterinsights_sitenote_active":false,"_monsterinsights_sitenote_note":"","_monsterinsights_sitenote_category":0},"product_brand":[],"product_cat":[12274,15842],"product_tag":[],"class_list":{"0":"post-766395","1":"product","2":"type-product","3":"status-publish","5":"product_cat-cocuk-ve-genclik-kitaplari","6":"product_cat-egitici-kitaplar","7":"pa_cilt-ciltsiz","8":"pa_tur-kitap","9":"pa_yayinevi-is-bankasi-kultur-yayinlari","10":"pa_yazar-emmanuelle-de-champs","12":"first","13":"instock","14":"sale","15":"shipping-taxable","16":"purchasable","17":"product-type-simple"},"_links":{"self":[{"href":"https:\/\/roveyayinevi.com.tr\/index.php\/wp-json\/wp\/v2\/product\/766395","targetHints":{"allow":["GET"]}}],"collection":[{"href":"https:\/\/roveyayinevi.com.tr\/index.php\/wp-json\/wp\/v2\/product"}],"about":[{"href":"https:\/\/roveyayinevi.com.tr\/index.php\/wp-json\/wp\/v2\/types\/product"}],"wp:attachment":[{"href":"https:\/\/roveyayinevi.com.tr\/index.php\/wp-json\/wp\/v2\/media?parent=766395"}],"wp:term":[{"taxonomy":"product_brand","embeddable":true,"href":"https:\/\/roveyayinevi.com.tr\/index.php\/wp-json\/wp\/v2\/product_brand?post=766395"},{"taxonomy":"product_cat","embeddable":true,"href":"https:\/\/roveyayinevi.com.tr\/index.php\/wp-json\/wp\/v2\/product_cat?post=766395"},{"taxonomy":"product_tag","embeddable":true,"href":"https:\/\/roveyayinevi.com.tr\/index.php\/wp-json\/wp\/v2\/product_tag?post=766395"}],"curies":[{"name":"wp","href":"https:\/\/api.w.org\/{rel}","templated":true}]}}