{"id":766394,"date":"2025-08-28T12:12:11","date_gmt":"2025-08-28T09:12:11","guid":{"rendered":"https:\/\/roveyayinevi.com.tr\/index.php\/urun\/zabita-teskilati-tarihi\/"},"modified":"2026-04-15T03:32:12","modified_gmt":"2026-04-15T00:32:12","slug":"zabita-teskilati-tarihi","status":"publish","type":"product","link":"https:\/\/roveyayinevi.com.tr\/index.php\/urun\/zabita-teskilati-tarihi\/","title":{"rendered":"Zab\u0131ta Te\u015fkilat\u0131 Tarihi"},"content":{"rendered":"<p>Sosyal ve kamusal yap\u0131lar y\u00fczy\u0131llar i\u00e7inde daha karma\u015f\u0131k ve derin hale gelmi\u015ftir. Bu ba\u011flamda olu\u015fturulan kurum ve kurulu\u015flar\u0131n anlamlar\u0131 ve i\u015flevleri de buna paralel olarak derinle\u015fmi\u015ftir. Nitekim en temel ihtiya\u00e7lar\u0131n ba\u015f\u0131nda gelen g\u00fcvenlik de toplum ve onun olu\u015fturdu\u011fu yap\u0131larca \u00fczerine en \u00e7ok fikir y\u00fcr\u00fct\u00fclen konular\u0131n ba\u015f\u0131nda gelmi\u015ftir. Her toplum g\u00fcvenlik ihtiyac\u0131n\u0131 \u00e7\u00f6zmek i\u00e7in kendi dinamiklerine g\u00f6re y\u00f6ntemler geli\u015ftirmi\u015ftir. Kurduklar\u0131 kendilerine \u00f6zg\u00fc organizasyonlarla olu\u015fan ve olu\u015fmas\u0131 muhtemel sorunlara \u00f6nlem almay\u0131 hedeflemi\u015flerdir. Bu toplu ya\u015faman\u0131n ve elbette kentsel ya\u015fam\u0131n bir gere\u011fidir. Zab\u0131tal\u0131k kurumu da bunlardan biridir.        T\u00fcrk Zab\u0131ta Te\u015fkilat\u0131 da modern ismi ile ortaya \u00e7\u0131kmas\u0131ndan \u00e7ok\u00e7a \u00f6nce devlet mekanizmas\u0131nda yer alm\u0131\u015f ve ekonomik ve sosyal hayat\u0131n \u00f6nemli bir par\u00e7as\u0131 haline gelmi\u015ftir.  Zab\u0131ta Te\u015fkilat\u0131 Tarihi adl\u0131 bu kitapta bu mekanizman\u0131n geli\u015fimi anlat\u0131lm\u0131\u015ft\u0131r<\/p>\n","protected":false},"excerpt":{"rendered":"<p>Sosyal ve kamusal yap\u0131lar y\u00fczy\u0131llar i\u00e7inde daha karma\u015f\u0131k ve derin hale gelmi\u015ftir. Bu ba\u011flamda olu\u015fturulan kurum ve kurulu\u015flar\u0131n anlamlar\u0131 ve i\u015flevleri de buna paralel olarak derinle\u015fmi\u015ftir.<span class=\"excerpt-hellip\"> [\u2026]<\/span><\/p>\n","protected":false},"featured_media":0,"template":"","meta":{"_monsterinsights_skip_tracking":false,"_monsterinsights_sitenote_active":false,"_monsterinsights_sitenote_note":"","_monsterinsights_sitenote_category":0},"product_brand":[],"product_cat":[12767,12324],"product_tag":[],"class_list":{"0":"post-766394","1":"product","2":"type-product","3":"status-publish","5":"product_cat-kentlesme-modernlesme","6":"product_cat-sosyoloji","7":"pa_cilt-ciltsiz","8":"pa_tur-kitap","9":"pa_yayinevi-tiav","10":"pa_yazar-mustafa-altunok-selim-capar","12":"first","13":"instock","14":"sale","15":"shipping-taxable","16":"purchasable","17":"product-type-simple"},"_links":{"self":[{"href":"https:\/\/roveyayinevi.com.tr\/index.php\/wp-json\/wp\/v2\/product\/766394","targetHints":{"allow":["GET"]}}],"collection":[{"href":"https:\/\/roveyayinevi.com.tr\/index.php\/wp-json\/wp\/v2\/product"}],"about":[{"href":"https:\/\/roveyayinevi.com.tr\/index.php\/wp-json\/wp\/v2\/types\/product"}],"wp:attachment":[{"href":"https:\/\/roveyayinevi.com.tr\/index.php\/wp-json\/wp\/v2\/media?parent=766394"}],"wp:term":[{"taxonomy":"product_brand","embeddable":true,"href":"https:\/\/roveyayinevi.com.tr\/index.php\/wp-json\/wp\/v2\/product_brand?post=766394"},{"taxonomy":"product_cat","embeddable":true,"href":"https:\/\/roveyayinevi.com.tr\/index.php\/wp-json\/wp\/v2\/product_cat?post=766394"},{"taxonomy":"product_tag","embeddable":true,"href":"https:\/\/roveyayinevi.com.tr\/index.php\/wp-json\/wp\/v2\/product_tag?post=766394"}],"curies":[{"name":"wp","href":"https:\/\/api.w.org\/{rel}","templated":true}]}}