{"id":766393,"date":"2025-08-28T12:12:09","date_gmt":"2025-08-28T09:12:09","guid":{"rendered":"https:\/\/roveyayinevi.com.tr\/index.php\/urun\/hayal-mi-goruyorsun-sen\/"},"modified":"2026-04-15T03:32:12","modified_gmt":"2026-04-15T00:32:12","slug":"hayal-mi-goruyorsun-sen","status":"publish","type":"product","link":"https:\/\/roveyayinevi.com.tr\/index.php\/urun\/hayal-mi-goruyorsun-sen\/","title":{"rendered":"Hayal Mi G\u00f6r\u00fcyorsun Sen?"},"content":{"rendered":"<p>Hayal ederiz durmadan, ger\u00e7eklikten ka\u00e7\u0131p d\u00fc\u015f\u00fcncelerimize s\u0131\u011f\u0131n\u0131r\u0131z, yeni projeler tasarlar\u0131z, kurgu eserlere dalar\u0131z. Ama hepimiz mutlaka bize \u015f\u00f6yle dendi\u011fini duymu\u015fuzdur: \u201cHayal mi g\u00f6r\u00fcyorsun sen?\u201d Hayal g\u00fcc\u00fc uzun zaman yan\u0131lsama yaratan bir yeti olarak g\u00f6r\u00fcld\u00fc ama yine de yap\u0131p etmelerimize y\u00f6n vermeyi hep s\u00fcrd\u00fcrd\u00fc. Hayal g\u00fcc\u00fcm\u00fcz olmasayd\u0131 nas\u0131l kendimizi e\u011flendirebilirdik, arzular\u0131m\u0131z\u0131 nas\u0131l kafada canland\u0131rarak ger\u00e7ekle\u015ftirebilir, duygular\u0131m\u0131z\u0131 ve hislerimizi i\u00e7imizde s\u0131nayabilirdik? Ya\u015famsal se\u00e7imlerimize y\u00f6n verebilir, belli durumlar\u0131 ba\u015f\u0131m\u0131za gelmeden \u00f6ng\u00f6rebilir miydik? Varolu\u015fumuz sorularla doludur ve bunlar\u0131n herkes i\u00e7in ge\u00e7erli, haz\u0131r cevaplar\u0131 yoktur. Peki e\u011fer d\u00fc\u015f\u00fcnmeyi \u00f6\u011frenmezsek t\u00fcm bu sorularla tek ba\u015f\u0131m\u0131za nas\u0131l ba\u015fa \u00e7\u0131kabiliriz? Gen\u00e7 Yeti\u015fkinlerle D\u00fc\u015f\u00fcnmek Dizisi, 18 ve \u00fczeri ya\u015f grubuna ya\u015famlar\u0131 \u00fczerine d\u00fc\u015f\u00fcnme becerisi kazand\u0131rmay\u0131, onlar\u0131 felsefi sorularla ve kavramlarla donatmay\u0131 ama\u00e7l\u0131yor. <\/p>\n","protected":false},"excerpt":{"rendered":"<p>Hayal ederiz durmadan, ger\u00e7eklikten ka\u00e7\u0131p d\u00fc\u015f\u00fcncelerimize s\u0131\u011f\u0131n\u0131r\u0131z, yeni projeler tasarlar\u0131z, kurgu eserlere dalar\u0131z. Ama hepimiz mutlaka bize \u015f\u00f6yle dendi\u011fini duymu\u015fuzdur: \u201cHayal mi g\u00f6r\u00fcyorsun sen?\u201d Hayal g\u00fcc\u00fc<span class=\"excerpt-hellip\"> [\u2026]<\/span><\/p>\n","protected":false},"featured_media":0,"template":"","meta":{"_monsterinsights_skip_tracking":false,"_monsterinsights_sitenote_active":false,"_monsterinsights_sitenote_note":"","_monsterinsights_sitenote_category":0},"product_brand":[],"product_cat":[12274,15842],"product_tag":[],"class_list":{"0":"post-766393","1":"product","2":"type-product","3":"status-publish","5":"product_cat-cocuk-ve-genclik-kitaplari","6":"product_cat-egitici-kitaplar","7":"pa_cilt-ciltsiz","8":"pa_tur-kitap","9":"pa_yayinevi-is-bankasi-kultur-yayinlari","10":"pa_yazar-aurelien-robert","12":"first","13":"instock","14":"sale","15":"shipping-taxable","16":"purchasable","17":"product-type-simple"},"_links":{"self":[{"href":"https:\/\/roveyayinevi.com.tr\/index.php\/wp-json\/wp\/v2\/product\/766393","targetHints":{"allow":["GET"]}}],"collection":[{"href":"https:\/\/roveyayinevi.com.tr\/index.php\/wp-json\/wp\/v2\/product"}],"about":[{"href":"https:\/\/roveyayinevi.com.tr\/index.php\/wp-json\/wp\/v2\/types\/product"}],"wp:attachment":[{"href":"https:\/\/roveyayinevi.com.tr\/index.php\/wp-json\/wp\/v2\/media?parent=766393"}],"wp:term":[{"taxonomy":"product_brand","embeddable":true,"href":"https:\/\/roveyayinevi.com.tr\/index.php\/wp-json\/wp\/v2\/product_brand?post=766393"},{"taxonomy":"product_cat","embeddable":true,"href":"https:\/\/roveyayinevi.com.tr\/index.php\/wp-json\/wp\/v2\/product_cat?post=766393"},{"taxonomy":"product_tag","embeddable":true,"href":"https:\/\/roveyayinevi.com.tr\/index.php\/wp-json\/wp\/v2\/product_tag?post=766393"}],"curies":[{"name":"wp","href":"https:\/\/api.w.org\/{rel}","templated":true}]}}