{"id":766392,"date":"2025-08-28T12:12:07","date_gmt":"2025-08-28T09:12:07","guid":{"rendered":"https:\/\/roveyayinevi.com.tr\/index.php\/urun\/ada-1-cilt\/"},"modified":"2026-04-15T03:32:12","modified_gmt":"2026-04-15T00:32:12","slug":"ada-1-cilt","status":"publish","type":"product","link":"https:\/\/roveyayinevi.com.tr\/index.php\/urun\/ada-1-cilt\/","title":{"rendered":"Ada 1. Cilt"},"content":{"rendered":"<p>D\u00fcnya devi bir holding olan Daehan Grup\u2019un ba\u015fkan\u0131n\u0131n biricik k\u0131z\u0131 Mi-Ho Won, seri cinayetler i\u015flemekle su\u00e7lanan \u015feytan kovucu Van ve gen\u00e7 \u015feytan kovucu rahip John\u2026 Acaba bu \u00fc\u00e7 al\u0131\u015f\u0131lmad\u0131k karakter, el ele verip Jeju adas\u0131 halk\u0131n\u0131 adaya musallat olan pek \u00e7ok k\u00f6t\u00fc ruhtan koruyabilecek mi?Klasik Kore gizem \u00e7izgi roman\u0131 nihayet yeni bir edisyonla kar\u015f\u0131n\u0131zda!  <\/p>\n","protected":false},"excerpt":{"rendered":"<p>D\u00fcnya devi bir holding olan Daehan Grup\u2019un ba\u015fkan\u0131n\u0131n biricik k\u0131z\u0131 Mi-Ho Won, seri cinayetler i\u015flemekle su\u00e7lanan \u015feytan kovucu Van ve gen\u00e7 \u015feytan kovucu rahip John\u2026 Acaba<span class=\"excerpt-hellip\"> [\u2026]<\/span><\/p>\n","protected":false},"featured_media":0,"template":"","meta":{"_monsterinsights_skip_tracking":false,"_monsterinsights_sitenote_active":false,"_monsterinsights_sitenote_note":"","_monsterinsights_sitenote_category":0},"product_brand":[],"product_cat":[12416,12291],"product_tag":[],"class_list":{"0":"post-766392","1":"product","2":"type-product","3":"status-publish","5":"product_cat-cizgi-roman","6":"product_cat-edebiyat","7":"pa_cilt-ciltsiz","8":"pa_tur-kitap","9":"pa_yayinevi-artemis-yayinlari","10":"pa_yazar-inwan-youn","12":"first","13":"instock","14":"sale","15":"shipping-taxable","16":"purchasable","17":"product-type-simple"},"_links":{"self":[{"href":"https:\/\/roveyayinevi.com.tr\/index.php\/wp-json\/wp\/v2\/product\/766392","targetHints":{"allow":["GET"]}}],"collection":[{"href":"https:\/\/roveyayinevi.com.tr\/index.php\/wp-json\/wp\/v2\/product"}],"about":[{"href":"https:\/\/roveyayinevi.com.tr\/index.php\/wp-json\/wp\/v2\/types\/product"}],"wp:attachment":[{"href":"https:\/\/roveyayinevi.com.tr\/index.php\/wp-json\/wp\/v2\/media?parent=766392"}],"wp:term":[{"taxonomy":"product_brand","embeddable":true,"href":"https:\/\/roveyayinevi.com.tr\/index.php\/wp-json\/wp\/v2\/product_brand?post=766392"},{"taxonomy":"product_cat","embeddable":true,"href":"https:\/\/roveyayinevi.com.tr\/index.php\/wp-json\/wp\/v2\/product_cat?post=766392"},{"taxonomy":"product_tag","embeddable":true,"href":"https:\/\/roveyayinevi.com.tr\/index.php\/wp-json\/wp\/v2\/product_tag?post=766392"}],"curies":[{"name":"wp","href":"https:\/\/api.w.org\/{rel}","templated":true}]}}