{"id":766391,"date":"2025-08-28T12:12:06","date_gmt":"2025-08-28T09:12:06","guid":{"rendered":"https:\/\/roveyayinevi.com.tr\/index.php\/urun\/kendine-yardim\/"},"modified":"2026-04-12T03:23:41","modified_gmt":"2026-04-12T00:23:41","slug":"kendine-yardim","status":"publish","type":"product","link":"https:\/\/roveyayinevi.com.tr\/index.php\/urun\/kendine-yardim\/","title":{"rendered":"Kendine Yard\u0131m"},"content":{"rendered":"<p>B\u00fcy\u00fck adamlar\u0131n hayatlar\u0131ndan Kendine Yard\u0131m ipu\u00e7lar\u0131   Antik Yunan felsefecilerinden, teknolojik bulu\u015flar\u0131n mucitlerine, R\u00f6nesans d\u00f6nemi ressam ve heykelt\u0131ra\u015flar\u0131ndan end\u00fcstri d\u00f6neminin \u00f6nc\u00fc sanayicilerine kadar, d\u00fcnya uygarl\u0131\u011f\u0131n\u0131n temelini olu\u015fturmu\u015f b\u00fcy\u00fck adamlar\u0131n hayat \u00f6yk\u00fclerinden al\u0131nacak derslerin g\u00fcn\u00fcm\u00fcze insan\u0131na \u00e7ok \u015feyler kazand\u0131raca\u011f\u0131 muhakkakt\u0131r.   Bu eser hangi konum ve ya\u015fta olunursa olunsun, belirlenmi\u015f hedefe inan\u00e7, sab\u0131r ve \u00e7abayla ula\u015faca\u011f\u0131n\u0131; ne kadar imk\u00e2ns\u0131z ve g\u00f6r\u00fcn\u00fcrse g\u00f6r\u00fcns\u00fcn, insan\u0131n kendi g\u00fcc\u00fcyle elde edemeyece\u011fi hi\u00e7bir \u015feyin olamayaca\u011f\u0131n\u0131 ispatl\u0131yor. <\/p>\n","protected":false},"excerpt":{"rendered":"<p>B\u00fcy\u00fck adamlar\u0131n hayatlar\u0131ndan Kendine Yard\u0131m ipu\u00e7lar\u0131 Antik Yunan felsefecilerinden, teknolojik bulu\u015flar\u0131n mucitlerine, R\u00f6nesans d\u00f6nemi ressam ve heykelt\u0131ra\u015flar\u0131ndan end\u00fcstri d\u00f6neminin \u00f6nc\u00fc sanayicilerine kadar, d\u00fcnya uygarl\u0131\u011f\u0131n\u0131n temelini olu\u015fturmu\u015f<span class=\"excerpt-hellip\"> [\u2026]<\/span><\/p>\n","protected":false},"featured_media":0,"template":"","meta":{"_monsterinsights_skip_tracking":false,"_monsterinsights_sitenote_active":false,"_monsterinsights_sitenote_note":"","_monsterinsights_sitenote_category":0},"product_brand":[],"product_cat":[12364,12376],"product_tag":[],"class_list":{"0":"post-766391","1":"product","2":"type-product","3":"status-publish","5":"product_cat-genel-konular","6":"product_cat-kisisel-gelisim","7":"pa_cilt-ciltsiz","8":"pa_tur-kitap","9":"pa_yayinevi-hayat-yayinlari","10":"pa_yazar-samuel-smiles","12":"first","13":"instock","14":"sale","15":"shipping-taxable","16":"purchasable","17":"product-type-simple"},"_links":{"self":[{"href":"https:\/\/roveyayinevi.com.tr\/index.php\/wp-json\/wp\/v2\/product\/766391","targetHints":{"allow":["GET"]}}],"collection":[{"href":"https:\/\/roveyayinevi.com.tr\/index.php\/wp-json\/wp\/v2\/product"}],"about":[{"href":"https:\/\/roveyayinevi.com.tr\/index.php\/wp-json\/wp\/v2\/types\/product"}],"wp:attachment":[{"href":"https:\/\/roveyayinevi.com.tr\/index.php\/wp-json\/wp\/v2\/media?parent=766391"}],"wp:term":[{"taxonomy":"product_brand","embeddable":true,"href":"https:\/\/roveyayinevi.com.tr\/index.php\/wp-json\/wp\/v2\/product_brand?post=766391"},{"taxonomy":"product_cat","embeddable":true,"href":"https:\/\/roveyayinevi.com.tr\/index.php\/wp-json\/wp\/v2\/product_cat?post=766391"},{"taxonomy":"product_tag","embeddable":true,"href":"https:\/\/roveyayinevi.com.tr\/index.php\/wp-json\/wp\/v2\/product_tag?post=766391"}],"curies":[{"name":"wp","href":"https:\/\/api.w.org\/{rel}","templated":true}]}}