{"id":766389,"date":"2025-08-28T12:12:02","date_gmt":"2025-08-28T09:12:02","guid":{"rendered":"https:\/\/roveyayinevi.com.tr\/index.php\/urun\/is-hayatina-dair-altin-ogutler\/"},"modified":"2026-04-15T03:32:12","modified_gmt":"2026-04-15T00:32:12","slug":"is-hayatina-dair-altin-ogutler","status":"publish","type":"product","link":"https:\/\/roveyayinevi.com.tr\/index.php\/urun\/is-hayatina-dair-altin-ogutler\/","title":{"rendered":"\u0130\u015f Hayat\u0131na Dair Alt\u0131n \u00d6\u011f\u00fctler"},"content":{"rendered":"<p>Casson\u2019dan Alt\u0131n \u00d6\u011f\u00fctler \u0130\u015f Hayat\u0131na Dair Alt\u0131n \u00d6\u011f\u00fctler, \u00e7al\u0131\u015fan herkese \u00e7al\u0131\u015fman\u0131n yaln\u0131z anlam\u0131n\u0131 \u00f6\u011fretmekle kalm\u0131yor, ki\u015filerin \u00e7al\u0131\u015fman\u0131n zevkine varmas\u0131n\u0131 da sa\u011fl\u0131yor. Her g\u00fcn \u00e7al\u0131\u015fma zevkini y\u00fckseltmek, \u00e7al\u0131\u015fma verimimizi art\u0131rmak m\u00fcmk\u00fcnd\u00fcr. Bu imk\u00e2n yaln\u0131z bir ki\u015fi i\u00e7in de\u011fil, herkes ve hepimiz i\u00e7in ge\u00e7erlidir. Hayatta en basit i\u015fi yapan ki\u015fi i\u00e7in bile, o i\u015fin \u00e7er\u00e7evesi i\u00e7inde ba\u015far\u0131l\u0131 olmak ve b\u00fcy\u00fck i\u015fler yapabilmek imk\u00e2n\u0131 vard\u0131r. Yaln\u0131z \u00f6nemli olan, o i\u015fin b\u00fct\u00fcn imk\u00e2nlar\u0131n\u0131 g\u00f6rebilmek ve o imk\u00e2nlar\u0131 ger\u00e7ekle\u015ftirebilmektir.   \u0130\u015f d\u00fcnyas\u0131n\u0131n \u00f6nemli yazarlar\u0131ndan Prof. Dr. Hebert N. Casson\u2019\u0131n alan\u0131nda klasik olmu\u015f bu eseri, size bu imk\u00e2nlar\u0131 g\u00f6stererek hayatta yaln\u0131z ilerlemenizi de\u011fil, \u00fcstelik yapt\u0131\u011f\u0131n\u0131z i\u015fi de ilerletmenizi sa\u011fl\u0131yor.   \u0130\u015f hayat\u0131nda kazanmak ve kar\u015f\u0131n\u0131za \u00e7\u0131kacak f\u0131rsatlardan gere\u011fince yararlanman\u0131z\u0131 kolayla\u015ft\u0131racak \u0130\u015e HAYATINA DA\u0130R ALTIN \u00d6\u011e\u00dcTLER\u2019de i\u015finizde ilerlemenizin form\u00fclleri olan ya\u015fanm\u0131\u015f tecr\u00fcbeleri bulacaks\u0131n\u0131z.<\/p>\n","protected":false},"excerpt":{"rendered":"<p>Casson\u2019dan Alt\u0131n \u00d6\u011f\u00fctler \u0130\u015f Hayat\u0131na Dair Alt\u0131n \u00d6\u011f\u00fctler, \u00e7al\u0131\u015fan herkese \u00e7al\u0131\u015fman\u0131n yaln\u0131z anlam\u0131n\u0131 \u00f6\u011fretmekle kalm\u0131yor, ki\u015filerin \u00e7al\u0131\u015fman\u0131n zevkine varmas\u0131n\u0131 da sa\u011fl\u0131yor. Her g\u00fcn \u00e7al\u0131\u015fma zevkini y\u00fckseltmek,<span class=\"excerpt-hellip\"> [\u2026]<\/span><\/p>\n","protected":false},"featured_media":0,"template":"","meta":{"_monsterinsights_skip_tracking":false,"_monsterinsights_sitenote_active":false,"_monsterinsights_sitenote_note":"","_monsterinsights_sitenote_category":0},"product_brand":[],"product_cat":[13043,17647],"product_tag":[],"class_list":{"0":"post-766389","1":"product","2":"type-product","3":"status-publish","5":"product_cat-ekonomi","6":"product_cat-is-dunyasi","7":"pa_cilt-ciltsiz","8":"pa_tur-kitap","9":"pa_yayinevi-hayat-yayinlari","10":"pa_yazar-herbert-n-casson","12":"first","13":"instock","14":"sale","15":"shipping-taxable","16":"purchasable","17":"product-type-simple"},"_links":{"self":[{"href":"https:\/\/roveyayinevi.com.tr\/index.php\/wp-json\/wp\/v2\/product\/766389","targetHints":{"allow":["GET"]}}],"collection":[{"href":"https:\/\/roveyayinevi.com.tr\/index.php\/wp-json\/wp\/v2\/product"}],"about":[{"href":"https:\/\/roveyayinevi.com.tr\/index.php\/wp-json\/wp\/v2\/types\/product"}],"wp:attachment":[{"href":"https:\/\/roveyayinevi.com.tr\/index.php\/wp-json\/wp\/v2\/media?parent=766389"}],"wp:term":[{"taxonomy":"product_brand","embeddable":true,"href":"https:\/\/roveyayinevi.com.tr\/index.php\/wp-json\/wp\/v2\/product_brand?post=766389"},{"taxonomy":"product_cat","embeddable":true,"href":"https:\/\/roveyayinevi.com.tr\/index.php\/wp-json\/wp\/v2\/product_cat?post=766389"},{"taxonomy":"product_tag","embeddable":true,"href":"https:\/\/roveyayinevi.com.tr\/index.php\/wp-json\/wp\/v2\/product_tag?post=766389"}],"curies":[{"name":"wp","href":"https:\/\/api.w.org\/{rel}","templated":true}]}}