{"id":766388,"date":"2025-08-28T12:12:01","date_gmt":"2025-08-28T09:12:01","guid":{"rendered":"https:\/\/roveyayinevi.com.tr\/index.php\/urun\/insan-yonetme-sanati\/"},"modified":"2026-04-08T03:28:32","modified_gmt":"2026-04-08T00:28:32","slug":"insan-yonetme-sanati","status":"publish","type":"product","link":"https:\/\/roveyayinevi.com.tr\/index.php\/urun\/insan-yonetme-sanati\/","title":{"rendered":"\u0130nsan Y\u00f6netme Sanat\u0131"},"content":{"rendered":"<p>Casson\u2019dan insanlar\u0131 y\u00f6netme sanat\u0131n\u0131n incelikleri   \u0130nsanlar aras\u0131nda kolayl\u0131kla ve memnuniyet verici \u015fartlar i\u00e7inde servet kazananlar\u0131n bir\u00e7o\u011fu, insanlar\u0131 y\u00f6netme sanat\u0131n\u0131 anlad\u0131klar\u0131 i\u00e7in ba\u015far\u0131l\u0131 olmu\u015flard\u0131r. Bunlar, ba\u015fkalar\u0131yla i\u015fbirli\u011fi yaparak sadakat ve dostluklar\u0131n\u0131 kazanmaya imk\u00e2n bulmu\u015flar, kendilerini zenginle\u015ftirdikleri gibi ba\u015fkalar\u0131na da servet kazand\u0131rm\u0131\u015flard\u0131r.   \u0130nsanlar\u0131 y\u00f6netme sanat\u0131n\u0131n \u00f6nemi g\u00fcn ge\u00e7tik\u00e7e daha iyi anla\u015f\u0131l\u0131yor. Casson\u2019un bu eserinde sundu\u011fu form\u00fcllerle hayat\u0131n\u0131zda bir devrim s\u00fcreci ba\u015flayacak.<\/p>\n","protected":false},"excerpt":{"rendered":"<p>Casson\u2019dan insanlar\u0131 y\u00f6netme sanat\u0131n\u0131n incelikleri \u0130nsanlar aras\u0131nda kolayl\u0131kla ve memnuniyet verici \u015fartlar i\u00e7inde servet kazananlar\u0131n bir\u00e7o\u011fu, insanlar\u0131 y\u00f6netme sanat\u0131n\u0131 anlad\u0131klar\u0131 i\u00e7in ba\u015far\u0131l\u0131 olmu\u015flard\u0131r. Bunlar, ba\u015fkalar\u0131yla i\u015fbirli\u011fi<span class=\"excerpt-hellip\"> [\u2026]<\/span><\/p>\n","protected":false},"featured_media":0,"template":"","meta":{"_monsterinsights_skip_tracking":false,"_monsterinsights_sitenote_active":false,"_monsterinsights_sitenote_note":"","_monsterinsights_sitenote_category":0},"product_brand":[],"product_cat":[12364,12376],"product_tag":[],"class_list":{"0":"post-766388","1":"product","2":"type-product","3":"status-publish","5":"product_cat-genel-konular","6":"product_cat-kisisel-gelisim","7":"pa_cilt-ciltsiz","8":"pa_tur-kitap","9":"pa_yayinevi-hayat-yayinlari","10":"pa_yazar-herbert-n-casson","12":"first","13":"instock","14":"sale","15":"shipping-taxable","16":"purchasable","17":"product-type-simple"},"_links":{"self":[{"href":"https:\/\/roveyayinevi.com.tr\/index.php\/wp-json\/wp\/v2\/product\/766388","targetHints":{"allow":["GET"]}}],"collection":[{"href":"https:\/\/roveyayinevi.com.tr\/index.php\/wp-json\/wp\/v2\/product"}],"about":[{"href":"https:\/\/roveyayinevi.com.tr\/index.php\/wp-json\/wp\/v2\/types\/product"}],"wp:attachment":[{"href":"https:\/\/roveyayinevi.com.tr\/index.php\/wp-json\/wp\/v2\/media?parent=766388"}],"wp:term":[{"taxonomy":"product_brand","embeddable":true,"href":"https:\/\/roveyayinevi.com.tr\/index.php\/wp-json\/wp\/v2\/product_brand?post=766388"},{"taxonomy":"product_cat","embeddable":true,"href":"https:\/\/roveyayinevi.com.tr\/index.php\/wp-json\/wp\/v2\/product_cat?post=766388"},{"taxonomy":"product_tag","embeddable":true,"href":"https:\/\/roveyayinevi.com.tr\/index.php\/wp-json\/wp\/v2\/product_tag?post=766388"}],"curies":[{"name":"wp","href":"https:\/\/api.w.org\/{rel}","templated":true}]}}