{"id":766386,"date":"2025-08-28T12:11:56","date_gmt":"2025-08-28T09:11:56","guid":{"rendered":"https:\/\/roveyayinevi.com.tr\/index.php\/urun\/mozart-2\/"},"modified":"2026-04-15T03:32:12","modified_gmt":"2026-04-15T00:32:12","slug":"mozart-2","status":"publish","type":"product","link":"https:\/\/roveyayinevi.com.tr\/index.php\/urun\/mozart-2\/","title":{"rendered":"Mozart"},"content":{"rendered":"<p>Wolfgang Amadeus Mozart (1756-1791), yetenekli ablas\u0131na ders veren m\u00fczisyen babas\u0131n\u0131 izleyerek \u00fc\u00e7 ya\u015f\u0131ndan itibaren klavye ve keman \u00e7almay\u0131 \u00f6\u011frendi. O\u011flunun dehas\u0131n\u0131 sergileyerek gelir ve stat\u00fc elde edebilece\u011fini fark eden babas\u0131, bir aile kumpanyas\u0131 olarak Avrupa\u2019n\u0131n hemen b\u00fct\u00fcn \u00fclkelerine uzun geziler d\u00fczenledi. Alt\u0131 ya\u015f\u0131ndaki Mozart ve ablas\u0131, imparatorlara, krallara, soylulara, zenginlere ve halka yeteneklerini sergiledi; papa bile \u201ck\u00fc\u00e7\u00fck m\u00fczik dehas\u0131\u201d Mozart\u2019\u0131n g\u00f6zleri kapal\u0131 klavye \u00e7al\u0131\u015f\u0131n\u0131 izledi. Aile, y\u0131llar boyunca soylulara yara\u015f\u0131r hayat tarz\u0131n\u0131 finanse edecek geliri sa\u011flayan kumpanyan\u0131n tad\u0131n\u0131 \u00e7\u0131kar\u0131rken Mozart da dehas\u0131n\u0131 besleyecek e\u011fitimi, babas\u0131ndan ve i\u00e7inde bulundu\u011fu Avrupa m\u00fczik ortam\u0131ndan al\u0131yordu. \u0130lk min\u00fcetini be\u015f ya\u015f\u0131nda yazd\u0131, on ya\u015f\u0131na geldi\u011finde be\u015f senfoni bestelemi\u015fti. O\u011fulun g\u00f6revi, zaman\u0131 geldi\u011finde babaya isyan etmektir. Mozart\u2019\u0131n aile kumpanyas\u0131ndan ayr\u0131l\u0131p ba\u011f\u0131ms\u0131zl\u0131\u011f\u0131n\u0131 kazanmas\u0131 zor ve sanc\u0131l\u0131 oldu. Maddi-manevi, elindeki her t\u00fcrl\u00fc olana\u011f\u0131 kullanan babas\u0131, o\u011flunun evlenmek istedi\u011fi kad\u0131nla evlenmesini ve m\u00fczik cenneti Viyana\u2019ya yerle\u015fmesini engellemeye \u00e7al\u0131\u015ft\u0131. Ona sundu\u011fu gelecek, kendisinin ya\u015fad\u0131\u011f\u0131 \u015fehirde ya\u015famas\u0131 ve kendisinin yapt\u0131\u011f\u0131n\u0131 yap\u0131p bir soylunun yan\u0131na kap\u0131lanmas\u0131yd\u0131. Mozart, nice m\u00fccadeleden sonra \u00f6zg\u00fcrl\u00fc\u011f\u00fcn\u00fc ilan edecek, sevdice\u011fi Constanze ile evlenip Viyana\u2019da ya\u015fayacak ve klasik m\u00fczi\u011fin en b\u00fcy\u00fck isimleri aras\u0131na girmesini sa\u011flayan eserlerinin \u00e7o\u011funu, k\u0131sa \u00f6mr\u00fcn\u00fcn son on y\u0131l\u0131n\u0131 ge\u00e7irdi\u011fi bu ortamda verecekti. Mozart, ba\u015fta Figaro\u2019nun D\u00fc\u011f\u00fcn\u00fc, Don Giovanni, Sihirli Fl\u00fct, Cosi Fan Tutte gibi operalar olmak \u00fczere, otuz be\u015f y\u0131ll\u0131k \u00f6mr\u00fcnde bize alt\u0131 y\u00fcz\u00fc a\u015fk\u0131n harika beste arma\u011fan etti. Bitiremedi\u011fi bir Requiem\u2019i vard\u0131r. \u201cT\u00fcrk Mar\u015f\u0131\u201d ve \u201cT\u00fcrk Kon\u00e7ertosu\u201d ba\u015fl\u0131kl\u0131 eserlerinde, Saraydan K\u0131z Ka\u00e7\u0131rma ve Zaide operalar\u0131nda T\u00fcrk temas\u0131n\u0131 i\u015flemi\u015ftir. Bu t\u00fcrlerin zirveleri aras\u0131nda yer alan eserleriyle senfoniyi, kon\u00e7ertoyu, oda m\u00fczi\u011fini, operay\u0131 ve koral m\u00fczi\u011fi \u015fekillendiren isimlerdendir. \u00c7ocuklu\u011funda \u00e7a\u011f\u0131n\u0131n k\u00fc\u00e7\u00fck m\u00fczik dehas\u0131 olarak \u00f6v\u00fclen Mozart, g\u00fcn\u00fcm\u00fczde b\u00fct\u00fcn \u00e7a\u011flar\u0131n b\u00fcy\u00fck m\u00fczik dehas\u0131 olarak an\u0131l\u0131r. <\/p>\n","protected":false},"excerpt":{"rendered":"<p>Wolfgang Amadeus Mozart (1756-1791), yetenekli ablas\u0131na ders veren m\u00fczisyen babas\u0131n\u0131 izleyerek \u00fc\u00e7 ya\u015f\u0131ndan itibaren klavye ve keman \u00e7almay\u0131 \u00f6\u011frendi. O\u011flunun dehas\u0131n\u0131 sergileyerek gelir ve stat\u00fc elde<span class=\"excerpt-hellip\"> [\u2026]<\/span><\/p>\n","protected":false},"featured_media":0,"template":"","meta":{"_monsterinsights_skip_tracking":false,"_monsterinsights_sitenote_active":false,"_monsterinsights_sitenote_note":"","_monsterinsights_sitenote_category":0},"product_brand":[],"product_cat":[14009,12291],"product_tag":[],"class_list":{"0":"post-766386","1":"product","2":"type-product","3":"status-publish","5":"product_cat-biyografi-otobiyografi-edebiyat","6":"product_cat-edebiyat","7":"pa_cilt-ciltsiz","8":"pa_tur-kitap","9":"pa_yayinevi-is-bankasi-kultur-yayinlari","10":"pa_yazar-maynard-solomon","12":"first","13":"instock","14":"sale","15":"shipping-taxable","16":"purchasable","17":"product-type-simple"},"_links":{"self":[{"href":"https:\/\/roveyayinevi.com.tr\/index.php\/wp-json\/wp\/v2\/product\/766386","targetHints":{"allow":["GET"]}}],"collection":[{"href":"https:\/\/roveyayinevi.com.tr\/index.php\/wp-json\/wp\/v2\/product"}],"about":[{"href":"https:\/\/roveyayinevi.com.tr\/index.php\/wp-json\/wp\/v2\/types\/product"}],"wp:attachment":[{"href":"https:\/\/roveyayinevi.com.tr\/index.php\/wp-json\/wp\/v2\/media?parent=766386"}],"wp:term":[{"taxonomy":"product_brand","embeddable":true,"href":"https:\/\/roveyayinevi.com.tr\/index.php\/wp-json\/wp\/v2\/product_brand?post=766386"},{"taxonomy":"product_cat","embeddable":true,"href":"https:\/\/roveyayinevi.com.tr\/index.php\/wp-json\/wp\/v2\/product_cat?post=766386"},{"taxonomy":"product_tag","embeddable":true,"href":"https:\/\/roveyayinevi.com.tr\/index.php\/wp-json\/wp\/v2\/product_tag?post=766386"}],"curies":[{"name":"wp","href":"https:\/\/api.w.org\/{rel}","templated":true}]}}