{"id":766385,"date":"2025-08-28T12:11:55","date_gmt":"2025-08-28T09:11:55","guid":{"rendered":"https:\/\/roveyayinevi.com.tr\/index.php\/urun\/syedra-1-ismail-karamuta-armagan-kitabi-studies-in-honor-of-ismail-karamut-sivama-cilt\/"},"modified":"2026-04-15T03:32:12","modified_gmt":"2026-04-15T00:32:12","slug":"syedra-1-ismail-karamuta-armagan-kitabi-studies-in-honor-of-ismail-karamut-sivama-cilt","status":"publish","type":"product","link":"https:\/\/roveyayinevi.com.tr\/index.php\/urun\/syedra-1-ismail-karamuta-armagan-kitabi-studies-in-honor-of-ismail-karamut-sivama-cilt\/","title":{"rendered":"Syedra 1 &#8211; \u0130smail Karamut\u2019a Arma\u011fan Kitab\u0131 &#8211; Studies In Honor Of Isma\u0131l Karamut (S\u0131vama Cilt)"},"content":{"rendered":"<p>Edit\u00f6rl\u00fc\u011f\u00fcn\u00fc H. Ertu\u011f Erg\u00fcrer, Seher T\u00fcrkmen ve Hatice Erg\u00fcrer\u2019in yapt\u0131\u011f\u0131 \u201cSyedra I, \u0130smail Karamut\u2019a Arma\u011fan Kitab\u0131\u201d, Syedra Antik Kenti\u2019nde 1994-2022 y\u0131llar\u0131 aras\u0131nda ger\u00e7ekle\u015ftirilen kaz\u0131lar\u0131, ara\u015ft\u0131rmalar\u0131, mimarisi ve buluntular\u0131n\u0131 i\u00e7eren bilimsel i\u00e7erikli bir yay\u0131nd\u0131r. Kitab\u0131n i\u00e7indekiler b\u00f6l\u00fcm\u00fc K\u00fclt\u00fcr ve Turizm Bakan\u0131 Mehmet Nuri Ersoy, Alanya Alaaddin Keykubat \u00dcniversitesi Rekt\u00f6r\u00fc Prof. Dr. Kenan Ahmet T\u00fcrkdo\u011fan ve Hacettepe \u00dcniversitesi Sanat Tarihi B\u00f6l\u00fcm\u00fc \u00d6\u011fretim \u00dcyesi Prof. Dr. Sema Do\u011fan\u2019\u0131n \u00f6n s\u00f6zleri ile ba\u015flamaktad\u0131r. Devam\u0131nda edit\u00f6rlerin sunu\u015f yaz\u0131s\u0131 ve \u0130smail Karamut\u2019a ait yay\u0131nlar listelenmektedir. Toplamda 14 yazar taraf\u0131ndan yaz\u0131lm\u0131\u015f 13 farkl\u0131 makalenin yer ald\u0131\u011f\u0131 kitapta Syedra\u2019n\u0131n Siyasi Tarihi, Ara\u015ft\u0131rma Ge\u00e7mi\u015fi ve Son D\u00f6nem Kaz\u0131lar\u0131\u2019n\u0131n yan\u0131 s\u0131ra sikkeleri, cam, metal, seramik, mozaik ve epigrafik verileri ayr\u0131ca 1994-1999 y\u0131l\u0131 buluntular\u0131n\u0131n koruma ve onar\u0131m \u00e7al\u0131\u015fmalar\u0131na da yer verilmi\u015ftir. Kitap 2024 y\u0131l\u0131 bas\u0131m\u0131 olup Bilgin K\u00fclt\u00fcr Sanat Yay\u0131nlar\u0131 taraf\u0131ndan bas\u0131lm\u0131\u015ft\u0131r.<\/p>\n","protected":false},"excerpt":{"rendered":"<p>Edit\u00f6rl\u00fc\u011f\u00fcn\u00fc H. Ertu\u011f Erg\u00fcrer, Seher T\u00fcrkmen ve Hatice Erg\u00fcrer\u2019in yapt\u0131\u011f\u0131 \u201cSyedra I, \u0130smail Karamut\u2019a Arma\u011fan Kitab\u0131\u201d, Syedra Antik Kenti\u2019nde 1994-2022 y\u0131llar\u0131 aras\u0131nda ger\u00e7ekle\u015ftirilen kaz\u0131lar\u0131, ara\u015ft\u0131rmalar\u0131, mimarisi<span class=\"excerpt-hellip\"> [\u2026]<\/span><\/p>\n","protected":false},"featured_media":0,"template":"","meta":{"_monsterinsights_skip_tracking":false,"_monsterinsights_sitenote_active":false,"_monsterinsights_sitenote_note":"","_monsterinsights_sitenote_category":0},"product_brand":[],"product_cat":[52477,52478],"product_tag":[],"class_list":{"0":"post-766385","1":"product","2":"type-product","3":"status-publish","5":"product_cat-arastirma","6":"product_cat-arkeoloji","7":"pa_cilt-ciltli","8":"pa_tur-kitap","9":"pa_yayinevi-bilgin-kultur-sanat","10":"pa_yazar-h-ertug-ergurer-seher-turkmen-hatice-ergurer","12":"first","13":"instock","14":"sale","15":"shipping-taxable","16":"purchasable","17":"product-type-simple"},"_links":{"self":[{"href":"https:\/\/roveyayinevi.com.tr\/index.php\/wp-json\/wp\/v2\/product\/766385","targetHints":{"allow":["GET"]}}],"collection":[{"href":"https:\/\/roveyayinevi.com.tr\/index.php\/wp-json\/wp\/v2\/product"}],"about":[{"href":"https:\/\/roveyayinevi.com.tr\/index.php\/wp-json\/wp\/v2\/types\/product"}],"wp:attachment":[{"href":"https:\/\/roveyayinevi.com.tr\/index.php\/wp-json\/wp\/v2\/media?parent=766385"}],"wp:term":[{"taxonomy":"product_brand","embeddable":true,"href":"https:\/\/roveyayinevi.com.tr\/index.php\/wp-json\/wp\/v2\/product_brand?post=766385"},{"taxonomy":"product_cat","embeddable":true,"href":"https:\/\/roveyayinevi.com.tr\/index.php\/wp-json\/wp\/v2\/product_cat?post=766385"},{"taxonomy":"product_tag","embeddable":true,"href":"https:\/\/roveyayinevi.com.tr\/index.php\/wp-json\/wp\/v2\/product_tag?post=766385"}],"curies":[{"name":"wp","href":"https:\/\/api.w.org\/{rel}","templated":true}]}}