{"id":766383,"date":"2025-08-28T12:11:52","date_gmt":"2025-08-28T09:11:52","guid":{"rendered":"https:\/\/roveyayinevi.com.tr\/index.php\/urun\/gorevimiz-basarmak\/"},"modified":"2026-04-07T03:26:42","modified_gmt":"2026-04-07T00:26:42","slug":"gorevimiz-basarmak","status":"publish","type":"product","link":"https:\/\/roveyayinevi.com.tr\/index.php\/urun\/gorevimiz-basarmak\/","title":{"rendered":"G\u00f6revimiz Ba\u015farmak"},"content":{"rendered":"<p>Ba\u015farmak i\u00e7in neye ihtiyac\u0131n\u0131z var?   \u201cHangi i\u015f olursa olsun, o i\u015fi en g\u00fczel \u015fekilde ve b\u00fct\u00fcn g\u00fcc\u00fcnle yap!\u201d s\u00f6z\u00fc, g\u00f6rev bilincimizin ilkesi olmal\u0131d\u0131r. \u00dczerine d\u00fc\u015fen g\u00f6revi hakk\u0131yla yerine getiren kimse, hangi konumda olursa olsun ilerliyor demektir; g\u00f6rev alan\u0131 sonsuzdur ve hayat\u0131m\u0131z\u0131n her d\u00f6neminde vard\u0131r. O bizi, her zaman ve her yerde ku\u015fatan varl\u0131\u011f\u0131m\u0131z\u0131n par\u00e7as\u0131d\u0131r. G\u00f6rev, en \u00f6zl\u00fc h\u00e2liyle o kadar ba\u011flay\u0131c\u0131d\u0131r ki insan g\u00f6revi ba\u015f\u0131ndayken kendini bile d\u00fc\u015f\u00fcnmez. Yap\u0131lacak i\u015fi bilir ve bunu fedak\u00e2rl\u0131k gibi bir d\u00fc\u015f\u00fcnceye kap\u0131lmaks\u0131z\u0131n yerine getirir. G\u00f6rev, kendini adamakt\u0131r.<\/p>\n","protected":false},"excerpt":{"rendered":"<p>Ba\u015farmak i\u00e7in neye ihtiyac\u0131n\u0131z var? \u201cHangi i\u015f olursa olsun, o i\u015fi en g\u00fczel \u015fekilde ve b\u00fct\u00fcn g\u00fcc\u00fcnle yap!\u201d s\u00f6z\u00fc, g\u00f6rev bilincimizin ilkesi olmal\u0131d\u0131r. \u00dczerine d\u00fc\u015fen g\u00f6revi<span class=\"excerpt-hellip\"> [\u2026]<\/span><\/p>\n","protected":false},"featured_media":0,"template":"","meta":{"_monsterinsights_skip_tracking":false,"_monsterinsights_sitenote_active":false,"_monsterinsights_sitenote_note":"","_monsterinsights_sitenote_category":0},"product_brand":[],"product_cat":[12364,12376],"product_tag":[],"class_list":{"0":"post-766383","1":"product","2":"type-product","3":"status-publish","5":"product_cat-genel-konular","6":"product_cat-kisisel-gelisim","7":"pa_cilt-ciltsiz","8":"pa_tur-kitap","9":"pa_yayinevi-hayat-yayinlari","10":"pa_yazar-samuel-smiles","12":"first","13":"instock","14":"sale","15":"shipping-taxable","16":"purchasable","17":"product-type-simple"},"_links":{"self":[{"href":"https:\/\/roveyayinevi.com.tr\/index.php\/wp-json\/wp\/v2\/product\/766383","targetHints":{"allow":["GET"]}}],"collection":[{"href":"https:\/\/roveyayinevi.com.tr\/index.php\/wp-json\/wp\/v2\/product"}],"about":[{"href":"https:\/\/roveyayinevi.com.tr\/index.php\/wp-json\/wp\/v2\/types\/product"}],"wp:attachment":[{"href":"https:\/\/roveyayinevi.com.tr\/index.php\/wp-json\/wp\/v2\/media?parent=766383"}],"wp:term":[{"taxonomy":"product_brand","embeddable":true,"href":"https:\/\/roveyayinevi.com.tr\/index.php\/wp-json\/wp\/v2\/product_brand?post=766383"},{"taxonomy":"product_cat","embeddable":true,"href":"https:\/\/roveyayinevi.com.tr\/index.php\/wp-json\/wp\/v2\/product_cat?post=766383"},{"taxonomy":"product_tag","embeddable":true,"href":"https:\/\/roveyayinevi.com.tr\/index.php\/wp-json\/wp\/v2\/product_tag?post=766383"}],"curies":[{"name":"wp","href":"https:\/\/api.w.org\/{rel}","templated":true}]}}