{"id":766382,"date":"2025-08-28T12:11:50","date_gmt":"2025-08-28T09:11:50","guid":{"rendered":"https:\/\/roveyayinevi.com.tr\/index.php\/urun\/her-sey-nasil-cokebilir\/"},"modified":"2026-04-15T03:32:12","modified_gmt":"2026-04-15T00:32:12","slug":"her-sey-nasil-cokebilir","status":"publish","type":"product","link":"https:\/\/roveyayinevi.com.tr\/index.php\/urun\/her-sey-nasil-cokebilir\/","title":{"rendered":"Her \u015eey Nas\u0131l \u00c7\u00f6kebilir?"},"content":{"rendered":"<p>\u201c\u00c7\u00f6k\u00fc\u015f dedi\u011fimiz \u015fey su, g\u0131da, bar\u0131nma, giyim, enerji vb. temel ihtiya\u00e7lar\u0131n yasalarla denetlenen hizmetlerle n\u00fcfusun b\u00fcy\u00fck \u00e7o\u011funlu\u011funa ve makul \u00fccretlerle tedarik edilemeyece\u011fi bir s\u00fcre\u00e7tir.\u201d Toplumun, bildi\u011fimiz haliyle uygarl\u0131\u011f\u0131n hatta daha k\u00f6t\u00fcs\u00fc biyosferin muhtemel \u00e7\u00f6k\u00fc\u015f\u00fcn\u00fc Avrupa\u2019da halk\u0131n g\u00fcndemine ta\u015f\u0131yan ve ilk kez 2015\u2019te yay\u0131mlanan bu kitap son elli y\u0131ld\u0131r d\u00fcnya genelinde etkisini art\u0131ran politik ekoloji hareketi i\u00e7inde en \u00e7ok tart\u0131\u015f\u0131lan metinlerinden biri haline geldi. Pablo Servigne ve Rapha\u00ebl Stevens bug\u00fcnk\u00fc nesillerin ya\u015fam s\u00fcresi i\u00e7inde ger\u00e7ekle\u015fmesini olas\u0131 g\u00f6rd\u00fckleri \u00e7\u00f6k\u00fc\u015f\u00fcn (veya \u00e7\u00f6k\u00fc\u015flerin) ard\u0131ndaki dinamikleri ortaya seriyor ve 2020\u2019de s\u00f6zl\u00fcklere de giren \u201ckolapsoloji\u201d (\u00e7\u00f6k\u00fc\u015fbilim) ad\u0131n\u0131 verdikleri bu son derece rahats\u0131z edici konuya disiplinleraras\u0131 bir giri\u015f sunuyorlar. <\/p>\n","protected":false},"excerpt":{"rendered":"<p>\u201c\u00c7\u00f6k\u00fc\u015f dedi\u011fimiz \u015fey su, g\u0131da, bar\u0131nma, giyim, enerji vb. temel ihtiya\u00e7lar\u0131n yasalarla denetlenen hizmetlerle n\u00fcfusun b\u00fcy\u00fck \u00e7o\u011funlu\u011funa ve makul \u00fccretlerle tedarik edilemeyece\u011fi bir s\u00fcre\u00e7tir.\u201d Toplumun, bildi\u011fimiz<span class=\"excerpt-hellip\"> [\u2026]<\/span><\/p>\n","protected":false},"featured_media":0,"template":"","meta":{"_monsterinsights_skip_tracking":false,"_monsterinsights_sitenote_active":false,"_monsterinsights_sitenote_note":"","_monsterinsights_sitenote_category":0},"product_brand":[],"product_cat":[12325,12324],"product_tag":[],"class_list":{"0":"post-766382","1":"product","2":"type-product","3":"status-publish","5":"product_cat-diger-sosyoloji","6":"product_cat-sosyoloji","7":"pa_cilt-ciltsiz","8":"pa_tur-kitap","9":"pa_yayinevi-is-bankasi-kultur-yayinlari","10":"pa_yazar-pablo-servigne-raphael-stevens","12":"first","13":"instock","14":"sale","15":"shipping-taxable","16":"purchasable","17":"product-type-simple"},"_links":{"self":[{"href":"https:\/\/roveyayinevi.com.tr\/index.php\/wp-json\/wp\/v2\/product\/766382","targetHints":{"allow":["GET"]}}],"collection":[{"href":"https:\/\/roveyayinevi.com.tr\/index.php\/wp-json\/wp\/v2\/product"}],"about":[{"href":"https:\/\/roveyayinevi.com.tr\/index.php\/wp-json\/wp\/v2\/types\/product"}],"wp:attachment":[{"href":"https:\/\/roveyayinevi.com.tr\/index.php\/wp-json\/wp\/v2\/media?parent=766382"}],"wp:term":[{"taxonomy":"product_brand","embeddable":true,"href":"https:\/\/roveyayinevi.com.tr\/index.php\/wp-json\/wp\/v2\/product_brand?post=766382"},{"taxonomy":"product_cat","embeddable":true,"href":"https:\/\/roveyayinevi.com.tr\/index.php\/wp-json\/wp\/v2\/product_cat?post=766382"},{"taxonomy":"product_tag","embeddable":true,"href":"https:\/\/roveyayinevi.com.tr\/index.php\/wp-json\/wp\/v2\/product_tag?post=766382"}],"curies":[{"name":"wp","href":"https:\/\/api.w.org\/{rel}","templated":true}]}}