{"id":766380,"date":"2025-08-28T12:11:46","date_gmt":"2025-08-28T09:11:46","guid":{"rendered":"https:\/\/roveyayinevi.com.tr\/index.php\/urun\/baska-bir-ask-istemez-rusen-keles-kitabi\/"},"modified":"2026-04-15T03:32:12","modified_gmt":"2026-04-15T00:32:12","slug":"baska-bir-ask-istemez-rusen-keles-kitabi","status":"publish","type":"product","link":"https:\/\/roveyayinevi.com.tr\/index.php\/urun\/baska-bir-ask-istemez-rusen-keles-kitabi\/","title":{"rendered":"Ba\u015fka Bir A\u015fk \u0130stemez \u2013 \u201cRu\u015fen Kele\u015f Kitab\u0131\u201d"},"content":{"rendered":"<p>Prof. Dr. Ru\u015fen Kele\u015f, T\u00fcrkiye\u2019de yerel y\u00f6netim, kentle\u015fme, imar hukuku, kent sosyolojisi, \u00e7evre hukuku ve sorunlar\u0131 konular\u0131ndaki \u00e7al\u0131\u015fmalar\u0131n\u0131 yetmi\u015f y\u0131ld\u0131r s\u00fcrd\u00fcren bir bilim insan\u0131. Bu kitap Ru\u015fen Kele\u015f\u2019in, \u00f6\u011frencisi emekli vali Kayhan Kavas\u2019a yal\u0131n bir dille aktard\u0131\u011f\u0131 doksan iki y\u0131ll\u0131k ya\u015fam\u0131ndan kesitler sunuyor: \u00c7ocukluk ve gen\u00e7lik y\u0131llar\u0131, Siyasal Bilgiler Fak\u00fcltesi\u2019ndeki \u00f6\u011frencili\u011fi, akademik hayat\u0131, idari g\u00f6revleri, yerel y\u00f6netimler ve kentle\u015fme \u00e7al\u0131\u015fmalar\u0131na katk\u0131lar\u0131 ve ya\u015fam\u0131nda iz b\u0131rakan isimler&#8230; M\u00fclkiye Mar\u015f\u0131\u2019n\u0131n da ilk dizesi olan Ba\u015fka Bir A\u015fk \u0130stemez, Ru\u015fen Kele\u015f\u2019in 1950\u2019de \u00f6\u011frencisi oldu\u011fu, iki d\u00f6nem dekanl\u0131\u011f\u0131n\u0131 yapt\u0131\u011f\u0131 ve elli y\u0131la yak\u0131n akademisyenli\u011fini s\u00fcrd\u00fcrd\u00fc\u011f\u00fc Ankara \u00dcniversitesi Siyasal Bilgiler Fak\u00fcltesi\u2019nin de tarihi niteli\u011finde. <\/p>\n","protected":false},"excerpt":{"rendered":"<p>Prof. Dr. Ru\u015fen Kele\u015f, T\u00fcrkiye\u2019de yerel y\u00f6netim, kentle\u015fme, imar hukuku, kent sosyolojisi, \u00e7evre hukuku ve sorunlar\u0131 konular\u0131ndaki \u00e7al\u0131\u015fmalar\u0131n\u0131 yetmi\u015f y\u0131ld\u0131r s\u00fcrd\u00fcren bir bilim insan\u0131. Bu kitap<span class=\"excerpt-hellip\"> [\u2026]<\/span><\/p>\n","protected":false},"featured_media":0,"template":"","meta":{"_monsterinsights_skip_tracking":false,"_monsterinsights_sitenote_active":false,"_monsterinsights_sitenote_note":"","_monsterinsights_sitenote_category":0},"product_brand":[],"product_cat":[12291,30969],"product_tag":[],"class_list":{"0":"post-766380","1":"product","2":"type-product","3":"status-publish","5":"product_cat-edebiyat","6":"product_cat-soylesi-edebiyat","7":"pa_cilt-ciltsiz","8":"pa_tur-kitap","9":"pa_yayinevi-is-bankasi-kultur-yayinlari","10":"pa_yazar-kayhan-kavas","12":"first","13":"instock","14":"sale","15":"shipping-taxable","16":"purchasable","17":"product-type-simple"},"_links":{"self":[{"href":"https:\/\/roveyayinevi.com.tr\/index.php\/wp-json\/wp\/v2\/product\/766380","targetHints":{"allow":["GET"]}}],"collection":[{"href":"https:\/\/roveyayinevi.com.tr\/index.php\/wp-json\/wp\/v2\/product"}],"about":[{"href":"https:\/\/roveyayinevi.com.tr\/index.php\/wp-json\/wp\/v2\/types\/product"}],"wp:attachment":[{"href":"https:\/\/roveyayinevi.com.tr\/index.php\/wp-json\/wp\/v2\/media?parent=766380"}],"wp:term":[{"taxonomy":"product_brand","embeddable":true,"href":"https:\/\/roveyayinevi.com.tr\/index.php\/wp-json\/wp\/v2\/product_brand?post=766380"},{"taxonomy":"product_cat","embeddable":true,"href":"https:\/\/roveyayinevi.com.tr\/index.php\/wp-json\/wp\/v2\/product_cat?post=766380"},{"taxonomy":"product_tag","embeddable":true,"href":"https:\/\/roveyayinevi.com.tr\/index.php\/wp-json\/wp\/v2\/product_tag?post=766380"}],"curies":[{"name":"wp","href":"https:\/\/api.w.org\/{rel}","templated":true}]}}