{"id":766379,"date":"2025-08-28T12:11:44","date_gmt":"2025-08-28T09:11:44","guid":{"rendered":"https:\/\/roveyayinevi.com.tr\/index.php\/urun\/zorluklarla-mucadele\/"},"modified":"2026-04-15T03:32:12","modified_gmt":"2026-04-15T00:32:12","slug":"zorluklarla-mucadele","status":"publish","type":"product","link":"https:\/\/roveyayinevi.com.tr\/index.php\/urun\/zorluklarla-mucadele\/","title":{"rendered":"Zorluklarla M\u00fccadele"},"content":{"rendered":"<p>Hayat Bilgesi Casson\u2019dan \u00d6\u011f\u00fctler   Ya\u015fad\u0131\u011f\u0131 d\u00f6nemde d\u00fcnyaca \u00fcnl\u00fc bir\u00e7ok \u015firketin dan\u0131\u015fmanl\u0131\u011f\u0131n\u0131 yapan ve \u0130ngiltere ekonomisine damgas\u0131n\u0131 vuran Hayat Bilgesi Prof. Dr. Herbert N. Casson, hem i\u015fadam\u0131 ve y\u00f6neticilere hem de kendi i\u015finin ve hayat\u0131n\u0131n y\u00f6neticisi olmak isteyen herkese alt\u0131n de\u011ferinde \u00f6\u011f\u00fctler sunuyor.   Engeller ve zorluklar, hayat\u0131m\u0131z\u0131n gere\u011fidir. Zorluklarla m\u00fccadele etmek, hayat\u0131n kendisidir, ya\u015famakt\u0131r\u2026 Bunlardan ka\u00e7\u0131nmak ise ya\u015famdan ka\u00e7makt\u0131r; \u00f6l\u00fcmd\u00fcr\u2026   Yazar, zorluklar\u0131 yenmede ve engelleri a\u015fmada as\u0131l g\u00fcc\u00fcn, ki\u015finin kendisinde sakl\u0131 oldu\u011funu vurguluyor. M\u00fccadeleyle elde edilen ba\u015far\u0131n\u0131n daha anlaml\u0131 ve de\u011ferli oldu\u011funu kendi hayat prati\u011finden ve g\u00f6zlemlerinden yola \u00e7\u0131karak ispat ediyor. <\/p>\n","protected":false},"excerpt":{"rendered":"<p>Hayat Bilgesi Casson\u2019dan \u00d6\u011f\u00fctler Ya\u015fad\u0131\u011f\u0131 d\u00f6nemde d\u00fcnyaca \u00fcnl\u00fc bir\u00e7ok \u015firketin dan\u0131\u015fmanl\u0131\u011f\u0131n\u0131 yapan ve \u0130ngiltere ekonomisine damgas\u0131n\u0131 vuran Hayat Bilgesi Prof. Dr. Herbert N. Casson, hem i\u015fadam\u0131<span class=\"excerpt-hellip\"> [\u2026]<\/span><\/p>\n","protected":false},"featured_media":0,"template":"","meta":{"_monsterinsights_skip_tracking":false,"_monsterinsights_sitenote_active":false,"_monsterinsights_sitenote_note":"","_monsterinsights_sitenote_category":0},"product_brand":[],"product_cat":[12364,12376],"product_tag":[],"class_list":{"0":"post-766379","1":"product","2":"type-product","3":"status-publish","5":"product_cat-genel-konular","6":"product_cat-kisisel-gelisim","7":"pa_cilt-ciltsiz","8":"pa_tur-kitap","9":"pa_yayinevi-hayat-yayinlari","10":"pa_yazar-herbert-n-casson","12":"first","13":"instock","14":"sale","15":"shipping-taxable","16":"purchasable","17":"product-type-simple"},"_links":{"self":[{"href":"https:\/\/roveyayinevi.com.tr\/index.php\/wp-json\/wp\/v2\/product\/766379","targetHints":{"allow":["GET"]}}],"collection":[{"href":"https:\/\/roveyayinevi.com.tr\/index.php\/wp-json\/wp\/v2\/product"}],"about":[{"href":"https:\/\/roveyayinevi.com.tr\/index.php\/wp-json\/wp\/v2\/types\/product"}],"wp:attachment":[{"href":"https:\/\/roveyayinevi.com.tr\/index.php\/wp-json\/wp\/v2\/media?parent=766379"}],"wp:term":[{"taxonomy":"product_brand","embeddable":true,"href":"https:\/\/roveyayinevi.com.tr\/index.php\/wp-json\/wp\/v2\/product_brand?post=766379"},{"taxonomy":"product_cat","embeddable":true,"href":"https:\/\/roveyayinevi.com.tr\/index.php\/wp-json\/wp\/v2\/product_cat?post=766379"},{"taxonomy":"product_tag","embeddable":true,"href":"https:\/\/roveyayinevi.com.tr\/index.php\/wp-json\/wp\/v2\/product_tag?post=766379"}],"curies":[{"name":"wp","href":"https:\/\/api.w.org\/{rel}","templated":true}]}}