{"id":766378,"date":"2025-08-28T12:11:42","date_gmt":"2025-08-28T09:11:42","guid":{"rendered":"https:\/\/roveyayinevi.com.tr\/index.php\/urun\/efendibey-ayla-devlet-hizmetine-adanmis-bir-omur\/"},"modified":"2026-04-15T03:32:12","modified_gmt":"2026-04-15T00:32:12","slug":"efendibey-ayla-devlet-hizmetine-adanmis-bir-omur","status":"publish","type":"product","link":"https:\/\/roveyayinevi.com.tr\/index.php\/urun\/efendibey-ayla-devlet-hizmetine-adanmis-bir-omur\/","title":{"rendered":"Efendibey Ayla \u2013 Devlet Hizmetine Adanmi\u015f Bir \u00d6m\u00fcr"},"content":{"rendered":"<p>Efendibey Ayla, T\u00fcrkiye Cumhuriyeti\u2019nin Ba\u015fbakanl\u0131k\u2019taki ilk kad\u0131n \u00f6zel kalem m\u00fcd\u00fcr\u00fc ve e\u011fitimci Ayla Hat\u0131rl\u0131\u2019n\u0131n ya\u015fam\u0131n\u0131n \u201cupuzun ve k\u0131sac\u0131k bir hik\u00e2yesi\u201d. On yedi ya\u015f\u0131ndayken, do\u011fup b\u00fcy\u00fcd\u00fc\u011f\u00fc Kayseri\u2019de \u00f6\u011fretmenlik yapmaya ba\u015flayan Ayla Hat\u0131rl\u0131\u2019n\u0131n ya\u015fam\u0131, y\u0131llar sonra ailesiyle birlikte Ankara\u2019ya ta\u015f\u0131nmas\u0131yla y\u00f6n de\u011fi\u015ftirir. Ba\u015fkente yerle\u015fmelerinden k\u0131sa bir s\u00fcre sonra Devlet Bakan\u0131 \u0130smail Arar\u2019\u0131n \u00f6zel kalem m\u00fcd\u00fcr yard\u0131mc\u0131s\u0131 olarak \u00e7al\u0131\u015fmaya ba\u015flar ve 1972\u2019de \u00f6zel kalem m\u00fcd\u00fcr\u00fc olarak atan\u0131r. Aralar\u0131nda Turhan Feyzio\u011flu, Turan G\u00fcne\u015f, S\u00fcleyman Arif Emre, Erdal \u0130n\u00f6n\u00fc gibi farkl\u0131 siyasi g\u00f6r\u00fc\u015ften politikac\u0131lar\u0131n bulundu\u011fu on d\u00f6rt ayr\u0131 h\u00fck\u00fcmette sekizi ba\u015fbakan yard\u0131mc\u0131s\u0131 olmak \u00fczere yirmi iki devlet bakan\u0131yla \u00e7al\u0131\u015f\u0131r. Devlet hizmetinin yan\u0131 s\u0131ra Organ Nakli ve Yan\u0131k Tedavi Vakf\u0131\u2019n\u0131n kurulu\u015funda yer al\u0131r, T\u00fcrkan Saylan ve Nezihe Araz\u2019la birlikte Anadolu \u00c7a\u011fda\u015f E\u011fitim Vakf\u0131\u2019n\u0131 kurar. Vak\u0131f arac\u0131l\u0131\u011f\u0131yla hem Ankara\u2019n\u0131n k\u00fclt\u00fcr hayat\u0131na hem de gen\u00e7lerin \u00e7a\u011fda\u015f bir e\u011fitimle yeti\u015fmelerine katk\u0131 sa\u011flar. Ayla Hat\u0131rl\u0131 bu y\u0131llarda biriktirdiklerini, \u201cyal\u0131n, e\u011fmeden, b\u00fckmeden, b\u00fcy\u00fck laflar etmeden, s\u00fcsleyip p\u00fcslemeden, samimiyetle\u201d anlat\u0131yor. <\/p>\n","protected":false},"excerpt":{"rendered":"<p>Efendibey Ayla, T\u00fcrkiye Cumhuriyeti\u2019nin Ba\u015fbakanl\u0131k\u2019taki ilk kad\u0131n \u00f6zel kalem m\u00fcd\u00fcr\u00fc ve e\u011fitimci Ayla Hat\u0131rl\u0131\u2019n\u0131n ya\u015fam\u0131n\u0131n \u201cupuzun ve k\u0131sac\u0131k bir hik\u00e2yesi\u201d. On yedi ya\u015f\u0131ndayken, do\u011fup b\u00fcy\u00fcd\u00fc\u011f\u00fc Kayseri\u2019de<span class=\"excerpt-hellip\"> [\u2026]<\/span><\/p>\n","protected":false},"featured_media":0,"template":"","meta":{"_monsterinsights_skip_tracking":false,"_monsterinsights_sitenote_active":false,"_monsterinsights_sitenote_note":"","_monsterinsights_sitenote_category":0},"product_brand":[],"product_cat":[13701,12291],"product_tag":[],"class_list":{"0":"post-766378","1":"product","2":"type-product","3":"status-publish","5":"product_cat-ani-mektup-gunluk","6":"product_cat-edebiyat","7":"pa_cilt-ciltsiz","8":"pa_tur-kitap","9":"pa_yayinevi-is-bankasi-kultur-yayinlari","10":"pa_yazar-ayla-hatirli","12":"first","13":"instock","14":"sale","15":"shipping-taxable","16":"purchasable","17":"product-type-simple"},"_links":{"self":[{"href":"https:\/\/roveyayinevi.com.tr\/index.php\/wp-json\/wp\/v2\/product\/766378","targetHints":{"allow":["GET"]}}],"collection":[{"href":"https:\/\/roveyayinevi.com.tr\/index.php\/wp-json\/wp\/v2\/product"}],"about":[{"href":"https:\/\/roveyayinevi.com.tr\/index.php\/wp-json\/wp\/v2\/types\/product"}],"wp:attachment":[{"href":"https:\/\/roveyayinevi.com.tr\/index.php\/wp-json\/wp\/v2\/media?parent=766378"}],"wp:term":[{"taxonomy":"product_brand","embeddable":true,"href":"https:\/\/roveyayinevi.com.tr\/index.php\/wp-json\/wp\/v2\/product_brand?post=766378"},{"taxonomy":"product_cat","embeddable":true,"href":"https:\/\/roveyayinevi.com.tr\/index.php\/wp-json\/wp\/v2\/product_cat?post=766378"},{"taxonomy":"product_tag","embeddable":true,"href":"https:\/\/roveyayinevi.com.tr\/index.php\/wp-json\/wp\/v2\/product_tag?post=766378"}],"curies":[{"name":"wp","href":"https:\/\/api.w.org\/{rel}","templated":true}]}}