{"id":766374,"date":"2025-08-28T12:11:34","date_gmt":"2025-08-28T09:11:34","guid":{"rendered":"https:\/\/roveyayinevi.com.tr\/index.php\/urun\/fil-fikri-nereden-buldun-bu-fikri\/"},"modified":"2026-04-15T03:32:12","modified_gmt":"2026-04-15T00:32:12","slug":"fil-fikri-nereden-buldun-bu-fikri","status":"publish","type":"product","link":"https:\/\/roveyayinevi.com.tr\/index.php\/urun\/fil-fikri-nereden-buldun-bu-fikri\/","title":{"rendered":"Fil Fikri, Nereden Buldun Bu Fikri?"},"content":{"rendered":"<p>Bazen en g\u00fczel fikir, sadece bir hayalle gelir. \u0130\u015fte \u201cmucize\u201d diye buna denir. Fil Fikri\u2019nin mucizesi de kimsenin onaylamad\u0131\u011f\u0131 bir fikirde gizliydi. Ve baz\u0131 yolculuklar kimse e\u015flik etmese de \u00e7ok g\u00fczeldi! Hayal kurmay\u0131, kendine g\u00fcvenmeyi ve kararl\u0131 olmay\u0131 anlatan bu \u00f6yk\u00fcde sen de Fil Fikri\u2019ye kat\u0131lmaya haz\u0131r m\u0131s\u0131n? <\/p>\n","protected":false},"excerpt":{"rendered":"<p>Bazen en g\u00fczel fikir, sadece bir hayalle gelir. \u0130\u015fte \u201cmucize\u201d diye buna denir. Fil Fikri\u2019nin mucizesi de kimsenin onaylamad\u0131\u011f\u0131 bir fikirde gizliydi. Ve baz\u0131 yolculuklar kimse<span class=\"excerpt-hellip\"> [\u2026]<\/span><\/p>\n","protected":false},"featured_media":0,"template":"","meta":{"_monsterinsights_skip_tracking":false,"_monsterinsights_sitenote_active":false,"_monsterinsights_sitenote_note":"","_monsterinsights_sitenote_category":0},"product_brand":[],"product_cat":[12274,12284],"product_tag":[],"class_list":{"0":"post-766374","1":"product","2":"type-product","3":"status-publish","5":"product_cat-cocuk-ve-genclik-kitaplari","6":"product_cat-hikayeler","7":"pa_cilt-ciltsiz","8":"pa_tur-kitap","9":"pa_yayinevi-mandolin-yayinlari","10":"pa_yazar-damla-girgin","12":"first","13":"instock","14":"sale","15":"shipping-taxable","16":"purchasable","17":"product-type-simple"},"_links":{"self":[{"href":"https:\/\/roveyayinevi.com.tr\/index.php\/wp-json\/wp\/v2\/product\/766374","targetHints":{"allow":["GET"]}}],"collection":[{"href":"https:\/\/roveyayinevi.com.tr\/index.php\/wp-json\/wp\/v2\/product"}],"about":[{"href":"https:\/\/roveyayinevi.com.tr\/index.php\/wp-json\/wp\/v2\/types\/product"}],"wp:attachment":[{"href":"https:\/\/roveyayinevi.com.tr\/index.php\/wp-json\/wp\/v2\/media?parent=766374"}],"wp:term":[{"taxonomy":"product_brand","embeddable":true,"href":"https:\/\/roveyayinevi.com.tr\/index.php\/wp-json\/wp\/v2\/product_brand?post=766374"},{"taxonomy":"product_cat","embeddable":true,"href":"https:\/\/roveyayinevi.com.tr\/index.php\/wp-json\/wp\/v2\/product_cat?post=766374"},{"taxonomy":"product_tag","embeddable":true,"href":"https:\/\/roveyayinevi.com.tr\/index.php\/wp-json\/wp\/v2\/product_tag?post=766374"}],"curies":[{"name":"wp","href":"https:\/\/api.w.org\/{rel}","templated":true}]}}