{"id":766373,"date":"2025-08-28T12:11:32","date_gmt":"2025-08-28T09:11:32","guid":{"rendered":"https:\/\/roveyayinevi.com.tr\/index.php\/urun\/anne-kafasi\/"},"modified":"2026-04-15T03:32:12","modified_gmt":"2026-04-15T00:32:12","slug":"anne-kafasi","status":"publish","type":"product","link":"https:\/\/roveyayinevi.com.tr\/index.php\/urun\/anne-kafasi\/","title":{"rendered":"Anne Kafas\u0131"},"content":{"rendered":"<p>\u201cHerkes mutlu olsundu, d\u00f6rt bir yana haber sal\u0131ns\u0131nd\u0131, \u2018art\u0131k zaman\u0131 geldi\u2019 diyenler huzura kavu\u015fsundu, merak edenler yak\u0131nda \u00f6\u011frensindi; \u00e7\u00fcnk\u00fc biz \u00e7ocuk yapmaya karar vermi\u015ftik! Asl\u0131na bakarsan\u0131z bu karar \u00f6yle \u00e7ok da \u015fa\u015faal\u0131, e\u015fimle birbirimize sar\u0131ld\u0131\u011f\u0131m\u0131z ve \u00fcremeye karar veri\u015fimiz sebebiyle g\u00f6zya\u015flar\u0131na bo\u011fuldu\u011fumuz bir anda verilmedi. Herkes bu karar\u0131 nas\u0131l veriyor bilmem ama biz, balkonda aylak aylak tak\u0131l\u0131rken, sa\u011fl\u0131ks\u0131z hayat\u0131n dibine vurmu\u015fken, iki dakika kadar \u00f6nce e\u015fim Dostoyevski\u2019nin neredeyse kimsenin bilmedi\u011fi bir roman\u0131ndaki karakterlerin isimlerini say\u0131p d\u00f6kt\u00fckten ve ben bu isimleri nas\u0131l olup da hat\u0131rlayabilmesine i\u00e7ten i\u00e7e \u00e7ok\u00e7a \u015fa\u015f\u0131rd\u0131ktan sonra verdik. Ben de bilmiyorum ama konu oraya bir \u015fekilde geldi i\u015fte. \u015eaka, ben getirdim\u2026 Dostoyevski\u2019de de tam baba tipi var, dedim\u2026\u201d Anne Kafas\u0131, Cansu Erkan\u2019\u0131n yaz\u0131p resimledi\u011fi ilk yeti\u015fkin kitab\u0131. Anne adaylar\u0131, yeni do\u011fum yapm\u0131\u015f anneler ve daha k\u0131demlileri bu kitapta kendilerinden \u00e7ok \u015fey buluyor, Cansu Erkan\u2019\u0131n deneyimlerini okurken hem e\u011fleniyor hem de yaln\u0131z olmad\u0131klar\u0131n\u0131 hissediyorlar. Kitap, anneler i\u00e7in g\u00fcnl\u00fck hayat\u0131n tela\u015f ve yorgunlu\u011funa e\u011flenceli bir mola haz\u0131rl\u0131yor. <\/p>\n","protected":false},"excerpt":{"rendered":"<p>\u201cHerkes mutlu olsundu, d\u00f6rt bir yana haber sal\u0131ns\u0131nd\u0131, \u2018art\u0131k zaman\u0131 geldi\u2019 diyenler huzura kavu\u015fsundu, merak edenler yak\u0131nda \u00f6\u011frensindi; \u00e7\u00fcnk\u00fc biz \u00e7ocuk yapmaya karar vermi\u015ftik! Asl\u0131na bakarsan\u0131z<span class=\"excerpt-hellip\"> [\u2026]<\/span><\/p>\n","protected":false},"featured_media":0,"template":"","meta":{"_monsterinsights_skip_tracking":false,"_monsterinsights_sitenote_active":false,"_monsterinsights_sitenote_note":"","_monsterinsights_sitenote_category":0},"product_brand":[],"product_cat":[13701,12291],"product_tag":[],"class_list":{"0":"post-766373","1":"product","2":"type-product","3":"status-publish","5":"product_cat-ani-mektup-gunluk","6":"product_cat-edebiyat","7":"pa_cilt-ciltsiz","8":"pa_tur-kitap","9":"pa_yayinevi-ucuncu-goz","10":"pa_yazar-cansu-erkan","12":"first","13":"instock","14":"sale","15":"shipping-taxable","16":"purchasable","17":"product-type-simple"},"_links":{"self":[{"href":"https:\/\/roveyayinevi.com.tr\/index.php\/wp-json\/wp\/v2\/product\/766373","targetHints":{"allow":["GET"]}}],"collection":[{"href":"https:\/\/roveyayinevi.com.tr\/index.php\/wp-json\/wp\/v2\/product"}],"about":[{"href":"https:\/\/roveyayinevi.com.tr\/index.php\/wp-json\/wp\/v2\/types\/product"}],"wp:attachment":[{"href":"https:\/\/roveyayinevi.com.tr\/index.php\/wp-json\/wp\/v2\/media?parent=766373"}],"wp:term":[{"taxonomy":"product_brand","embeddable":true,"href":"https:\/\/roveyayinevi.com.tr\/index.php\/wp-json\/wp\/v2\/product_brand?post=766373"},{"taxonomy":"product_cat","embeddable":true,"href":"https:\/\/roveyayinevi.com.tr\/index.php\/wp-json\/wp\/v2\/product_cat?post=766373"},{"taxonomy":"product_tag","embeddable":true,"href":"https:\/\/roveyayinevi.com.tr\/index.php\/wp-json\/wp\/v2\/product_tag?post=766373"}],"curies":[{"name":"wp","href":"https:\/\/api.w.org\/{rel}","templated":true}]}}