{"id":766372,"date":"2025-08-28T12:11:30","date_gmt":"2025-08-28T09:11:30","guid":{"rendered":"https:\/\/roveyayinevi.com.tr\/index.php\/urun\/gitme-zamani\/"},"modified":"2026-04-15T03:32:12","modified_gmt":"2026-04-15T00:32:12","slug":"gitme-zamani","status":"publish","type":"product","link":"https:\/\/roveyayinevi.com.tr\/index.php\/urun\/gitme-zamani\/","title":{"rendered":"Gitme Zaman\u0131"},"content":{"rendered":"<p>Bir yanda Z\u00e2hir, bir yanda B\u00e2t\u0131n\u2026 Bir yanda g\u00f6r\u00fcnen d\u00fcnya, bir yanda insan\u0131n \u00f6tesi, evrenin varolu\u015fu\u2026 Bir yanda bireyin g\u00fcnl\u00fck ya\u015fam ak\u0131\u015f\u0131 i\u00e7inde kendini, \u00e7evresindeki karakterleri ve bulundu\u011fu ya\u015fam\u0131 sorgulayan bir hik\u00e2ye; di\u011fer yanda felsefik ve ruhani s\u0131rlar\u0131 irdeleyen, kadim bilgileri ve bilgeleri bug\u00fcne ta\u015f\u0131yan gizemli, mistik bir yolculuk\u2026 Bir yanda a\u011fac\u0131n alt\u0131nda uyuyan Yedi, denizden \u00e7\u0131kan \u00e7ift ba\u015fl\u0131 d\u00fcalite, zaman ustas\u0131 saat\u00e7i, bilge simyac\u0131, Schr\u00f6dinger\u2019in kedisi, mahkeme salonuna dolu\u015fmu\u015f d\u00fc\u015f\u00fcn\u00fcrler ve daha nice ezoterik kahraman&#8230; Di\u011fer yanda a\u015fk, tutku, aldatma, entrika ve ya\u015fam kavgas\u0131\u2026 Kitaplar\u0131 ve insan odakl\u0131 \u00e7al\u0131\u015fmalar\u0131yla milyonlarca ruha dokunan Aret Vartanyan, daha \u00f6nce denenmemi\u015f tarzda kaleme ald\u0131\u011f\u0131 bu roman\u0131nda y\u00fcre\u011fiyle mant\u0131\u011f\u0131, ger\u00e7ekle ill\u00fczyon aras\u0131nda s\u0131k\u0131\u015fan insanl\u0131\u011f\u0131 kendi i\u00e7inde bir y\u00fczle\u015fmeye davet ediyor. <\/p>\n","protected":false},"excerpt":{"rendered":"<p>Bir yanda Z\u00e2hir, bir yanda B\u00e2t\u0131n\u2026 Bir yanda g\u00f6r\u00fcnen d\u00fcnya, bir yanda insan\u0131n \u00f6tesi, evrenin varolu\u015fu\u2026 Bir yanda bireyin g\u00fcnl\u00fck ya\u015fam ak\u0131\u015f\u0131 i\u00e7inde kendini, \u00e7evresindeki karakterleri<span class=\"excerpt-hellip\"> [\u2026]<\/span><\/p>\n","protected":false},"featured_media":0,"template":"","meta":{"_monsterinsights_skip_tracking":false,"_monsterinsights_sitenote_active":false,"_monsterinsights_sitenote_note":"","_monsterinsights_sitenote_category":0},"product_brand":[],"product_cat":[12291,12711],"product_tag":[],"class_list":{"0":"post-766372","1":"product","2":"type-product","3":"status-publish","5":"product_cat-edebiyat","6":"product_cat-roman-oyku","7":"pa_cilt-ciltsiz","8":"pa_tur-kitap","9":"pa_yayinevi-ucuncu-goz","10":"pa_yazar-aret-vartanyan","12":"first","13":"instock","14":"sale","15":"shipping-taxable","16":"purchasable","17":"product-type-simple"},"_links":{"self":[{"href":"https:\/\/roveyayinevi.com.tr\/index.php\/wp-json\/wp\/v2\/product\/766372","targetHints":{"allow":["GET"]}}],"collection":[{"href":"https:\/\/roveyayinevi.com.tr\/index.php\/wp-json\/wp\/v2\/product"}],"about":[{"href":"https:\/\/roveyayinevi.com.tr\/index.php\/wp-json\/wp\/v2\/types\/product"}],"wp:attachment":[{"href":"https:\/\/roveyayinevi.com.tr\/index.php\/wp-json\/wp\/v2\/media?parent=766372"}],"wp:term":[{"taxonomy":"product_brand","embeddable":true,"href":"https:\/\/roveyayinevi.com.tr\/index.php\/wp-json\/wp\/v2\/product_brand?post=766372"},{"taxonomy":"product_cat","embeddable":true,"href":"https:\/\/roveyayinevi.com.tr\/index.php\/wp-json\/wp\/v2\/product_cat?post=766372"},{"taxonomy":"product_tag","embeddable":true,"href":"https:\/\/roveyayinevi.com.tr\/index.php\/wp-json\/wp\/v2\/product_tag?post=766372"}],"curies":[{"name":"wp","href":"https:\/\/api.w.org\/{rel}","templated":true}]}}