{"id":766370,"date":"2025-08-28T12:11:25","date_gmt":"2025-08-28T09:11:25","guid":{"rendered":"https:\/\/roveyayinevi.com.tr\/index.php\/urun\/mai-ve-siyah-livaneli-kitapligi\/"},"modified":"2026-04-15T03:32:12","modified_gmt":"2026-04-15T00:32:12","slug":"mai-ve-siyah-livaneli-kitapligi","status":"publish","type":"product","link":"https:\/\/roveyayinevi.com.tr\/index.php\/urun\/mai-ve-siyah-livaneli-kitapligi\/","title":{"rendered":"Mai ve Siyah &#8211; Livaneli Kitapl\u0131\u011f\u0131"},"content":{"rendered":"<p>\u201cG\u00f6zlerinin \u00f6n\u00fcnde o mai gece ile bu siyah gece kar\u015f\u0131 kar\u015f\u0131ya geldi: Mai ve siyah. Ah! Zavall\u0131 h\u0131rpalanm\u0131\u015f, ezilmi\u015f hayat!.. Mai bir gece ile siyah bir gece aras\u0131nda ge\u00e7en \u015fu nasipsiz, bahts\u0131z \u00f6m\u00fcr!.. Bir elmas ya\u011fmuru alt\u0131nda geli\u015ferek, \u015fimdi bir siyah inci ya\u011fmurunun alt\u0131nda g\u00f6m\u00fclen o emel \u00e7i\u00e7ekleri!..\u201d Halid Ziya U\u015fakl\u0131gil, unutulmaz eseri Mai ve Siyah\u2019ta hayata umutla bakan Ahmet Cemil isimli bir gencin zorluklar kar\u015f\u0131s\u0131nda savrulu\u015funu anlat\u0131yor. B\u00fcy\u00fck bir \u015fair olmak isteyen Ahmet Cemil, babas\u0131n\u0131n \u00f6l\u00fcm\u00fcn\u00fcn ard\u0131ndan ailesini ge\u00e7indirmek i\u00e7in \u00e7evirmenlik ve d\u00fczeltmenlik yapmak zorunda kalm\u0131\u015ft\u0131r. Yetenekli ve \u00e7al\u0131\u015fkan olmas\u0131 i\u015flerin yoluna girmesi i\u00e7in yeterli de\u011fildir. Hayat onu k\u0131z karde\u015fi ve sevdi\u011fi kad\u0131nla da s\u0131nayacakt\u0131r. Ahmet Cemil roman\u0131n sonunda \u201cbir siyah inci ya\u011fmurunun alt\u0131nda\u201d hi\u00e7 hayal etmedi\u011fi y\u00f6ne do\u011fru yolculu\u011fa \u00e7\u0131kacakt\u0131r. Mai ve siyah\u0131n, hayallerin ve ger\u00e7eklerin \u00e7at\u0131\u015ft\u0131\u011f\u0131 romanda 19. y\u00fczy\u0131l sonlar\u0131ndaki \u0130stanbul\u2019un sosyok\u00fclt\u00fcrel atmosferi ustal\u0131kla \u00e7iziliyor. B\u00e2b-\u0131 \u00c2li\u2019deki bas\u0131n ve yay\u0131nc\u0131l\u0131k hayat\u0131na dair anlat\u0131mlar bir d\u00f6nemin edebi ortam\u0131n\u0131 g\u00f6zler \u00f6n\u00fcne seriyor. Servet-i F\u00fcn\u00fbn ak\u0131m\u0131n\u0131n en \u00f6nemli temsilcilerinden Halid Ziya U\u015fakl\u0131gil; ruhsal tahlilleri, mek\u00e2n tasvirleri ve zihniyet alg\u0131s\u0131yla bir d\u00f6nemi bug\u00fcne aktar\u0131yor. <\/p>\n","protected":false},"excerpt":{"rendered":"<p>\u201cG\u00f6zlerinin \u00f6n\u00fcnde o mai gece ile bu siyah gece kar\u015f\u0131 kar\u015f\u0131ya geldi: Mai ve siyah. Ah! Zavall\u0131 h\u0131rpalanm\u0131\u015f, ezilmi\u015f hayat!.. Mai bir gece ile siyah bir<span class=\"excerpt-hellip\"> [\u2026]<\/span><\/p>\n","protected":false},"featured_media":0,"template":"","meta":{"_monsterinsights_skip_tracking":false,"_monsterinsights_sitenote_active":false,"_monsterinsights_sitenote_note":"","_monsterinsights_sitenote_category":0},"product_brand":[],"product_cat":[12291,12711],"product_tag":[],"class_list":{"0":"post-766370","1":"product","2":"type-product","3":"status-publish","5":"product_cat-edebiyat","6":"product_cat-roman-oyku","7":"pa_cilt-ciltsiz","8":"pa_tur-kitap","9":"pa_yayinevi-inkilap-kitabevi","10":"pa_yazar-halid-ziya-usakligil","12":"first","13":"instock","14":"sale","15":"shipping-taxable","16":"purchasable","17":"product-type-simple"},"_links":{"self":[{"href":"https:\/\/roveyayinevi.com.tr\/index.php\/wp-json\/wp\/v2\/product\/766370","targetHints":{"allow":["GET"]}}],"collection":[{"href":"https:\/\/roveyayinevi.com.tr\/index.php\/wp-json\/wp\/v2\/product"}],"about":[{"href":"https:\/\/roveyayinevi.com.tr\/index.php\/wp-json\/wp\/v2\/types\/product"}],"wp:attachment":[{"href":"https:\/\/roveyayinevi.com.tr\/index.php\/wp-json\/wp\/v2\/media?parent=766370"}],"wp:term":[{"taxonomy":"product_brand","embeddable":true,"href":"https:\/\/roveyayinevi.com.tr\/index.php\/wp-json\/wp\/v2\/product_brand?post=766370"},{"taxonomy":"product_cat","embeddable":true,"href":"https:\/\/roveyayinevi.com.tr\/index.php\/wp-json\/wp\/v2\/product_cat?post=766370"},{"taxonomy":"product_tag","embeddable":true,"href":"https:\/\/roveyayinevi.com.tr\/index.php\/wp-json\/wp\/v2\/product_tag?post=766370"}],"curies":[{"name":"wp","href":"https:\/\/api.w.org\/{rel}","templated":true}]}}