{"id":766367,"date":"2025-08-28T12:11:18","date_gmt":"2025-08-28T09:11:18","guid":{"rendered":"https:\/\/roveyayinevi.com.tr\/index.php\/urun\/rus-edebiyati\/"},"modified":"2026-04-15T03:32:12","modified_gmt":"2026-04-15T00:32:12","slug":"rus-edebiyati","status":"publish","type":"product","link":"https:\/\/roveyayinevi.com.tr\/index.php\/urun\/rus-edebiyati\/","title":{"rendered":"Rus Edebiyat\u0131"},"content":{"rendered":"<p>Andrew Baruch Wachtel ve Ilya Vinitsky\u2019nin imzas\u0131n\u0131 ta\u015f\u0131yan bu etkileyici eser, okurlara Rus k\u00fclt\u00fcr\u00fc ve edebiyat\u0131n\u0131n tarihsel geli\u015fimini disiplinleraras\u0131 bir bak\u0131\u015f a\u00e7\u0131s\u0131yla sunuyor. Korkun\u00e7 \u0130van\u2019dan B\u00fcy\u00fck Petro\u2019nun reformlar\u0131na, 19. y\u00fczy\u0131l\u0131n alt\u0131n \u00e7a\u011f\u0131ndan Sovyet d\u00f6nemine kadar uzanan bir panoramayla, edebiyat\u0131n toplumsal ve siyasi ba\u011flamlar\u0131n\u0131 derinlemesine inceliyor. Ayr\u0131ca modernizm, avangard hareketler ve sembolizm \u00fczerine yapt\u0131\u011f\u0131 \u00f6zg\u00fcn analizlerle, edebiyat\u0131n bireysel ve ulusal kimlik in\u015fas\u0131ndaki rol\u00fcn\u00fc de g\u00f6zler \u00f6n\u00fcne seriyor. Dostoyevski, Tolstoy, \u00c7ehov gibi kanonik isimlerin yan\u0131nda Vasili Jukovski, Andrey Bely ve Andrey Platonov gibi daha az bilinen, ancak edebiyat d\u00fcnyas\u0131nda b\u00fcy\u00fck \u00f6neme sahip yazarlar\u0131 da kadraj\u0131na alarak Rus edebiyat\u0131n\u0131n d\u00f6n\u00fc\u015f\u00fcm evrelerini b\u00fct\u00fcnc\u00fcl bir perspektifle inceleyen eser, ara\u015ft\u0131rmac\u0131lar ve edebiyat tutkunlar\u0131 i\u00e7in vazge\u00e7ilmez bir ba\u015fvuru kayna\u011f\u0131. <\/p>\n","protected":false},"excerpt":{"rendered":"<p>Andrew Baruch Wachtel ve Ilya Vinitsky\u2019nin imzas\u0131n\u0131 ta\u015f\u0131yan bu etkileyici eser, okurlara Rus k\u00fclt\u00fcr\u00fc ve edebiyat\u0131n\u0131n tarihsel geli\u015fimini disiplinleraras\u0131 bir bak\u0131\u015f a\u00e7\u0131s\u0131yla sunuyor. Korkun\u00e7 \u0130van\u2019dan B\u00fcy\u00fck<span class=\"excerpt-hellip\"> [\u2026]<\/span><\/p>\n","protected":false},"featured_media":0,"template":"","meta":{"_monsterinsights_skip_tracking":false,"_monsterinsights_sitenote_active":false,"_monsterinsights_sitenote_note":"","_monsterinsights_sitenote_category":0},"product_brand":[],"product_cat":[12291,13570],"product_tag":[],"class_list":{"0":"post-766367","1":"product","2":"type-product","3":"status-publish","5":"product_cat-edebiyat","6":"product_cat-rus-edebiyati","7":"pa_cilt-ciltsiz","8":"pa_tur-kitap","9":"pa_yayinevi-vakifbank-kultur-yayinlari","10":"pa_yazar-andrew-baruch-wachtel-ilya-vinitsky","12":"first","13":"instock","14":"sale","15":"shipping-taxable","16":"purchasable","17":"product-type-simple"},"_links":{"self":[{"href":"https:\/\/roveyayinevi.com.tr\/index.php\/wp-json\/wp\/v2\/product\/766367","targetHints":{"allow":["GET"]}}],"collection":[{"href":"https:\/\/roveyayinevi.com.tr\/index.php\/wp-json\/wp\/v2\/product"}],"about":[{"href":"https:\/\/roveyayinevi.com.tr\/index.php\/wp-json\/wp\/v2\/types\/product"}],"wp:attachment":[{"href":"https:\/\/roveyayinevi.com.tr\/index.php\/wp-json\/wp\/v2\/media?parent=766367"}],"wp:term":[{"taxonomy":"product_brand","embeddable":true,"href":"https:\/\/roveyayinevi.com.tr\/index.php\/wp-json\/wp\/v2\/product_brand?post=766367"},{"taxonomy":"product_cat","embeddable":true,"href":"https:\/\/roveyayinevi.com.tr\/index.php\/wp-json\/wp\/v2\/product_cat?post=766367"},{"taxonomy":"product_tag","embeddable":true,"href":"https:\/\/roveyayinevi.com.tr\/index.php\/wp-json\/wp\/v2\/product_tag?post=766367"}],"curies":[{"name":"wp","href":"https:\/\/api.w.org\/{rel}","templated":true}]}}