{"id":766366,"date":"2025-08-28T12:11:16","date_gmt":"2025-08-28T09:11:16","guid":{"rendered":"https:\/\/roveyayinevi.com.tr\/index.php\/urun\/fransiz-edebiyati\/"},"modified":"2026-04-15T03:32:12","modified_gmt":"2026-04-15T00:32:12","slug":"fransiz-edebiyati","status":"publish","type":"product","link":"https:\/\/roveyayinevi.com.tr\/index.php\/urun\/fransiz-edebiyati\/","title":{"rendered":"Frans\u0131z Edebiyat\u0131"},"content":{"rendered":"<p>Frans\u0131z edebiyat\u0131, Avrupa k\u00fclt\u00fcr\u00fc \u00fczerinde her zaman belirleyici bir etkiye sahip olmu\u015ftur. Frans\u0131z Edebiyat\u0131: K\u00fclt\u00fcrel Bir Tarih adl\u0131 bu \u00e7al\u0131\u015fma, edebiyat\u0131n yaln\u0131zca bir sanat dal\u0131 olmad\u0131\u011f\u0131n\u0131, ayn\u0131 zamanda toplumsal devrimler ve k\u00fclt\u00fcrel kimlik in\u015fas\u0131nda \u00f6nemli bir rol oynad\u0131\u011f\u0131n\u0131 g\u00f6zler \u00f6n\u00fcne seriyor. Alison Finch\u2019in ayr\u0131nt\u0131l\u0131 analizleri ve a\u00e7\u0131klay\u0131c\u0131 anlat\u0131m\u0131, okuyucuyu Montaigne\u2019in denemelerinden Sartre\u2019\u0131n varolu\u015f\u00e7ulu\u011funa, Rimbaud\u2019nun \u015fiirlerinden Beauvoir\u2019\u0131n feminizmine kadar geni\u015f bir edebi yelpazede unutulmaz bir yolculu\u011fa \u00e7\u0131kar\u0131yor. Sadece edebiyat severler i\u00e7in de\u011fil, Frans\u0131z k\u00fclt\u00fcr\u00fcn\u00fc anlamak isteyen herkes i\u00e7in vazge\u00e7ilmez bir rehber niteli\u011finde olan bu kitap, Vak\u0131fBank K\u00fclt\u00fcr Yay\u0131nlar\u0131 etiketiyle okurlar\u0131n\u0131 bekliyor. \u201cAlison Finch\u2019in ustal\u0131kla kaleme al\u0131nm\u0131\u015f bu kitab\u0131, Frans\u0131z edebiyat\u0131n\u0131n k\u00fclt\u00fcrel boyutunu tam anlam\u0131yla g\u00f6zler \u00f6n\u00fcne seriyor. Ayn\u0131 zamanda edeb\u00ee \u00e7al\u0131\u015fmalar\u0131n g\u00fcndeminin nas\u0131l de\u011fi\u015fti\u011fini g\u00f6sterirken, Frans\u0131z edebiyat\u0131n\u0131n b\u00fcy\u00fck kanonik metinlerine yeni ve heyecan verici \u015fekillerde nas\u0131l yakla\u015fabilece\u011fimizi de ortaya koyuyor. Kitap, a\u00e7\u0131k anlat\u0131m\u0131, zekice analizleri ve kolay okunabilirli\u011fi nedeniyle takdiri hak ediyor.\u201d                                               Tim Unwin, Bristol \u00dcniversitesi <\/p>\n","protected":false},"excerpt":{"rendered":"<p>Frans\u0131z edebiyat\u0131, Avrupa k\u00fclt\u00fcr\u00fc \u00fczerinde her zaman belirleyici bir etkiye sahip olmu\u015ftur. Frans\u0131z Edebiyat\u0131: K\u00fclt\u00fcrel Bir Tarih adl\u0131 bu \u00e7al\u0131\u015fma, edebiyat\u0131n yaln\u0131zca bir sanat dal\u0131 olmad\u0131\u011f\u0131n\u0131,<span class=\"excerpt-hellip\"> [\u2026]<\/span><\/p>\n","protected":false},"featured_media":0,"template":"","meta":{"_monsterinsights_skip_tracking":false,"_monsterinsights_sitenote_active":false,"_monsterinsights_sitenote_note":"","_monsterinsights_sitenote_category":0},"product_brand":[],"product_cat":[12291,13376],"product_tag":[],"class_list":{"0":"post-766366","1":"product","2":"type-product","3":"status-publish","5":"product_cat-edebiyat","6":"product_cat-fransiz-edebiyati","7":"pa_cilt-ciltsiz","8":"pa_tur-kitap","9":"pa_yayinevi-vakifbank-kultur-yayinlari","10":"pa_yazar-alison-finch","12":"first","13":"instock","14":"sale","15":"shipping-taxable","16":"purchasable","17":"product-type-simple"},"_links":{"self":[{"href":"https:\/\/roveyayinevi.com.tr\/index.php\/wp-json\/wp\/v2\/product\/766366","targetHints":{"allow":["GET"]}}],"collection":[{"href":"https:\/\/roveyayinevi.com.tr\/index.php\/wp-json\/wp\/v2\/product"}],"about":[{"href":"https:\/\/roveyayinevi.com.tr\/index.php\/wp-json\/wp\/v2\/types\/product"}],"wp:attachment":[{"href":"https:\/\/roveyayinevi.com.tr\/index.php\/wp-json\/wp\/v2\/media?parent=766366"}],"wp:term":[{"taxonomy":"product_brand","embeddable":true,"href":"https:\/\/roveyayinevi.com.tr\/index.php\/wp-json\/wp\/v2\/product_brand?post=766366"},{"taxonomy":"product_cat","embeddable":true,"href":"https:\/\/roveyayinevi.com.tr\/index.php\/wp-json\/wp\/v2\/product_cat?post=766366"},{"taxonomy":"product_tag","embeddable":true,"href":"https:\/\/roveyayinevi.com.tr\/index.php\/wp-json\/wp\/v2\/product_tag?post=766366"}],"curies":[{"name":"wp","href":"https:\/\/api.w.org\/{rel}","templated":true}]}}